{"id":639,"date":"2026-03-23T11:34:21","date_gmt":"2026-03-23T11:34:21","guid":{"rendered":"https:\/\/pantaicostabrava.com\/?page_id=639"},"modified":"2026-04-09T08:26:09","modified_gmt":"2026-04-09T08:26:09","slug":"wingfoil","status":"publish","type":"page","link":"https:\/\/pantaicostabrava.com\/fr\/wingfoil\/","title":{"rendered":"Wingfoil"},"content":{"rendered":"<div class=\"wp-block-media-text alignfull foil-hero has-color-1-color has-color-3-background-color has-text-color has-background has-link-color wp-elements-9ac83f622f238d2291e594897793a85b\" style=\"grid-template-columns:29% auto\"><figure class=\"wp-block-media-text__media\"><img loading=\"lazy\" decoding=\"async\" width=\"768\" height=\"1024\" src=\"https:\/\/pantaicostabrava.com\/wp-content\/uploads\/2026\/03\/43E43A1D-7AD1-4020-BDD7-79F64C274130-768x1024.jpg\" alt=\"cours de wing foil \u00e0 Pantai Costa Brava, Begur Pals Eli Melero\" class=\"wp-image-667 size-large\" srcset=\"https:\/\/pantaicostabrava.com\/wp-content\/uploads\/2026\/03\/43E43A1D-7AD1-4020-BDD7-79F64C274130-768x1024.jpg 768w, https:\/\/pantaicostabrava.com\/wp-content\/uploads\/2026\/03\/43E43A1D-7AD1-4020-BDD7-79F64C274130-225x300.jpg 225w, https:\/\/pantaicostabrava.com\/wp-content\/uploads\/2026\/03\/43E43A1D-7AD1-4020-BDD7-79F64C274130-1152x1536.jpg 1152w, https:\/\/pantaicostabrava.com\/wp-content\/uploads\/2026\/03\/43E43A1D-7AD1-4020-BDD7-79F64C274130-9x12.jpg 9w, https:\/\/pantaicostabrava.com\/wp-content\/uploads\/2026\/03\/43E43A1D-7AD1-4020-BDD7-79F64C274130.jpg 1536w\" sizes=\"auto, (max-width: 768px) 100vw, 768px\" \/><\/figure><div class=\"wp-block-media-text__content\">\n<h1 class=\"wp-block-heading has-text-align-center\">Cours de wingfoil en Costa Brava<\/h1>\n\n\n\n<p class=\"has-text-align-left hide-mobile\">De votre premi\u00e8re balade \u00e0 vos premiers vols. S\u00fbr, amusant et adapt\u00e9 \u00e0 votre niveau.<\/p>\n\n\n\n<div style=\"height:15px\" aria-hidden=\"true\" class=\"wp-block-spacer\"><\/div>\n\n\n\n<div class=\"wp-block-buttons wa-wingfoil is-content-justification-center is-layout-flex wp-container-core-buttons-is-layout-a89b3969 wp-block-buttons-is-layout-flex\">\n<div class=\"wp-block-button\"><a class=\"wp-block-button__link wp-element-button\">R\u00e9servez votre cours de wingfoil<\/a><\/div>\n<\/div>\n<\/div><\/div>\n\n\n\n<div style=\"height:13px\" aria-hidden=\"true\" class=\"wp-block-spacer\"><\/div>\n\n\n\n<h3 class=\"wp-block-heading has-text-align-center\">Une exp\u00e9rience unique sur l'eau<\/h3>\n\n\n\n<p class=\"has-text-align-center\">Le wingfoil n'est pas qu'un autre sport nautique. C'est ce qui se rapproche le plus de voler au-dessus de la mer.<br><br>Fluide, silencieux et incroyablement addictif, il vous procure une sensation unique d\u00e8s les premi\u00e8res sorties.<br><br>Une fois que vous commencez, vous ne voudrez plus vous arr\u00eater.<\/p>\n\n\n\n<hr class=\"wp-block-separator has-alpha-channel-opacity\"\/>\n\n\n\n<div class=\"wp-block-columns alignwide is-layout-flex wp-container-core-columns-is-layout-28f84493 wp-block-columns-is-layout-flex\">\n<div class=\"wp-block-column is-vertically-aligned-center is-layout-flow wp-block-column-is-layout-flow\">\n<h2 class=\"wp-block-heading\">Pourquoi le wingfoil ?<\/h2>\n<\/div>\n\n\n\n<div class=\"wp-block-column is-layout-flow wp-block-column-is-layout-flow\">\n<ul class=\"wp-block-list\">\n<li>Apprenez \u00e0 faire du v\u00e9lo avec le vent <\/li>\n\n\n\n<li>Progressez \u00e0 votre rythme<\/li>\n\n\n\n<li>Aucune exp\u00e9rience requise<\/li>\n\n\n\n<li>L'un des sports nautiques les plus excitants d'aujourd'hui<\/li>\n<\/ul>\n<\/div>\n<\/div>\n\n\n\n<div class=\"wp-block-group has-light-color has-color-2-background-color has-text-color has-background has-link-color wp-elements-f12c1a686b8131cb1611ce14d2c7f41e has-global-padding is-layout-constrained wp-block-group-is-layout-constrained\">\n<div class=\"wp-block-columns alignfull is-layout-flex wp-container-core-columns-is-layout-28f84493 wp-block-columns-is-layout-flex\">\n<div class=\"wp-block-column is-layout-flow wp-block-column-is-layout-flow\">\n<div style=\"height:23px\" aria-hidden=\"true\" class=\"wp-block-spacer\"><\/div>\n\n\n\n<h2 class=\"wp-block-heading\">comment fonctionnent les le\u00e7ons<\/h2>\n\n\n\n<ul class=\"wp-block-list\">\n<li>Contr\u00f4le de l'aile sur la plage<\/li>\n\n\n\n<li>Cours particuliers (1 ou 2 personnes max.)<\/li>\n\n\n\n<li>Concentrez-vous sur l'\u00e9quilibre et les directions<\/li>\n\n\n\n<li>Change de position aussi<\/li>\n\n\n\n<li>\u00c9quipement de foil stable et adapt\u00e9 aux d\u00e9butants<\/li>\n\n\n\n<li>Bateau de s\u00e9curit\u00e9 \u00e0 tout moment<\/li>\n\n\n\n<li>Balade confortable et \u00e0 plat au vent en bateau<\/li>\n\n\n\n<li>Des vues magnifiques pendant les cours<\/li>\n<\/ul>\n<\/div>\n\n\n\n<div class=\"wp-block-column is-layout-flow wp-block-column-is-layout-flow\">\n<div style=\"height:23px\" aria-hidden=\"true\" class=\"wp-block-spacer\"><\/div>\n\n\n\n<h2 class=\"wp-block-heading\">CONDITIONS ET \u00c9QUIPEMENT<\/h2>\n\n\n\n<p>Nous avons l'un des endroits les plus plats et venteux de la Costa Brava, \u00e0 l'abri des vagues par le Cap de Begur, dans un vent de Garb\u00ed (vent thermique du sud-ouest). Cela rend le processus d'apprentissage plus facile et plus s\u00fbr.<br><br>Les \u00e9l\u00e8ves utilisent de grandes planches stables, des foils lents et tol\u00e9rants, ainsi que des ailes de diff\u00e9rentes tailles, ce qui leur permet de se concentrer sur l'\u00e9quilibre et le contr\u00f4le d\u00e8s la premi\u00e8re s\u00e9ance.<\/p>\n<\/div>\n<\/div>\n\n\n\n<div style=\"height:28px\" aria-hidden=\"true\" class=\"wp-block-spacer\"><\/div>\n<\/div>\n\n\n\n<h2 class=\"wp-block-heading\">PRIX<\/h2>\n\n\n\n<div class=\"wp-block-columns alignwide are-vertically-aligned-center is-layout-flex wp-container-core-columns-is-layout-28f84493 wp-block-columns-is-layout-flex\">\n<div class=\"wp-block-column is-vertically-aligned-center is-layout-flow wp-block-column-is-layout-flow\">\n<p class=\"has-text-align-center\">1 personne<br>1\u00a0s\u00e9ance (1\u00a0h 30)\u00a0: 130\u00a0\u20ac<br>3\u00a0s\u00e9ances\u00a0: 360\u20ac<br>6 s\u00e9ances\u00a0: 660\u00a0\u20ac<\/p>\n<\/div>\n\n\n\n<div class=\"wp-block-column is-vertically-aligned-center is-layout-flow wp-block-column-is-layout-flow\">\n<p class=\"has-text-align-center\">2 personnes<br>1 s\u00e9ance (1h30) : 100 \u20ac par personne<br>3\u00a0s\u00e9ances\u00a0: 270\u00a0\u20ac\u00a0par personne<br>6 s\u00e9ances : 490\u20ac par personne<\/p>\n<\/div>\n<\/div>\n\n\n\n<p class=\"has-text-align-center\">Pour les sessions \u00e0 deux personnes, les participants doivent venir ensemble et chacun aura son \u00e9quipement. <br>Apprendre ensemble est plus amusant et motivant !<\/p>\n\n\n\n<p class=\"has-text-align-center\"><strong>Nous ne donnons pas de cours \u00e0 plus de 2 personnes afin de garantir une qualit\u00e9 d'encadrement et une s\u00e9curit\u00e9 optimales.<\/strong><\/p>\n\n\n\n<hr class=\"wp-block-separator has-alpha-channel-opacity\"\/>\n\n\n\n<div class=\"wp-block-group alignfull hostinger-ai-gallery-3 hostinger-ai-fade-up is-layout-flow wp-block-group-is-layout-flow\" data-aos=\"fade-up\">\n<div class=\"wp-block-group alignwide hostinger-ai-fade-up is-layout-flow wp-block-group-is-layout-flow\" data-aos=\"fade-up\" style=\"padding-top:var(--wp--preset--spacing--60);padding-bottom:var(--wp--preset--spacing--60)\">\n<h2 class=\"wp-block-heading has-text-align-center hostinger-ai-title has-dark-color has-text-color has-link-color has-x-large-font-size wp-elements-012e5a02bb293c8cb11e1544bd7c6b19\" style=\"margin-top:0;margin-right:0;margin-bottom:var(--wp--preset--spacing--20);margin-left:0\">Galerie<\/h2>\n\n\n\n<figure class=\"wp-block-gallery has-nested-images columns-default is-cropped wp-block-gallery-1 is-layout-flex wp-block-gallery-is-layout-flex\">\n<figure data-wp-context=\"{&quot;imageId&quot;:&quot;69e01a0b077e0&quot;}\" data-wp-interactive=\"core\/image\" data-wp-key=\"69e01a0b077e0\" class=\"wp-block-image size-full wp-lightbox-container\"><img loading=\"lazy\" decoding=\"async\" width=\"360\" height=\"480\" data-wp-class--hide=\"state.isContentHidden\" data-wp-class--show=\"state.isContentVisible\" data-wp-init=\"callbacks.setButtonStyles\" data-wp-on--click=\"actions.showLightbox\" data-wp-on--load=\"callbacks.setButtonStyles\" data-wp-on-window--resize=\"callbacks.setButtonStyles\" data-id=\"586\" src=\"https:\/\/pantaicostabrava.com\/wp-content\/uploads\/2026\/03\/68D851C4-EDB3-4943-9C28-444FB30B209C_4_5005_c.jpeg\" alt=\"Cours de wingfoil \u00e0 Pantai Costa Brava. Begur Pals\" class=\"wp-image-586\" srcset=\"https:\/\/pantaicostabrava.com\/wp-content\/uploads\/2026\/03\/68D851C4-EDB3-4943-9C28-444FB30B209C_4_5005_c.jpeg 360w, https:\/\/pantaicostabrava.com\/wp-content\/uploads\/2026\/03\/68D851C4-EDB3-4943-9C28-444FB30B209C_4_5005_c-225x300.jpeg 225w, https:\/\/pantaicostabrava.com\/wp-content\/uploads\/2026\/03\/68D851C4-EDB3-4943-9C28-444FB30B209C_4_5005_c-9x12.jpeg 9w\" sizes=\"auto, (max-width: 360px) 100vw, 360px\" \/><button\n\t\t\tclass=\"lightbox-trigger\"\n\t\t\ttype=\"button\"\n\t\t\taria-haspopup=\"dialog\"\n\t\t\taria-label=\"Agrandir\"\n\t\t\tdata-wp-init=\"callbacks.initTriggerButton\"\n\t\t\tdata-wp-on--click=\"actions.showLightbox\"\n\t\t\tdata-wp-style--right=\"state.imageButtonRight\"\n\t\t\tdata-wp-style--top=\"state.imageButtonTop\"\n\t\t>\n\t\t\t<svg xmlns=\"http:\/\/www.w3.org\/2000\/svg\" width=\"12\" height=\"12\" fill=\"none\" viewbox=\"0 0 12 12\">\n\t\t\t\t<path fill=\"#fff\" d=\"M2 0a2 2 0 0 0-2 2v2h1.5V2a.5.5 0 0 1 .5-.5h2V0H2Zm2 10.5H2a.5.5 0 0 1-.5-.5V8H0v2a2 2 0 0 0 2 2h2v-1.5ZM8 12v-1.5h2a.5.5 0 0 0 .5-.5V8H12v2a2 2 0 0 1-2 2H8Zm2-12a2 2 0 0 1 2 2v2h-1.5V2a.5.5 0 0 0-.5-.5H8V0h2Z\" \/>\n\t\t\t<\/svg>\n\t\t<\/button><\/figure>\n\n\n\n<figure data-wp-context=\"{&quot;imageId&quot;:&quot;69e01a0b07b60&quot;}\" data-wp-interactive=\"core\/image\" data-wp-key=\"69e01a0b07b60\" class=\"wp-block-image size-full wp-lightbox-container\"><img loading=\"lazy\" decoding=\"async\" width=\"1707\" height=\"2560\" data-wp-class--hide=\"state.isContentHidden\" data-wp-class--show=\"state.isContentVisible\" data-wp-init=\"callbacks.setButtonStyles\" data-wp-on--click=\"actions.showLightbox\" data-wp-on--load=\"callbacks.setButtonStyles\" data-wp-on-window--resize=\"callbacks.setButtonStyles\" data-id=\"566\" src=\"https:\/\/pantaicostabrava.com\/wp-content\/uploads\/2026\/03\/IMG_6653-scaled.jpg\" alt=\"cours de wingfoil sur la plage de Costa Brava \u00e0 Begur\" class=\"wp-image-566\" srcset=\"https:\/\/pantaicostabrava.com\/wp-content\/uploads\/2026\/03\/IMG_6653-scaled.jpg 1707w, https:\/\/pantaicostabrava.com\/wp-content\/uploads\/2026\/03\/IMG_6653-200x300.jpg 200w, https:\/\/pantaicostabrava.com\/wp-content\/uploads\/2026\/03\/IMG_6653-683x1024.jpg 683w, https:\/\/pantaicostabrava.com\/wp-content\/uploads\/2026\/03\/IMG_6653-768x1152.jpg 768w, https:\/\/pantaicostabrava.com\/wp-content\/uploads\/2026\/03\/IMG_6653-1024x1536.jpg 1024w, https:\/\/pantaicostabrava.com\/wp-content\/uploads\/2026\/03\/IMG_6653-1365x2048.jpg 1365w, https:\/\/pantaicostabrava.com\/wp-content\/uploads\/2026\/03\/IMG_6653-8x12.jpg 8w\" sizes=\"auto, (max-width: 1707px) 100vw, 1707px\" \/><button\n\t\t\tclass=\"lightbox-trigger\"\n\t\t\ttype=\"button\"\n\t\t\taria-haspopup=\"dialog\"\n\t\t\taria-label=\"Agrandir\"\n\t\t\tdata-wp-init=\"callbacks.initTriggerButton\"\n\t\t\tdata-wp-on--click=\"actions.showLightbox\"\n\t\t\tdata-wp-style--right=\"state.imageButtonRight\"\n\t\t\tdata-wp-style--top=\"state.imageButtonTop\"\n\t\t>\n\t\t\t<svg xmlns=\"http:\/\/www.w3.org\/2000\/svg\" width=\"12\" height=\"12\" fill=\"none\" viewbox=\"0 0 12 12\">\n\t\t\t\t<path fill=\"#fff\" d=\"M2 0a2 2 0 0 0-2 2v2h1.5V2a.5.5 0 0 1 .5-.5h2V0H2Zm2 10.5H2a.5.5 0 0 1-.5-.5V8H0v2a2 2 0 0 0 2 2h2v-1.5ZM8 12v-1.5h2a.5.5 0 0 0 .5-.5V8H12v2a2 2 0 0 1-2 2H8Zm2-12a2 2 0 0 1 2 2v2h-1.5V2a.5.5 0 0 0-.5-.5H8V0h2Z\" \/>\n\t\t\t<\/svg>\n\t\t<\/button><\/figure>\n\n\n\n<figure data-wp-context=\"{&quot;imageId&quot;:&quot;69e01a0b07e0e&quot;}\" data-wp-interactive=\"core\/image\" data-wp-key=\"69e01a0b07e0e\" class=\"wp-block-image size-full wp-lightbox-container\"><img loading=\"lazy\" decoding=\"async\" width=\"1536\" height=\"2048\" data-wp-class--hide=\"state.isContentHidden\" data-wp-class--show=\"state.isContentVisible\" data-wp-init=\"callbacks.setButtonStyles\" data-wp-on--click=\"actions.showLightbox\" data-wp-on--load=\"callbacks.setButtonStyles\" data-wp-on-window--resize=\"callbacks.setButtonStyles\" data-id=\"652\" src=\"https:\/\/pantaicostabrava.com\/wp-content\/uploads\/2026\/03\/BE39C7FB-4035-4D51-B675-AC67A1864FAF.jpg\" alt=\"Cours de wingfoil \u00e0 Pantai Costa Brava, Begur Pals.\" class=\"wp-image-652\" srcset=\"https:\/\/pantaicostabrava.com\/wp-content\/uploads\/2026\/03\/BE39C7FB-4035-4D51-B675-AC67A1864FAF.jpg 1536w, https:\/\/pantaicostabrava.com\/wp-content\/uploads\/2026\/03\/BE39C7FB-4035-4D51-B675-AC67A1864FAF-225x300.jpg 225w, https:\/\/pantaicostabrava.com\/wp-content\/uploads\/2026\/03\/BE39C7FB-4035-4D51-B675-AC67A1864FAF-768x1024.jpg 768w, https:\/\/pantaicostabrava.com\/wp-content\/uploads\/2026\/03\/BE39C7FB-4035-4D51-B675-AC67A1864FAF-1152x1536.jpg 1152w, https:\/\/pantaicostabrava.com\/wp-content\/uploads\/2026\/03\/BE39C7FB-4035-4D51-B675-AC67A1864FAF-9x12.jpg 9w\" sizes=\"auto, (max-width: 1536px) 100vw, 1536px\" \/><button\n\t\t\tclass=\"lightbox-trigger\"\n\t\t\ttype=\"button\"\n\t\t\taria-haspopup=\"dialog\"\n\t\t\taria-label=\"Agrandir\"\n\t\t\tdata-wp-init=\"callbacks.initTriggerButton\"\n\t\t\tdata-wp-on--click=\"actions.showLightbox\"\n\t\t\tdata-wp-style--right=\"state.imageButtonRight\"\n\t\t\tdata-wp-style--top=\"state.imageButtonTop\"\n\t\t>\n\t\t\t<svg xmlns=\"http:\/\/www.w3.org\/2000\/svg\" width=\"12\" height=\"12\" fill=\"none\" viewbox=\"0 0 12 12\">\n\t\t\t\t<path fill=\"#fff\" d=\"M2 0a2 2 0 0 0-2 2v2h1.5V2a.5.5 0 0 1 .5-.5h2V0H2Zm2 10.5H2a.5.5 0 0 1-.5-.5V8H0v2a2 2 0 0 0 2 2h2v-1.5ZM8 12v-1.5h2a.5.5 0 0 0 .5-.5V8H12v2a2 2 0 0 1-2 2H8Zm2-12a2 2 0 0 1 2 2v2h-1.5V2a.5.5 0 0 0-.5-.5H8V0h2Z\" \/>\n\t\t\t<\/svg>\n\t\t<\/button><\/figure>\n\n\n\n<figure data-wp-context=\"{&quot;imageId&quot;:&quot;69e01a0b080bd&quot;}\" data-wp-interactive=\"core\/image\" data-wp-key=\"69e01a0b080bd\" class=\"wp-block-image size-full wp-lightbox-container\"><img loading=\"lazy\" decoding=\"async\" width=\"1536\" height=\"2048\" data-wp-class--hide=\"state.isContentHidden\" data-wp-class--show=\"state.isContentVisible\" data-wp-init=\"callbacks.setButtonStyles\" data-wp-on--click=\"actions.showLightbox\" data-wp-on--load=\"callbacks.setButtonStyles\" data-wp-on-window--resize=\"callbacks.setButtonStyles\" data-id=\"650\" src=\"https:\/\/pantaicostabrava.com\/wp-content\/uploads\/2026\/03\/F8FECC91-5E16-4E69-BDC7-D162CE82DCEF.jpg\" alt=\"Cours de wing foil \u00e0 Begur Pals, plage de la Costa Brava\" class=\"wp-image-650\" srcset=\"https:\/\/pantaicostabrava.com\/wp-content\/uploads\/2026\/03\/F8FECC91-5E16-4E69-BDC7-D162CE82DCEF.jpg 1536w, https:\/\/pantaicostabrava.com\/wp-content\/uploads\/2026\/03\/F8FECC91-5E16-4E69-BDC7-D162CE82DCEF-225x300.jpg 225w, https:\/\/pantaicostabrava.com\/wp-content\/uploads\/2026\/03\/F8FECC91-5E16-4E69-BDC7-D162CE82DCEF-768x1024.jpg 768w, https:\/\/pantaicostabrava.com\/wp-content\/uploads\/2026\/03\/F8FECC91-5E16-4E69-BDC7-D162CE82DCEF-1152x1536.jpg 1152w, https:\/\/pantaicostabrava.com\/wp-content\/uploads\/2026\/03\/F8FECC91-5E16-4E69-BDC7-D162CE82DCEF-9x12.jpg 9w\" sizes=\"auto, (max-width: 1536px) 100vw, 1536px\" \/><button\n\t\t\tclass=\"lightbox-trigger\"\n\t\t\ttype=\"button\"\n\t\t\taria-haspopup=\"dialog\"\n\t\t\taria-label=\"Agrandir\"\n\t\t\tdata-wp-init=\"callbacks.initTriggerButton\"\n\t\t\tdata-wp-on--click=\"actions.showLightbox\"\n\t\t\tdata-wp-style--right=\"state.imageButtonRight\"\n\t\t\tdata-wp-style--top=\"state.imageButtonTop\"\n\t\t>\n\t\t\t<svg xmlns=\"http:\/\/www.w3.org\/2000\/svg\" width=\"12\" height=\"12\" fill=\"none\" viewbox=\"0 0 12 12\">\n\t\t\t\t<path fill=\"#fff\" d=\"M2 0a2 2 0 0 0-2 2v2h1.5V2a.5.5 0 0 1 .5-.5h2V0H2Zm2 10.5H2a.5.5 0 0 1-.5-.5V8H0v2a2 2 0 0 0 2 2h2v-1.5ZM8 12v-1.5h2a.5.5 0 0 0 .5-.5V8H12v2a2 2 0 0 1-2 2H8Zm2-12a2 2 0 0 1 2 2v2h-1.5V2a.5.5 0 0 0-.5-.5H8V0h2Z\" \/>\n\t\t\t<\/svg>\n\t\t<\/button><\/figure>\n\n\n\n<figure data-wp-context=\"{&quot;imageId&quot;:&quot;69e01a0b0834e&quot;}\" data-wp-interactive=\"core\/image\" data-wp-key=\"69e01a0b0834e\" class=\"wp-block-image size-large wp-lightbox-container\"><img loading=\"lazy\" decoding=\"async\" width=\"768\" height=\"1024\" data-wp-class--hide=\"state.isContentHidden\" data-wp-class--show=\"state.isContentVisible\" data-wp-init=\"callbacks.setButtonStyles\" data-wp-on--click=\"actions.showLightbox\" data-wp-on--load=\"callbacks.setButtonStyles\" data-wp-on-window--resize=\"callbacks.setButtonStyles\" data-id=\"653\" src=\"https:\/\/pantaicostabrava.com\/wp-content\/uploads\/2026\/03\/7E57D8BC-BB7B-4378-BF7B-B91A7F36AF01-768x1024.jpg\" alt=\"cours wingfoil begur pantai costabrava pals\" class=\"wp-image-653\" srcset=\"https:\/\/pantaicostabrava.com\/wp-content\/uploads\/2026\/03\/7E57D8BC-BB7B-4378-BF7B-B91A7F36AF01-768x1024.jpg 768w, https:\/\/pantaicostabrava.com\/wp-content\/uploads\/2026\/03\/7E57D8BC-BB7B-4378-BF7B-B91A7F36AF01-225x300.jpg 225w, https:\/\/pantaicostabrava.com\/wp-content\/uploads\/2026\/03\/7E57D8BC-BB7B-4378-BF7B-B91A7F36AF01-1152x1536.jpg 1152w, https:\/\/pantaicostabrava.com\/wp-content\/uploads\/2026\/03\/7E57D8BC-BB7B-4378-BF7B-B91A7F36AF01-9x12.jpg 9w, https:\/\/pantaicostabrava.com\/wp-content\/uploads\/2026\/03\/7E57D8BC-BB7B-4378-BF7B-B91A7F36AF01.jpg 1536w\" sizes=\"auto, (max-width: 768px) 100vw, 768px\" \/><button\n\t\t\tclass=\"lightbox-trigger\"\n\t\t\ttype=\"button\"\n\t\t\taria-haspopup=\"dialog\"\n\t\t\taria-label=\"Agrandir\"\n\t\t\tdata-wp-init=\"callbacks.initTriggerButton\"\n\t\t\tdata-wp-on--click=\"actions.showLightbox\"\n\t\t\tdata-wp-style--right=\"state.imageButtonRight\"\n\t\t\tdata-wp-style--top=\"state.imageButtonTop\"\n\t\t>\n\t\t\t<svg xmlns=\"http:\/\/www.w3.org\/2000\/svg\" width=\"12\" height=\"12\" fill=\"none\" viewbox=\"0 0 12 12\">\n\t\t\t\t<path fill=\"#fff\" d=\"M2 0a2 2 0 0 0-2 2v2h1.5V2a.5.5 0 0 1 .5-.5h2V0H2Zm2 10.5H2a.5.5 0 0 1-.5-.5V8H0v2a2 2 0 0 0 2 2h2v-1.5ZM8 12v-1.5h2a.5.5 0 0 0 .5-.5V8H12v2a2 2 0 0 1-2 2H8Zm2-12a2 2 0 0 1 2 2v2h-1.5V2a.5.5 0 0 0-.5-.5H8V0h2Z\" \/>\n\t\t\t<\/svg>\n\t\t<\/button><\/figure>\n<\/figure>\n<\/div>\n<\/div>\n\n\n\n<div class=\"wp-block-group has-light-color has-color-2-background-color has-text-color has-background has-link-color wp-elements-6e697af08cc8c2473a896714050ef9b2 has-global-padding is-layout-constrained wp-block-group-is-layout-constrained\">\n<div class=\"wp-block-columns is-layout-flex wp-container-core-columns-is-layout-28f84493 wp-block-columns-is-layout-flex\">\n<div class=\"wp-block-column is-layout-flow wp-block-column-is-layout-flow\">\n<div style=\"height:23px\" aria-hidden=\"true\" class=\"wp-block-spacer\"><\/div>\n\n\n\n<h2 class=\"wp-block-heading\">POURQUOI AVEC NOUS ?<\/h2>\n\n\n\n<ul class=\"wp-block-list\">\n<li>Emplacement parfait \u00e0 Begur<\/li>\n\n\n\n<li>Conditions de vent id\u00e9ales<\/li>\n\n\n\n<li>Bateau de s\u00e9curit\u00e9<\/li>\n\n\n\n<li>Cours particuliers uniquement<\/li>\n\n\n\n<li>\u00c9quipement facile pour d\u00e9butants<\/li>\n\n\n\n<li>Instructeurs exp\u00e9riment\u00e9s<\/li>\n<\/ul>\n<\/div>\n\n\n\n<div class=\"wp-block-column is-layout-flow wp-block-column-is-layout-flow\">\n<div style=\"height:23px\" aria-hidden=\"true\" class=\"wp-block-spacer\"><\/div>\n\n\n\n<figure class=\"wp-block-image aligncenter size-large is-resized\"><img loading=\"lazy\" decoding=\"async\" width=\"768\" height=\"1024\" src=\"https:\/\/pantaicostabrava.com\/wp-content\/uploads\/2026\/03\/528B6BB6-0FC5-4B92-BB5C-F3CBC045E973-768x1024.jpg\" alt=\"Cours de wing foil \u00e0 Pantai Costa Brava, Begur Pals. Pepe\" class=\"wp-image-646\" style=\"aspect-ratio:0.7500222796542197;object-fit:cover;width:263px;height:auto\" srcset=\"https:\/\/pantaicostabrava.com\/wp-content\/uploads\/2026\/03\/528B6BB6-0FC5-4B92-BB5C-F3CBC045E973-768x1024.jpg 768w, https:\/\/pantaicostabrava.com\/wp-content\/uploads\/2026\/03\/528B6BB6-0FC5-4B92-BB5C-F3CBC045E973-225x300.jpg 225w, https:\/\/pantaicostabrava.com\/wp-content\/uploads\/2026\/03\/528B6BB6-0FC5-4B92-BB5C-F3CBC045E973-1152x1536.jpg 1152w, https:\/\/pantaicostabrava.com\/wp-content\/uploads\/2026\/03\/528B6BB6-0FC5-4B92-BB5C-F3CBC045E973-9x12.jpg 9w, https:\/\/pantaicostabrava.com\/wp-content\/uploads\/2026\/03\/528B6BB6-0FC5-4B92-BB5C-F3CBC045E973.jpg 1536w\" sizes=\"auto, (max-width: 768px) 100vw, 768px\" \/><\/figure>\n<\/div>\n<\/div>\n\n\n\n<div style=\"height:28px\" aria-hidden=\"true\" class=\"wp-block-spacer\"><\/div>\n<\/div>\n\n\n\n<h2 class=\"wp-block-heading has-text-align-center\">Pr\u00eat pour vos premiers vols ?<\/h2>\n\n\n\n<div class=\"wp-block-group has-global-padding is-layout-constrained wp-block-group-is-layout-constrained\">\n<div class=\"wp-block-buttons wa-wingfoil is-content-justification-center is-layout-flex wp-container-core-buttons-is-layout-a89b3969 wp-block-buttons-is-layout-flex\">\n<div class=\"wp-block-button\"><a class=\"wp-block-button__link wp-element-button\">R\u00c9SERVEZ MAINTENANT<\/a><\/div>\n<\/div>\n<\/div>","protected":false},"excerpt":{"rendered":"<p>A Unique Experience on the Water Wingfoiling is not just another water sport. It\u2019s the closest thing to flying over the sea. Smooth, silent and incredibly addictive, it gives you a unique sensation from the very first rides. Once you start, you won\u2019t want to stop. why WINGFOIL? how lessons work CONDITIONS &amp; EQUIPMENT We [&hellip;]<\/p>\n","protected":false},"author":1,"featured_media":0,"parent":0,"menu_order":0,"comment_status":"closed","ping_status":"closed","template":"","meta":{"footnotes":""},"class_list":["post-639","page","type-page","status-publish","hentry"],"_hostinger_reach_plugin_has_subscription_block":false,"_hostinger_reach_plugin_is_elementor":false,"_links":{"self":[{"href":"https:\/\/pantaicostabrava.com\/fr\/wp-json\/wp\/v2\/pages\/639","targetHints":{"allow":["GET"]}}],"collection":[{"href":"https:\/\/pantaicostabrava.com\/fr\/wp-json\/wp\/v2\/pages"}],"about":[{"href":"https:\/\/pantaicostabrava.com\/fr\/wp-json\/wp\/v2\/types\/page"}],"author":[{"embeddable":true,"href":"https:\/\/pantaicostabrava.com\/fr\/wp-json\/wp\/v2\/users\/1"}],"replies":[{"embeddable":true,"href":"https:\/\/pantaicostabrava.com\/fr\/wp-json\/wp\/v2\/comments?post=639"}],"version-history":[{"count":16,"href":"https:\/\/pantaicostabrava.com\/fr\/wp-json\/wp\/v2\/pages\/639\/revisions"}],"predecessor-version":[{"id":761,"href":"https:\/\/pantaicostabrava.com\/fr\/wp-json\/wp\/v2\/pages\/639\/revisions\/761"}],"wp:attachment":[{"href":"https:\/\/pantaicostabrava.com\/fr\/wp-json\/wp\/v2\/media?parent=639"}],"curies":[{"name":"wp","href":"https:\/\/api.w.org\/{rel}","templated":true}]}}