{"id":357,"date":"2026-03-03T08:14:12","date_gmt":"2026-03-03T08:14:12","guid":{"rendered":"https:\/\/pantaicostabrava.com\/?page_id=357"},"modified":"2026-03-05T12:21:49","modified_gmt":"2026-03-05T12:21:49","slug":"kayak-tour","status":"publish","type":"page","link":"https:\/\/pantaicostabrava.com\/fr\/kayak-tour\/","title":{"rendered":"EXCURSION EN KAYAK"},"content":{"rendered":"<div class=\"wp-block-media-text alignwide is-stacked-on-mobile\"><figure class=\"wp-block-media-text__media\"><img loading=\"lazy\" decoding=\"async\" width=\"768\" height=\"1024\" src=\"https:\/\/pantaicostabrava.com\/wp-content\/uploads\/2026\/03\/kayak-768x1024.jpg\" alt=\"Tour en kayak sur la Costa Brava, Begur et la r\u00e9serve marine de Ses Negres\" class=\"wp-image-367 size-full\" srcset=\"https:\/\/pantaicostabrava.com\/wp-content\/uploads\/2026\/03\/kayak-768x1024.jpg 768w, https:\/\/pantaicostabrava.com\/wp-content\/uploads\/2026\/03\/kayak-225x300.jpg 225w, https:\/\/pantaicostabrava.com\/wp-content\/uploads\/2026\/03\/kayak-1152x1536.jpg 1152w, https:\/\/pantaicostabrava.com\/wp-content\/uploads\/2026\/03\/kayak-9x12.jpg 9w, https:\/\/pantaicostabrava.com\/wp-content\/uploads\/2026\/03\/kayak.jpg 1200w\" sizes=\"auto, (max-width: 768px) 100vw, 768px\" \/><\/figure><div class=\"wp-block-media-text__content\">\n<p>Ce n'est pas juste une excursion en kayak.<br>C'est un voyage le long de l'une des plus belles c\u00f4tes de la Costa Brava.<\/p>\n\n\n\n<p>Nous pagayons devant l'embl\u00e9matique <strong>Illa Roja<\/strong> et continuer vers <strong>Sa Riera<\/strong>, explorant les falaises et les recoins cach\u00e9s qui ne sont accessibles que par la mer.<\/p>\n\n\n\n<p>\u00c0 mi-chemin de l'itin\u00e9raire, nous nous arr\u00eatons pour nager et <strong>snorkeling dans la r\u00e9serve marine de Ses Negres<\/strong>, o\u00f9 l'eau est claire et pleine de vie marine.<\/p>\n\n\n\n<p>Une aventure d\u00e9tente \u00e0 la d\u00e9couverte de la Costa Brava par l'eau.<\/p>\n\n\n\n<div class=\"wp-block-buttons wa-kayak-tour is-content-justification-center is-layout-flex wp-container-core-buttons-is-layout-a89b3969 wp-block-buttons-is-layout-flex\">\n<div class=\"wp-block-button\"><a class=\"wp-block-button__link wp-element-button\">R\u00c9SERVEZ VOTRE PLACE<\/a><\/div>\n<\/div>\n<\/div><\/div>\n\n\n\n<div class=\"wp-block-columns alignfull has-light-color has-color-3-background-color has-text-color has-background has-link-color wp-elements-3678feb1cb1613d2c965f32f54a7d7aa is-layout-flex wp-container-core-columns-is-layout-28f84493 wp-block-columns-is-layout-flex\">\n<div class=\"wp-block-column is-layout-flow wp-block-column-is-layout-flow\" style=\"padding-top:var(--wp--preset--spacing--30);padding-bottom:var(--wp--preset--spacing--30)\">\n<h3 class=\"wp-block-heading has-text-align-center\">CE QUI EST INCLUS<\/h3>\n\n\n\n<p class=\"has-text-align-center\">Kayak et pagaies<br>Gilet de sauvetage<br>BRIEF RAPIDE AVANT DE COMMENCER LA SESSION<br>AUCUNE EXP\u00c9RIENCE REQUISE<\/p>\n\n\n\n<p class=\"has-text-align-center\" style=\"margin-top:0;margin-bottom:0\">2 HEURES D'ACTIVIT\u00c9<br>Arr\u00eat tuba<br>BONNES PHOTOS<br><br>40 EUROS PAR PERSONNE<\/p>\n<\/div>\n<\/div>\n\n\n\n<p>Notre <strong>balade guid\u00e9e en kayak<\/strong> suit l'un des plus beaux tron\u00e7ons de la Costa Brava, pagayant le long d'eaux cristallines, de falaises spectaculaires et de recoins cach\u00e9s qui ne sont accessibles qu'en kayak.<\/p>\n\n\n\n<p>Avant de commencer, nous nous retrouvons sur la plage pour un <strong>Bref expos\u00e9 sur le sable<\/strong>, o\u00f9 votre guide expliquera les bases du pagayage, les consignes de s\u00e9curit\u00e9 et l'itin\u00e9raire que nous suivrons.<\/p>\n\n\n\n<p>Aucune exp\u00e9rience pr\u00e9alable en kayak n'est n\u00e9cessaire.<br>Les kayaks sont stables et faciles \u00e0 manier, ce qui rend l'activit\u00e9 accessible aux d\u00e9butants, aux couples et aux familles. Il existe des kayaks individuels ou doubles (jusqu'\u00e0 2 adultes + 2 jeunes enfants).<\/p>\n\n\n\n<p>Une fois sur l'eau, nous pagayerons vers le sud le long de la c\u00f4te en passant devant l'embl\u00e9matique <strong>Illa Roja<\/strong>, continuant vers <strong>Sa Riera<\/strong>, en admirant les vues spectaculaires des falaises et des petites criques le long du chemin.<\/p>\n\n\n\n<p>\u00c0 mi-chemin de l'itin\u00e9raire, nous nous arr\u00eatons pour une baignade et <strong>snorkeling dans la r\u00e9serve marine de Ses Negres<\/strong>, une aire prot\u00e9g\u00e9e connue pour ses eaux claires et sa riche vie marine. Une fois termin\u00e9, nous retournons \u00e0 notre base \u00e0 Platja del Rac\u00f3.<\/p>\n\n\n\n<p>L'exp\u00e9rience dure <strong>environ 2 heures<\/strong>, de <strong>10h00 \u00e0 12h00<\/strong>, nous laissant amplement le temps de pagayer, d'explorer la c\u00f4te et de profiter de l'eau.<\/p>\n\n\n\n<div class=\"wp-block-buttons wa-kayak-tour is-content-justification-center is-layout-flex wp-container-core-buttons-is-layout-a89b3969 wp-block-buttons-is-layout-flex\">\n<div class=\"wp-block-button wa-kayak-tour\"><a class=\"wp-block-button__link wp-element-button\" rel=\"\">R\u00c9SERVEZ VOTRE VISITE<\/a><\/div>\n<\/div>\n\n\n\n<p>Une aventure d\u00e9tendue con\u00e7ue pour d\u00e9couvrir la beaut\u00e9 naturelle de la Costa Brava depuis la mer.<\/p>\n\n\n\n<div style=\"height:23px\" aria-hidden=\"true\" class=\"wp-block-spacer\"><\/div>\n\n\n\n<figure class=\"wp-block-gallery has-nested-images columns-default is-cropped wp-block-gallery-1 is-layout-flex wp-block-gallery-is-layout-flex\">\n<figure data-wp-context=\"{&quot;imageId&quot;:&quot;69e019da76425&quot;}\" data-wp-interactive=\"core\/image\" data-wp-key=\"69e019da76425\" class=\"wp-block-image size-large wp-lightbox-container\"><img loading=\"lazy\" decoding=\"async\" width=\"1024\" height=\"683\" data-wp-class--hide=\"state.isContentHidden\" data-wp-class--show=\"state.isContentVisible\" data-wp-init=\"callbacks.setButtonStyles\" data-wp-on--click=\"actions.showLightbox\" data-wp-on--load=\"callbacks.setButtonStyles\" data-wp-on-window--resize=\"callbacks.setButtonStyles\" data-id=\"410\" src=\"https:\/\/pantaicostabrava.com\/wp-content\/uploads\/2026\/03\/IMG_7332-1024x683.jpg\" alt=\"Tour en kayak Begur Costa Brava\" class=\"wp-image-410\" srcset=\"https:\/\/pantaicostabrava.com\/wp-content\/uploads\/2026\/03\/IMG_7332-1024x683.jpg 1024w, https:\/\/pantaicostabrava.com\/wp-content\/uploads\/2026\/03\/IMG_7332-300x200.jpg 300w, https:\/\/pantaicostabrava.com\/wp-content\/uploads\/2026\/03\/IMG_7332-768x512.jpg 768w, https:\/\/pantaicostabrava.com\/wp-content\/uploads\/2026\/03\/IMG_7332-1536x1024.jpg 1536w, https:\/\/pantaicostabrava.com\/wp-content\/uploads\/2026\/03\/IMG_7332-2048x1365.jpg 2048w, https:\/\/pantaicostabrava.com\/wp-content\/uploads\/2026\/03\/IMG_7332-18x12.jpg 18w\" sizes=\"auto, (max-width: 1024px) 100vw, 1024px\" \/><button\n\t\t\tclass=\"lightbox-trigger\"\n\t\t\ttype=\"button\"\n\t\t\taria-haspopup=\"dialog\"\n\t\t\taria-label=\"Agrandir\"\n\t\t\tdata-wp-init=\"callbacks.initTriggerButton\"\n\t\t\tdata-wp-on--click=\"actions.showLightbox\"\n\t\t\tdata-wp-style--right=\"state.imageButtonRight\"\n\t\t\tdata-wp-style--top=\"state.imageButtonTop\"\n\t\t>\n\t\t\t<svg xmlns=\"http:\/\/www.w3.org\/2000\/svg\" width=\"12\" height=\"12\" fill=\"none\" viewbox=\"0 0 12 12\">\n\t\t\t\t<path fill=\"#fff\" d=\"M2 0a2 2 0 0 0-2 2v2h1.5V2a.5.5 0 0 1 .5-.5h2V0H2Zm2 10.5H2a.5.5 0 0 1-.5-.5V8H0v2a2 2 0 0 0 2 2h2v-1.5ZM8 12v-1.5h2a.5.5 0 0 0 .5-.5V8H12v2a2 2 0 0 1-2 2H8Zm2-12a2 2 0 0 1 2 2v2h-1.5V2a.5.5 0 0 0-.5-.5H8V0h2Z\" \/>\n\t\t\t<\/svg>\n\t\t<\/button><\/figure>\n\n\n\n<figure data-wp-context=\"{&quot;imageId&quot;:&quot;69e019da766dc&quot;}\" data-wp-interactive=\"core\/image\" data-wp-key=\"69e019da766dc\" class=\"wp-block-image size-large wp-lightbox-container\"><img loading=\"lazy\" decoding=\"async\" width=\"683\" height=\"1024\" data-wp-class--hide=\"state.isContentHidden\" data-wp-class--show=\"state.isContentVisible\" data-wp-init=\"callbacks.setButtonStyles\" data-wp-on--click=\"actions.showLightbox\" data-wp-on--load=\"callbacks.setButtonStyles\" data-wp-on-window--resize=\"callbacks.setButtonStyles\" data-id=\"283\" src=\"https:\/\/pantaicostabrava.com\/wp-content\/uploads\/2026\/02\/WhatsApp-Image-2026-02-27-at-11.23.34-6-683x1024.jpeg\" alt=\"louer nos kayaks \u00e0 costa brava begur. Pantai alquiler\" class=\"wp-image-283\" srcset=\"https:\/\/pantaicostabrava.com\/wp-content\/uploads\/2026\/02\/WhatsApp-Image-2026-02-27-at-11.23.34-6-683x1024.jpeg 683w, https:\/\/pantaicostabrava.com\/wp-content\/uploads\/2026\/02\/WhatsApp-Image-2026-02-27-at-11.23.34-6-200x300.jpeg 200w, https:\/\/pantaicostabrava.com\/wp-content\/uploads\/2026\/02\/WhatsApp-Image-2026-02-27-at-11.23.34-6-768x1152.jpeg 768w, https:\/\/pantaicostabrava.com\/wp-content\/uploads\/2026\/02\/WhatsApp-Image-2026-02-27-at-11.23.34-6-1024x1536.jpeg 1024w, https:\/\/pantaicostabrava.com\/wp-content\/uploads\/2026\/02\/WhatsApp-Image-2026-02-27-at-11.23.34-6-1365x2048.jpeg 1365w, https:\/\/pantaicostabrava.com\/wp-content\/uploads\/2026\/02\/WhatsApp-Image-2026-02-27-at-11.23.34-6-8x12.jpeg 8w, https:\/\/pantaicostabrava.com\/wp-content\/uploads\/2026\/02\/WhatsApp-Image-2026-02-27-at-11.23.34-6-scaled.jpeg 1707w\" sizes=\"auto, (max-width: 683px) 100vw, 683px\" \/><button\n\t\t\tclass=\"lightbox-trigger\"\n\t\t\ttype=\"button\"\n\t\t\taria-haspopup=\"dialog\"\n\t\t\taria-label=\"Agrandir\"\n\t\t\tdata-wp-init=\"callbacks.initTriggerButton\"\n\t\t\tdata-wp-on--click=\"actions.showLightbox\"\n\t\t\tdata-wp-style--right=\"state.imageButtonRight\"\n\t\t\tdata-wp-style--top=\"state.imageButtonTop\"\n\t\t>\n\t\t\t<svg xmlns=\"http:\/\/www.w3.org\/2000\/svg\" width=\"12\" height=\"12\" fill=\"none\" viewbox=\"0 0 12 12\">\n\t\t\t\t<path fill=\"#fff\" d=\"M2 0a2 2 0 0 0-2 2v2h1.5V2a.5.5 0 0 1 .5-.5h2V0H2Zm2 10.5H2a.5.5 0 0 1-.5-.5V8H0v2a2 2 0 0 0 2 2h2v-1.5ZM8 12v-1.5h2a.5.5 0 0 0 .5-.5V8H12v2a2 2 0 0 1-2 2H8Zm2-12a2 2 0 0 1 2 2v2h-1.5V2a.5.5 0 0 0-.5-.5H8V0h2Z\" \/>\n\t\t\t<\/svg>\n\t\t<\/button><\/figure>\n\n\n\n<figure data-wp-context=\"{&quot;imageId&quot;:&quot;69e019da76935&quot;}\" data-wp-interactive=\"core\/image\" data-wp-key=\"69e019da76935\" class=\"wp-block-image size-large wp-lightbox-container\"><img loading=\"lazy\" decoding=\"async\" width=\"683\" height=\"1024\" data-wp-class--hide=\"state.isContentHidden\" data-wp-class--show=\"state.isContentVisible\" data-wp-init=\"callbacks.setButtonStyles\" data-wp-on--click=\"actions.showLightbox\" data-wp-on--load=\"callbacks.setButtonStyles\" data-wp-on-window--resize=\"callbacks.setButtonStyles\" data-id=\"456\" src=\"https:\/\/pantaicostabrava.com\/wp-content\/uploads\/2026\/03\/IMG_7247-683x1024.jpg\" alt=\"\" class=\"wp-image-456\" srcset=\"https:\/\/pantaicostabrava.com\/wp-content\/uploads\/2026\/03\/IMG_7247-683x1024.jpg 683w, https:\/\/pantaicostabrava.com\/wp-content\/uploads\/2026\/03\/IMG_7247-200x300.jpg 200w, https:\/\/pantaicostabrava.com\/wp-content\/uploads\/2026\/03\/IMG_7247-768x1152.jpg 768w, https:\/\/pantaicostabrava.com\/wp-content\/uploads\/2026\/03\/IMG_7247-1024x1536.jpg 1024w, https:\/\/pantaicostabrava.com\/wp-content\/uploads\/2026\/03\/IMG_7247-1365x2048.jpg 1365w, https:\/\/pantaicostabrava.com\/wp-content\/uploads\/2026\/03\/IMG_7247-8x12.jpg 8w, https:\/\/pantaicostabrava.com\/wp-content\/uploads\/2026\/03\/IMG_7247-scaled.jpg 1707w\" sizes=\"auto, (max-width: 683px) 100vw, 683px\" \/><button\n\t\t\tclass=\"lightbox-trigger\"\n\t\t\ttype=\"button\"\n\t\t\taria-haspopup=\"dialog\"\n\t\t\taria-label=\"Agrandir\"\n\t\t\tdata-wp-init=\"callbacks.initTriggerButton\"\n\t\t\tdata-wp-on--click=\"actions.showLightbox\"\n\t\t\tdata-wp-style--right=\"state.imageButtonRight\"\n\t\t\tdata-wp-style--top=\"state.imageButtonTop\"\n\t\t>\n\t\t\t<svg xmlns=\"http:\/\/www.w3.org\/2000\/svg\" width=\"12\" height=\"12\" fill=\"none\" viewbox=\"0 0 12 12\">\n\t\t\t\t<path fill=\"#fff\" d=\"M2 0a2 2 0 0 0-2 2v2h1.5V2a.5.5 0 0 1 .5-.5h2V0H2Zm2 10.5H2a.5.5 0 0 1-.5-.5V8H0v2a2 2 0 0 0 2 2h2v-1.5ZM8 12v-1.5h2a.5.5 0 0 0 .5-.5V8H12v2a2 2 0 0 1-2 2H8Zm2-12a2 2 0 0 1 2 2v2h-1.5V2a.5.5 0 0 0-.5-.5H8V0h2Z\" \/>\n\t\t\t<\/svg>\n\t\t<\/button><\/figure>\n\n\n\n<figure data-wp-context=\"{&quot;imageId&quot;:&quot;69e019da76b6c&quot;}\" data-wp-interactive=\"core\/image\" data-wp-key=\"69e019da76b6c\" class=\"wp-block-image size-large wp-lightbox-container\"><img loading=\"lazy\" decoding=\"async\" width=\"768\" height=\"1024\" data-wp-class--hide=\"state.isContentHidden\" data-wp-class--show=\"state.isContentVisible\" data-wp-init=\"callbacks.setButtonStyles\" data-wp-on--click=\"actions.showLightbox\" data-wp-on--load=\"callbacks.setButtonStyles\" data-wp-on-window--resize=\"callbacks.setButtonStyles\" data-id=\"269\" src=\"https:\/\/pantaicostabrava.com\/wp-content\/uploads\/2026\/02\/WhatsApp-Image-2026-02-27-at-11.20.01-768x1024.jpeg\" alt=\"Location de kayak sur la Costa Brava, Begur plage\" class=\"wp-image-269\" srcset=\"https:\/\/pantaicostabrava.com\/wp-content\/uploads\/2026\/02\/WhatsApp-Image-2026-02-27-at-11.20.01-768x1024.jpeg 768w, https:\/\/pantaicostabrava.com\/wp-content\/uploads\/2026\/02\/WhatsApp-Image-2026-02-27-at-11.20.01-225x300.jpeg 225w, https:\/\/pantaicostabrava.com\/wp-content\/uploads\/2026\/02\/WhatsApp-Image-2026-02-27-at-11.20.01-1152x1536.jpeg 1152w, https:\/\/pantaicostabrava.com\/wp-content\/uploads\/2026\/02\/WhatsApp-Image-2026-02-27-at-11.20.01-1536x2048.jpeg 1536w, https:\/\/pantaicostabrava.com\/wp-content\/uploads\/2026\/02\/WhatsApp-Image-2026-02-27-at-11.20.01-9x12.jpeg 9w, https:\/\/pantaicostabrava.com\/wp-content\/uploads\/2026\/02\/WhatsApp-Image-2026-02-27-at-11.20.01-scaled.jpeg 1920w\" sizes=\"auto, (max-width: 768px) 100vw, 768px\" \/><button\n\t\t\tclass=\"lightbox-trigger\"\n\t\t\ttype=\"button\"\n\t\t\taria-haspopup=\"dialog\"\n\t\t\taria-label=\"Agrandir\"\n\t\t\tdata-wp-init=\"callbacks.initTriggerButton\"\n\t\t\tdata-wp-on--click=\"actions.showLightbox\"\n\t\t\tdata-wp-style--right=\"state.imageButtonRight\"\n\t\t\tdata-wp-style--top=\"state.imageButtonTop\"\n\t\t>\n\t\t\t<svg xmlns=\"http:\/\/www.w3.org\/2000\/svg\" width=\"12\" height=\"12\" fill=\"none\" viewbox=\"0 0 12 12\">\n\t\t\t\t<path fill=\"#fff\" d=\"M2 0a2 2 0 0 0-2 2v2h1.5V2a.5.5 0 0 1 .5-.5h2V0H2Zm2 10.5H2a.5.5 0 0 1-.5-.5V8H0v2a2 2 0 0 0 2 2h2v-1.5ZM8 12v-1.5h2a.5.5 0 0 0 .5-.5V8H12v2a2 2 0 0 1-2 2H8Zm2-12a2 2 0 0 1 2 2v2h-1.5V2a.5.5 0 0 0-.5-.5H8V0h2Z\" \/>\n\t\t\t<\/svg>\n\t\t<\/button><\/figure>\n\n\n\n<figure data-wp-context=\"{&quot;imageId&quot;:&quot;69e019da76daa&quot;}\" data-wp-interactive=\"core\/image\" data-wp-key=\"69e019da76daa\" class=\"wp-block-image size-large wp-lightbox-container\"><img loading=\"lazy\" decoding=\"async\" width=\"768\" height=\"1024\" data-wp-class--hide=\"state.isContentHidden\" data-wp-class--show=\"state.isContentVisible\" data-wp-init=\"callbacks.setButtonStyles\" data-wp-on--click=\"actions.showLightbox\" data-wp-on--load=\"callbacks.setButtonStyles\" data-wp-on-window--resize=\"callbacks.setButtonStyles\" data-id=\"241\" src=\"https:\/\/pantaicostabrava.com\/wp-content\/uploads\/2026\/02\/IMG_3502-2-768x1024.jpg\" alt=\"kayak tour r\u00e9serve marine de ses negres begur costa brava plage\" class=\"wp-image-241\" srcset=\"https:\/\/pantaicostabrava.com\/wp-content\/uploads\/2026\/02\/IMG_3502-2-768x1024.jpg 768w, https:\/\/pantaicostabrava.com\/wp-content\/uploads\/2026\/02\/IMG_3502-2-225x300.jpg 225w, https:\/\/pantaicostabrava.com\/wp-content\/uploads\/2026\/02\/IMG_3502-2-1152x1536.jpg 1152w, https:\/\/pantaicostabrava.com\/wp-content\/uploads\/2026\/02\/IMG_3502-2-1536x2048.jpg 1536w, https:\/\/pantaicostabrava.com\/wp-content\/uploads\/2026\/02\/IMG_3502-2-9x12.jpg 9w, https:\/\/pantaicostabrava.com\/wp-content\/uploads\/2026\/02\/IMG_3502-2-scaled.jpg 1920w\" sizes=\"auto, (max-width: 768px) 100vw, 768px\" \/><button\n\t\t\tclass=\"lightbox-trigger\"\n\t\t\ttype=\"button\"\n\t\t\taria-haspopup=\"dialog\"\n\t\t\taria-label=\"Agrandir\"\n\t\t\tdata-wp-init=\"callbacks.initTriggerButton\"\n\t\t\tdata-wp-on--click=\"actions.showLightbox\"\n\t\t\tdata-wp-style--right=\"state.imageButtonRight\"\n\t\t\tdata-wp-style--top=\"state.imageButtonTop\"\n\t\t>\n\t\t\t<svg xmlns=\"http:\/\/www.w3.org\/2000\/svg\" width=\"12\" height=\"12\" fill=\"none\" viewbox=\"0 0 12 12\">\n\t\t\t\t<path fill=\"#fff\" d=\"M2 0a2 2 0 0 0-2 2v2h1.5V2a.5.5 0 0 1 .5-.5h2V0H2Zm2 10.5H2a.5.5 0 0 1-.5-.5V8H0v2a2 2 0 0 0 2 2h2v-1.5ZM8 12v-1.5h2a.5.5 0 0 0 .5-.5V8H12v2a2 2 0 0 1-2 2H8Zm2-12a2 2 0 0 1 2 2v2h-1.5V2a.5.5 0 0 0-.5-.5H8V0h2Z\" \/>\n\t\t\t<\/svg>\n\t\t<\/button><\/figure>\n<\/figure>\n\n\n\n<p class=\"has-text-align-center\">Petits groupes.<br>Eau cristalline.<br>Une exp\u00e9rience c\u00f4ti\u00e8re unique.<br><br><br>40 euros par personne<\/p>\n\n\n\n<div class=\"wp-block-buttons wa-kayak-tour is-content-justification-center is-layout-flex wp-container-core-buttons-is-layout-a89b3969 wp-block-buttons-is-layout-flex\">\n<div class=\"wp-block-button wa-kayak-tour\"><a class=\"wp-block-button__link has-dark-color has-contrast-background-color has-text-color has-background has-link-color has-border-color has-medium-font-size has-custom-font-size wp-element-button\" style=\"border-color:#0d141a;border-width:1px;border-radius:50px;padding-top:var(--wp--preset--spacing--30);padding-right:var(--wp--preset--spacing--70);padding-bottom:var(--wp--preset--spacing--30);padding-left:var(--wp--preset--spacing--70);box-shadow:none\">R\u00c9SERVEZ VOTRE TOUR EN KAYAK<\/a><\/div>\n<\/div>","protected":false},"excerpt":{"rendered":"<p>WHAT&#8217;S INCLUDED KAYAK AND PADDLESLIFE VESTSHORT BRIEFING BEFORE START THE SESSIONNO EXPERIENCE REQUIRED 2 HOURS ACTIVITYSNORKEL STOPGOOD PHOTOS 40 EUROS PER PERSON Our guided kayak tour follows one of the most beautiful stretches of the Costa Brava, paddling along crystal-clear waters, dramatic cliffs and hidden corners that can only be reached by kayak. Before starting, [&hellip;]<\/p>\n","protected":false},"author":1,"featured_media":0,"parent":0,"menu_order":0,"comment_status":"closed","ping_status":"closed","template":"","meta":{"footnotes":""},"class_list":["post-357","page","type-page","status-publish","hentry"],"_hostinger_reach_plugin_has_subscription_block":false,"_hostinger_reach_plugin_is_elementor":false,"_links":{"self":[{"href":"https:\/\/pantaicostabrava.com\/fr\/wp-json\/wp\/v2\/pages\/357","targetHints":{"allow":["GET"]}}],"collection":[{"href":"https:\/\/pantaicostabrava.com\/fr\/wp-json\/wp\/v2\/pages"}],"about":[{"href":"https:\/\/pantaicostabrava.com\/fr\/wp-json\/wp\/v2\/types\/page"}],"author":[{"embeddable":true,"href":"https:\/\/pantaicostabrava.com\/fr\/wp-json\/wp\/v2\/users\/1"}],"replies":[{"embeddable":true,"href":"https:\/\/pantaicostabrava.com\/fr\/wp-json\/wp\/v2\/comments?post=357"}],"version-history":[{"count":16,"href":"https:\/\/pantaicostabrava.com\/fr\/wp-json\/wp\/v2\/pages\/357\/revisions"}],"predecessor-version":[{"id":492,"href":"https:\/\/pantaicostabrava.com\/fr\/wp-json\/wp\/v2\/pages\/357\/revisions\/492"}],"wp:attachment":[{"href":"https:\/\/pantaicostabrava.com\/fr\/wp-json\/wp\/v2\/media?parent=357"}],"curies":[{"name":"wp","href":"https:\/\/api.w.org\/{rel}","templated":true}]}}