{"id":676,"date":"2026-03-24T09:59:48","date_gmt":"2026-03-24T09:59:48","guid":{"rendered":"https:\/\/pantaicostabrava.com\/?page_id=676"},"modified":"2026-03-24T10:44:14","modified_gmt":"2026-03-24T10:44:14","slug":"a-favor-del-viento","status":"publish","type":"page","link":"https:\/\/pantaicostabrava.com\/es\/downwind\/","title":{"rendered":"A favor del viento"},"content":{"rendered":"<div class=\"wp-block-media-text alignfull foil-hero has-color-1-color has-color-3-background-color has-text-color has-background has-link-color wp-elements-ee9d288957c8dfa822ac2466353e7886\" style=\"grid-template-columns:47% auto\"><figure class=\"wp-block-media-text__media\"><img loading=\"lazy\" decoding=\"async\" width=\"1024\" height=\"683\" src=\"https:\/\/pantaicostabrava.com\/wp-content\/uploads\/2026\/03\/FAFFDA7C-3C9D-4E5D-A1A0-F7CBE67A83FE-1024x683.jpg\" alt=\"Clase de hydrofoil en descenso de Albert Asenjo en Pantai Costa Brava\" class=\"wp-image-690 size-large\" srcset=\"https:\/\/pantaicostabrava.com\/wp-content\/uploads\/2026\/03\/FAFFDA7C-3C9D-4E5D-A1A0-F7CBE67A83FE-1024x683.jpg 1024w, https:\/\/pantaicostabrava.com\/wp-content\/uploads\/2026\/03\/FAFFDA7C-3C9D-4E5D-A1A0-F7CBE67A83FE-300x200.jpg 300w, https:\/\/pantaicostabrava.com\/wp-content\/uploads\/2026\/03\/FAFFDA7C-3C9D-4E5D-A1A0-F7CBE67A83FE-768x512.jpg 768w, https:\/\/pantaicostabrava.com\/wp-content\/uploads\/2026\/03\/FAFFDA7C-3C9D-4E5D-A1A0-F7CBE67A83FE-1536x1024.jpg 1536w, https:\/\/pantaicostabrava.com\/wp-content\/uploads\/2026\/03\/FAFFDA7C-3C9D-4E5D-A1A0-F7CBE67A83FE-2048x1365.jpg 2048w, https:\/\/pantaicostabrava.com\/wp-content\/uploads\/2026\/03\/FAFFDA7C-3C9D-4E5D-A1A0-F7CBE67A83FE-18x12.jpg 18w\" sizes=\"auto, (max-width: 1024px) 100vw, 1024px\" \/><\/figure><div class=\"wp-block-media-text__content\">\n<h1 class=\"wp-block-heading has-text-align-center\">Lecciones de Viento a Favor en la Costa Brava<\/h1>\n\n\n\n<p class=\"has-text-align-left hide-mobile\">Desl\u00edzate con el oc\u00e9ano. Sin motor, sin ruido, solo conexi\u00f3n pura con el oleaje.<br>Para jinetes experimentados listos para el siguiente nivel.<\/p>\n\n\n\n<div style=\"height:15px\" aria-hidden=\"true\" class=\"wp-block-spacer\"><\/div>\n\n\n\n<div class=\"wp-block-buttons wa-downwind is-content-justification-center is-layout-flex wp-container-core-buttons-is-layout-a89b3969 wp-block-buttons-is-layout-flex\">\n<div class=\"wp-block-button wa-downwind\"><a class=\"wp-block-button__link wp-element-button\">Reserva tu lecci\u00f3n de downwind<\/a><\/div>\n<\/div>\n<\/div><\/div>\n\n\n\n<div style=\"height:13px\" aria-hidden=\"true\" class=\"wp-block-spacer\"><\/div>\n\n\n\n<h2 class=\"wp-block-heading has-text-align-center\">\u00bfQu\u00e9 es el sup downwind?<\/h2>\n\n\n\n<p class=\"has-text-align-center\">El downwind es la forma m\u00e1s pura de foiling.<br>Despegas con el remo y luego navegas por las olas de mar abierto, utilizando su energ\u00eda para deslizarte sobre el agua por largas distancias: sin motor, sin potencia constante, solo fluidez.<br><br>No se trata de velocidad. Se trata de conexi\u00f3n, ritmo y leer el mar.<\/p>\n\n\n\n<hr class=\"wp-block-separator has-alpha-channel-opacity\"\/>\n\n\n\n<div class=\"wp-block-columns alignwide are-vertically-aligned-center is-layout-flex wp-container-core-columns-is-layout-28f84493 wp-block-columns-is-layout-flex\">\n<div class=\"wp-block-column is-vertically-aligned-center is-layout-flow wp-block-column-is-layout-flow\">\n<blockquote class=\"wp-block-quote is-layout-flow wp-block-quote-is-layout-flow\">\n<p>Aqu\u00ed es donde el foil se convierte en algo m\u00e1s.<br>Menos sobre aprender, m\u00e1s sobre sentir.<br>Una vez que lo experimentas, todo cambia.<\/p>\n<\/blockquote>\n<\/div>\n\n\n\n<div class=\"wp-block-column is-vertically-aligned-center is-layout-flow wp-block-column-is-layout-flow\">\n<ul class=\"wp-block-list\">\n<li>Deslizamiento interminable con el oleaje <\/li>\n\n\n\n<li>La manera m\u00e1s natural de volar en foil <\/li>\n\n\n\n<li>Silencio, fluidez y libertad <\/li>\n\n\n\n<li>Un verdadero desaf\u00edo (para una progresi\u00f3n real) <\/li>\n\n\n\n<li>El siguiente paso despu\u00e9s del wingfoil<\/li>\n<\/ul>\n<\/div>\n<\/div>\n\n\n\n<div class=\"wp-block-group has-light-color has-color-2-background-color has-text-color has-background has-link-color wp-elements-421db912ad54503b0fddb066df75217f has-global-padding is-layout-constrained wp-block-group-is-layout-constrained\">\n<div class=\"wp-block-columns alignfull is-layout-flex wp-container-core-columns-is-layout-28f84493 wp-block-columns-is-layout-flex\">\n<div class=\"wp-block-column is-layout-flow wp-block-column-is-layout-flow\">\n<div style=\"height:23px\" aria-hidden=\"true\" class=\"wp-block-spacer\"><\/div>\n\n\n\n<h2 class=\"wp-block-heading\">c\u00f3mo funcionan las clases<\/h2>\n\n\n\n<ul class=\"wp-block-list\">\n<li>Primera clase: t\u00e9cnica en agua plana<\/li>\n\n\n\n<li>Segunda clase: bumps enfrente de la escuela<\/li>\n\n\n\n<li>Pr\u00f3ximas sesiones: downwind real con apoyo de embarcaci\u00f3n<\/li>\n\n\n\n<li>Podemos adaptar las clases al nivel de cada alumno<\/li>\n\n\n\n<li>Esta progresi\u00f3n te permite aprender el downwind de forma segura y con confianza.<\/li>\n<\/ul>\n<\/div>\n\n\n\n<div class=\"wp-block-column is-vertically-aligned-top is-layout-flow wp-block-column-is-layout-flow\">\n<p><\/p>\n\n\n\n<h2 class=\"wp-block-heading\">\u00bfPara qui\u00e9n es esto?<\/h2>\n\n\n\n<p>El downwind es para foilers experimentados.<br><br>Ya deber\u00edas sentirte c\u00f3modo volando con control sobre el foil y bombeando.<\/p>\n<\/div>\n\n\n\n<div class=\"wp-block-column is-layout-flow wp-block-column-is-layout-flow\">\n<div style=\"height:23px\" aria-hidden=\"true\" class=\"wp-block-spacer\"><\/div>\n\n\n\n<h2 class=\"wp-block-heading\">CONDICIONES Y EQUIPAMIENTO<\/h2>\n\n\n\n<p>Tenemos vientos de Tramuntana o de Garb\u00ed que son perfectos para el downwinding.<br><br>Los estudiantes usan una tabla grande y estrecha (f\u00e1cil para despegar) y un foil high aspect grande para deslizarse sin esfuerzo.<\/p>\n<\/div>\n<\/div>\n\n\n\n<div style=\"height:28px\" aria-hidden=\"true\" class=\"wp-block-spacer\"><\/div>\n<\/div>\n\n\n\n<h2 class=\"wp-block-heading\">PRECIOS<\/h2>\n\n\n\n<div class=\"wp-block-columns alignwide are-vertically-aligned-center is-layout-flex wp-container-core-columns-is-layout-28f84493 wp-block-columns-is-layout-flex\">\n<div class=\"wp-block-column is-vertically-aligned-center is-layout-flow wp-block-column-is-layout-flow\">\n<p class=\"has-text-align-center\">1 persona<br>3 sesiones: 390\u20ac<br>6 sesiones: 720\u20ac<\/p>\n<\/div>\n<\/div>\n\n\n\n<p class=\"has-text-align-center\"><strong>Solo realizamos sesiones privadas para garantizar una ense\u00f1anza de calidad y con total seguridad.<\/strong><\/p>\n\n\n\n<hr class=\"wp-block-separator has-alpha-channel-opacity\"\/>\n\n\n\n<div class=\"wp-block-group alignfull hostinger-ai-gallery-3 hostinger-ai-fade-up is-layout-flow wp-block-group-is-layout-flow\" data-aos=\"fade-up\">\n<div class=\"wp-block-group alignwide hostinger-ai-fade-up is-layout-flow wp-block-group-is-layout-flow\" data-aos=\"fade-up\" style=\"padding-top:var(--wp--preset--spacing--60);padding-bottom:var(--wp--preset--spacing--60)\">\n<h2 class=\"wp-block-heading has-text-align-center hostinger-ai-title has-dark-color has-text-color has-link-color has-x-large-font-size wp-elements-012e5a02bb293c8cb11e1544bd7c6b19\" style=\"margin-top:0;margin-right:0;margin-bottom:var(--wp--preset--spacing--20);margin-left:0\">Galer\u00eda<\/h2>\n\n\n\n<figure class=\"wp-block-gallery has-nested-images columns-default is-cropped wp-block-gallery-1 is-layout-flex wp-block-gallery-is-layout-flex\">\n<figure data-wp-context=\"{&quot;imageId&quot;:&quot;69e019e41e839&quot;}\" data-wp-interactive=\"core\/image\" data-wp-key=\"69e019e41e839\" class=\"wp-block-image size-full wp-lightbox-container\"><img loading=\"lazy\" decoding=\"async\" width=\"1536\" height=\"2048\" data-wp-class--hide=\"state.isContentHidden\" data-wp-class--show=\"state.isContentVisible\" data-wp-init=\"callbacks.setButtonStyles\" data-wp-on--click=\"actions.showLightbox\" data-wp-on--load=\"callbacks.setButtonStyles\" data-wp-on-window--resize=\"callbacks.setButtonStyles\" data-id=\"687\" src=\"https:\/\/pantaicostabrava.com\/wp-content\/uploads\/2026\/03\/9A316AC2-AA71-472D-A890-2E2381B8A57B.jpg\" alt=\"Clase de sup foil a favor del viento con Eric en la playa Costa Brava, L&#039;Estartit, Begur\" class=\"wp-image-687\" srcset=\"https:\/\/pantaicostabrava.com\/wp-content\/uploads\/2026\/03\/9A316AC2-AA71-472D-A890-2E2381B8A57B.jpg 1536w, https:\/\/pantaicostabrava.com\/wp-content\/uploads\/2026\/03\/9A316AC2-AA71-472D-A890-2E2381B8A57B-225x300.jpg 225w, https:\/\/pantaicostabrava.com\/wp-content\/uploads\/2026\/03\/9A316AC2-AA71-472D-A890-2E2381B8A57B-768x1024.jpg 768w, https:\/\/pantaicostabrava.com\/wp-content\/uploads\/2026\/03\/9A316AC2-AA71-472D-A890-2E2381B8A57B-1152x1536.jpg 1152w, https:\/\/pantaicostabrava.com\/wp-content\/uploads\/2026\/03\/9A316AC2-AA71-472D-A890-2E2381B8A57B-9x12.jpg 9w\" sizes=\"auto, (max-width: 1536px) 100vw, 1536px\" \/><button\n\t\t\tclass=\"lightbox-trigger\"\n\t\t\ttype=\"button\"\n\t\t\taria-haspopup=\"dialog\"\n\t\t\taria-label=\"Agrandar\"\n\t\t\tdata-wp-init=\"callbacks.initTriggerButton\"\n\t\t\tdata-wp-on--click=\"actions.showLightbox\"\n\t\t\tdata-wp-style--right=\"state.imageButtonRight\"\n\t\t\tdata-wp-style--top=\"state.imageButtonTop\"\n\t\t>\n\t\t\t<svg xmlns=\"http:\/\/www.w3.org\/2000\/svg\" width=\"12\" height=\"12\" fill=\"none\" viewbox=\"0 0 12 12\">\n\t\t\t\t<path fill=\"#fff\" d=\"M2 0a2 2 0 0 0-2 2v2h1.5V2a.5.5 0 0 1 .5-.5h2V0H2Zm2 10.5H2a.5.5 0 0 1-.5-.5V8H0v2a2 2 0 0 0 2 2h2v-1.5ZM8 12v-1.5h2a.5.5 0 0 0 .5-.5V8H12v2a2 2 0 0 1-2 2H8Zm2-12a2 2 0 0 1 2 2v2h-1.5V2a.5.5 0 0 0-.5-.5H8V0h2Z\" \/>\n\t\t\t<\/svg>\n\t\t<\/button><\/figure>\n\n\n\n<figure data-wp-context=\"{&quot;imageId&quot;:&quot;69e019e41eb45&quot;}\" data-wp-interactive=\"core\/image\" data-wp-key=\"69e019e41eb45\" class=\"wp-block-image size-full wp-lightbox-container\"><img loading=\"lazy\" decoding=\"async\" width=\"1536\" height=\"2304\" data-wp-class--hide=\"state.isContentHidden\" data-wp-class--show=\"state.isContentVisible\" data-wp-init=\"callbacks.setButtonStyles\" data-wp-on--click=\"actions.showLightbox\" data-wp-on--load=\"callbacks.setButtonStyles\" data-wp-on-window--resize=\"callbacks.setButtonStyles\" data-id=\"692\" src=\"https:\/\/pantaicostabrava.com\/wp-content\/uploads\/2026\/03\/3C3E2113-584B-45D2-8DF2-988AAFA180C7.jpg\" alt=\"Clase de foil en aguas planas sup foil downwind Pantai Costabrava \" class=\"wp-image-692\" srcset=\"https:\/\/pantaicostabrava.com\/wp-content\/uploads\/2026\/03\/3C3E2113-584B-45D2-8DF2-988AAFA180C7.jpg 1536w, https:\/\/pantaicostabrava.com\/wp-content\/uploads\/2026\/03\/3C3E2113-584B-45D2-8DF2-988AAFA180C7-200x300.jpg 200w, https:\/\/pantaicostabrava.com\/wp-content\/uploads\/2026\/03\/3C3E2113-584B-45D2-8DF2-988AAFA180C7-683x1024.jpg 683w, https:\/\/pantaicostabrava.com\/wp-content\/uploads\/2026\/03\/3C3E2113-584B-45D2-8DF2-988AAFA180C7-768x1152.jpg 768w, https:\/\/pantaicostabrava.com\/wp-content\/uploads\/2026\/03\/3C3E2113-584B-45D2-8DF2-988AAFA180C7-1024x1536.jpg 1024w, https:\/\/pantaicostabrava.com\/wp-content\/uploads\/2026\/03\/3C3E2113-584B-45D2-8DF2-988AAFA180C7-1365x2048.jpg 1365w, https:\/\/pantaicostabrava.com\/wp-content\/uploads\/2026\/03\/3C3E2113-584B-45D2-8DF2-988AAFA180C7-8x12.jpg 8w\" sizes=\"auto, (max-width: 1536px) 100vw, 1536px\" \/><button\n\t\t\tclass=\"lightbox-trigger\"\n\t\t\ttype=\"button\"\n\t\t\taria-haspopup=\"dialog\"\n\t\t\taria-label=\"Agrandar\"\n\t\t\tdata-wp-init=\"callbacks.initTriggerButton\"\n\t\t\tdata-wp-on--click=\"actions.showLightbox\"\n\t\t\tdata-wp-style--right=\"state.imageButtonRight\"\n\t\t\tdata-wp-style--top=\"state.imageButtonTop\"\n\t\t>\n\t\t\t<svg xmlns=\"http:\/\/www.w3.org\/2000\/svg\" width=\"12\" height=\"12\" fill=\"none\" viewbox=\"0 0 12 12\">\n\t\t\t\t<path fill=\"#fff\" d=\"M2 0a2 2 0 0 0-2 2v2h1.5V2a.5.5 0 0 1 .5-.5h2V0H2Zm2 10.5H2a.5.5 0 0 1-.5-.5V8H0v2a2 2 0 0 0 2 2h2v-1.5ZM8 12v-1.5h2a.5.5 0 0 0 .5-.5V8H12v2a2 2 0 0 1-2 2H8Zm2-12a2 2 0 0 1 2 2v2h-1.5V2a.5.5 0 0 0-.5-.5H8V0h2Z\" \/>\n\t\t\t<\/svg>\n\t\t<\/button><\/figure>\n\n\n\n<figure data-wp-context=\"{&quot;imageId&quot;:&quot;69e019e41ee30&quot;}\" data-wp-interactive=\"core\/image\" data-wp-key=\"69e019e41ee30\" class=\"wp-block-image size-full wp-lightbox-container\"><img loading=\"lazy\" decoding=\"async\" width=\"1536\" height=\"2304\" data-wp-class--hide=\"state.isContentHidden\" data-wp-class--show=\"state.isContentVisible\" data-wp-init=\"callbacks.setButtonStyles\" data-wp-on--click=\"actions.showLightbox\" data-wp-on--load=\"callbacks.setButtonStyles\" data-wp-on-window--resize=\"callbacks.setButtonStyles\" data-id=\"689\" src=\"https:\/\/pantaicostabrava.com\/wp-content\/uploads\/2026\/03\/7EBB438C-EDC6-4EE0-915C-A4B0CD247BAF.jpg\" alt=\"Clase de foil downwind de Carlos Manich en la playa de Costa Brava, Begur, Pals.\" class=\"wp-image-689\" srcset=\"https:\/\/pantaicostabrava.com\/wp-content\/uploads\/2026\/03\/7EBB438C-EDC6-4EE0-915C-A4B0CD247BAF.jpg 1536w, https:\/\/pantaicostabrava.com\/wp-content\/uploads\/2026\/03\/7EBB438C-EDC6-4EE0-915C-A4B0CD247BAF-200x300.jpg 200w, https:\/\/pantaicostabrava.com\/wp-content\/uploads\/2026\/03\/7EBB438C-EDC6-4EE0-915C-A4B0CD247BAF-683x1024.jpg 683w, https:\/\/pantaicostabrava.com\/wp-content\/uploads\/2026\/03\/7EBB438C-EDC6-4EE0-915C-A4B0CD247BAF-768x1152.jpg 768w, https:\/\/pantaicostabrava.com\/wp-content\/uploads\/2026\/03\/7EBB438C-EDC6-4EE0-915C-A4B0CD247BAF-1024x1536.jpg 1024w, https:\/\/pantaicostabrava.com\/wp-content\/uploads\/2026\/03\/7EBB438C-EDC6-4EE0-915C-A4B0CD247BAF-1365x2048.jpg 1365w, https:\/\/pantaicostabrava.com\/wp-content\/uploads\/2026\/03\/7EBB438C-EDC6-4EE0-915C-A4B0CD247BAF-8x12.jpg 8w\" sizes=\"auto, (max-width: 1536px) 100vw, 1536px\" \/><button\n\t\t\tclass=\"lightbox-trigger\"\n\t\t\ttype=\"button\"\n\t\t\taria-haspopup=\"dialog\"\n\t\t\taria-label=\"Agrandar\"\n\t\t\tdata-wp-init=\"callbacks.initTriggerButton\"\n\t\t\tdata-wp-on--click=\"actions.showLightbox\"\n\t\t\tdata-wp-style--right=\"state.imageButtonRight\"\n\t\t\tdata-wp-style--top=\"state.imageButtonTop\"\n\t\t>\n\t\t\t<svg xmlns=\"http:\/\/www.w3.org\/2000\/svg\" width=\"12\" height=\"12\" fill=\"none\" viewbox=\"0 0 12 12\">\n\t\t\t\t<path fill=\"#fff\" d=\"M2 0a2 2 0 0 0-2 2v2h1.5V2a.5.5 0 0 1 .5-.5h2V0H2Zm2 10.5H2a.5.5 0 0 1-.5-.5V8H0v2a2 2 0 0 0 2 2h2v-1.5ZM8 12v-1.5h2a.5.5 0 0 0 .5-.5V8H12v2a2 2 0 0 1-2 2H8Zm2-12a2 2 0 0 1 2 2v2h-1.5V2a.5.5 0 0 0-.5-.5H8V0h2Z\" \/>\n\t\t\t<\/svg>\n\t\t<\/button><\/figure>\n\n\n\n<figure data-wp-context=\"{&quot;imageId&quot;:&quot;69e019e41f105&quot;}\" data-wp-interactive=\"core\/image\" data-wp-key=\"69e019e41f105\" class=\"wp-block-image size-full wp-lightbox-container\"><img loading=\"lazy\" decoding=\"async\" width=\"1536\" height=\"2304\" data-wp-class--hide=\"state.isContentHidden\" data-wp-class--show=\"state.isContentVisible\" data-wp-init=\"callbacks.setButtonStyles\" data-wp-on--click=\"actions.showLightbox\" data-wp-on--load=\"callbacks.setButtonStyles\" data-wp-on-window--resize=\"callbacks.setButtonStyles\" data-id=\"684\" src=\"https:\/\/pantaicostabrava.com\/wp-content\/uploads\/2026\/03\/198D02F7-771B-431D-896B-557D26AE4C6E.jpg\" alt=\"Jordi Pocurull lecci\u00f3n clase sup foil de downwind en la playa de Costa Brava, Begur, Pals \" class=\"wp-image-684\" srcset=\"https:\/\/pantaicostabrava.com\/wp-content\/uploads\/2026\/03\/198D02F7-771B-431D-896B-557D26AE4C6E.jpg 1536w, https:\/\/pantaicostabrava.com\/wp-content\/uploads\/2026\/03\/198D02F7-771B-431D-896B-557D26AE4C6E-200x300.jpg 200w, https:\/\/pantaicostabrava.com\/wp-content\/uploads\/2026\/03\/198D02F7-771B-431D-896B-557D26AE4C6E-683x1024.jpg 683w, https:\/\/pantaicostabrava.com\/wp-content\/uploads\/2026\/03\/198D02F7-771B-431D-896B-557D26AE4C6E-768x1152.jpg 768w, https:\/\/pantaicostabrava.com\/wp-content\/uploads\/2026\/03\/198D02F7-771B-431D-896B-557D26AE4C6E-1024x1536.jpg 1024w, https:\/\/pantaicostabrava.com\/wp-content\/uploads\/2026\/03\/198D02F7-771B-431D-896B-557D26AE4C6E-1365x2048.jpg 1365w, https:\/\/pantaicostabrava.com\/wp-content\/uploads\/2026\/03\/198D02F7-771B-431D-896B-557D26AE4C6E-8x12.jpg 8w\" sizes=\"auto, (max-width: 1536px) 100vw, 1536px\" \/><button\n\t\t\tclass=\"lightbox-trigger\"\n\t\t\ttype=\"button\"\n\t\t\taria-haspopup=\"dialog\"\n\t\t\taria-label=\"Agrandar\"\n\t\t\tdata-wp-init=\"callbacks.initTriggerButton\"\n\t\t\tdata-wp-on--click=\"actions.showLightbox\"\n\t\t\tdata-wp-style--right=\"state.imageButtonRight\"\n\t\t\tdata-wp-style--top=\"state.imageButtonTop\"\n\t\t>\n\t\t\t<svg xmlns=\"http:\/\/www.w3.org\/2000\/svg\" width=\"12\" height=\"12\" fill=\"none\" viewbox=\"0 0 12 12\">\n\t\t\t\t<path fill=\"#fff\" d=\"M2 0a2 2 0 0 0-2 2v2h1.5V2a.5.5 0 0 1 .5-.5h2V0H2Zm2 10.5H2a.5.5 0 0 1-.5-.5V8H0v2a2 2 0 0 0 2 2h2v-1.5ZM8 12v-1.5h2a.5.5 0 0 0 .5-.5V8H12v2a2 2 0 0 1-2 2H8Zm2-12a2 2 0 0 1 2 2v2h-1.5V2a.5.5 0 0 0-.5-.5H8V0h2Z\" \/>\n\t\t\t<\/svg>\n\t\t<\/button><\/figure>\n\n\n\n<figure data-wp-context=\"{&quot;imageId&quot;:&quot;69e019e41f3c7&quot;}\" data-wp-interactive=\"core\/image\" data-wp-key=\"69e019e41f3c7\" class=\"wp-block-image size-large wp-lightbox-container\"><img loading=\"lazy\" decoding=\"async\" width=\"768\" height=\"1024\" data-wp-class--hide=\"state.isContentHidden\" data-wp-class--show=\"state.isContentVisible\" data-wp-init=\"callbacks.setButtonStyles\" data-wp-on--click=\"actions.showLightbox\" data-wp-on--load=\"callbacks.setButtonStyles\" data-wp-on-window--resize=\"callbacks.setButtonStyles\" data-id=\"686\" src=\"https:\/\/pantaicostabrava.com\/wp-content\/uploads\/2026\/03\/BBF1B1CF-440D-431E-A158-4C4A62888D61-768x1024.jpg\" alt=\"Jordi Pocurull lecci\u00f3n clase sup foil de downwind en la playa de Costa Brava, Begur, Pals\" class=\"wp-image-686\" srcset=\"https:\/\/pantaicostabrava.com\/wp-content\/uploads\/2026\/03\/BBF1B1CF-440D-431E-A158-4C4A62888D61-768x1024.jpg 768w, https:\/\/pantaicostabrava.com\/wp-content\/uploads\/2026\/03\/BBF1B1CF-440D-431E-A158-4C4A62888D61-225x300.jpg 225w, https:\/\/pantaicostabrava.com\/wp-content\/uploads\/2026\/03\/BBF1B1CF-440D-431E-A158-4C4A62888D61-1152x1536.jpg 1152w, https:\/\/pantaicostabrava.com\/wp-content\/uploads\/2026\/03\/BBF1B1CF-440D-431E-A158-4C4A62888D61-9x12.jpg 9w, https:\/\/pantaicostabrava.com\/wp-content\/uploads\/2026\/03\/BBF1B1CF-440D-431E-A158-4C4A62888D61.jpg 1536w\" sizes=\"auto, (max-width: 768px) 100vw, 768px\" \/><button\n\t\t\tclass=\"lightbox-trigger\"\n\t\t\ttype=\"button\"\n\t\t\taria-haspopup=\"dialog\"\n\t\t\taria-label=\"Agrandar\"\n\t\t\tdata-wp-init=\"callbacks.initTriggerButton\"\n\t\t\tdata-wp-on--click=\"actions.showLightbox\"\n\t\t\tdata-wp-style--right=\"state.imageButtonRight\"\n\t\t\tdata-wp-style--top=\"state.imageButtonTop\"\n\t\t>\n\t\t\t<svg xmlns=\"http:\/\/www.w3.org\/2000\/svg\" width=\"12\" height=\"12\" fill=\"none\" viewbox=\"0 0 12 12\">\n\t\t\t\t<path fill=\"#fff\" d=\"M2 0a2 2 0 0 0-2 2v2h1.5V2a.5.5 0 0 1 .5-.5h2V0H2Zm2 10.5H2a.5.5 0 0 1-.5-.5V8H0v2a2 2 0 0 0 2 2h2v-1.5ZM8 12v-1.5h2a.5.5 0 0 0 .5-.5V8H12v2a2 2 0 0 1-2 2H8Zm2-12a2 2 0 0 1 2 2v2h-1.5V2a.5.5 0 0 0-.5-.5H8V0h2Z\" \/>\n\t\t\t<\/svg>\n\t\t<\/button><\/figure>\n<\/figure>\n<\/div>\n<\/div>\n\n\n\n<div class=\"wp-block-group has-light-color has-color-2-background-color has-text-color has-background has-link-color wp-elements-5a6a7140c097317383095a96ee91ea61 has-global-padding is-layout-constrained wp-block-group-is-layout-constrained\">\n<div class=\"wp-block-columns is-layout-flex wp-container-core-columns-is-layout-28f84493 wp-block-columns-is-layout-flex\">\n<div class=\"wp-block-column is-layout-flow wp-block-column-is-layout-flow\">\n<div style=\"height:23px\" aria-hidden=\"true\" class=\"wp-block-spacer\"><\/div>\n\n\n\n<h2 class=\"wp-block-heading\">\u00bfPOR QU\u00c9 CON NOSOTROS?<\/h2>\n\n\n\n<ul class=\"wp-block-list\">\n<li>Ubicaci\u00f3n perfecta en Begur<\/li>\n\n\n\n<li>Condiciones ideales de viento (tramuntana o garb\u00ed)<\/li>\n\n\n\n<li>Apoyo de barco de seguridad<\/li>\n\n\n\n<li>Solo clases particulares<\/li>\n\n\n\n<li>Equipo para principiantes<\/li>\n\n\n\n<li>Instructores experimentados<\/li>\n<\/ul>\n<\/div>\n\n\n\n<div class=\"wp-block-column is-layout-flow wp-block-column-is-layout-flow\">\n<div style=\"height:23px\" aria-hidden=\"true\" class=\"wp-block-spacer\"><\/div>\n\n\n\n<figure class=\"wp-block-image aligncenter size-large is-resized\"><img loading=\"lazy\" decoding=\"async\" width=\"1024\" height=\"683\" src=\"https:\/\/pantaicostabrava.com\/wp-content\/uploads\/2026\/03\/7C4CA62F-0151-4DA4-91FA-5FE41596898D-1024x683.jpg\" alt=\"Clase de sup foil a favor del viento con Eric en la playa Costa Brava, L&#039;Estartit, Begur\" class=\"wp-image-693\" style=\"aspect-ratio:0.7500222796542197;object-fit:cover;width:263px;height:auto\" srcset=\"https:\/\/pantaicostabrava.com\/wp-content\/uploads\/2026\/03\/7C4CA62F-0151-4DA4-91FA-5FE41596898D-1024x683.jpg 1024w, https:\/\/pantaicostabrava.com\/wp-content\/uploads\/2026\/03\/7C4CA62F-0151-4DA4-91FA-5FE41596898D-300x200.jpg 300w, https:\/\/pantaicostabrava.com\/wp-content\/uploads\/2026\/03\/7C4CA62F-0151-4DA4-91FA-5FE41596898D-768x512.jpg 768w, https:\/\/pantaicostabrava.com\/wp-content\/uploads\/2026\/03\/7C4CA62F-0151-4DA4-91FA-5FE41596898D-1536x1024.jpg 1536w, https:\/\/pantaicostabrava.com\/wp-content\/uploads\/2026\/03\/7C4CA62F-0151-4DA4-91FA-5FE41596898D-2048x1365.jpg 2048w, https:\/\/pantaicostabrava.com\/wp-content\/uploads\/2026\/03\/7C4CA62F-0151-4DA4-91FA-5FE41596898D-18x12.jpg 18w\" sizes=\"auto, (max-width: 1024px) 100vw, 1024px\" \/><\/figure>\n<\/div>\n<\/div>\n\n\n\n<div style=\"height:28px\" aria-hidden=\"true\" class=\"wp-block-spacer\"><\/div>\n<\/div>\n\n\n\n<h2 class=\"wp-block-heading has-text-align-center\">\u00bfListo para tus primeros vuelos?<\/h2>\n\n\n\n<div class=\"wp-block-group has-global-padding is-layout-constrained wp-block-group-is-layout-constrained\">\n<div class=\"wp-block-buttons wa-downwind is-content-justification-center is-layout-flex wp-container-core-buttons-is-layout-a89b3969 wp-block-buttons-is-layout-flex\">\n<div class=\"wp-block-button\"><a class=\"wp-block-button__link wp-element-button\">RESERVAR AHORA<\/a><\/div>\n<\/div>\n<\/div>","protected":false},"excerpt":{"rendered":"<p>What is sup downwind? Downwind foiling is the purest form of foiling.You pop up with the paddle and then you ride open ocean swells, using their energy to glide above the water for long distances \u2014 no engine, no constant power, just flow. It\u2019s not about speed. It\u2019s about connection, rhythm and reading the ocean. [&hellip;]<\/p>\n","protected":false},"author":1,"featured_media":0,"parent":0,"menu_order":0,"comment_status":"closed","ping_status":"closed","template":"","meta":{"footnotes":""},"class_list":["post-676","page","type-page","status-publish","hentry"],"_hostinger_reach_plugin_has_subscription_block":false,"_hostinger_reach_plugin_is_elementor":false,"_links":{"self":[{"href":"https:\/\/pantaicostabrava.com\/es\/wp-json\/wp\/v2\/pages\/676","targetHints":{"allow":["GET"]}}],"collection":[{"href":"https:\/\/pantaicostabrava.com\/es\/wp-json\/wp\/v2\/pages"}],"about":[{"href":"https:\/\/pantaicostabrava.com\/es\/wp-json\/wp\/v2\/types\/page"}],"author":[{"embeddable":true,"href":"https:\/\/pantaicostabrava.com\/es\/wp-json\/wp\/v2\/users\/1"}],"replies":[{"embeddable":true,"href":"https:\/\/pantaicostabrava.com\/es\/wp-json\/wp\/v2\/comments?post=676"}],"version-history":[{"count":7,"href":"https:\/\/pantaicostabrava.com\/es\/wp-json\/wp\/v2\/pages\/676\/revisions"}],"predecessor-version":[{"id":701,"href":"https:\/\/pantaicostabrava.com\/es\/wp-json\/wp\/v2\/pages\/676\/revisions\/701"}],"wp:attachment":[{"href":"https:\/\/pantaicostabrava.com\/es\/wp-json\/wp\/v2\/media?parent=676"}],"curies":[{"name":"wp","href":"https:\/\/api.w.org\/{rel}","templated":true}]}}