{"id":612,"date":"2026-03-18T19:47:34","date_gmt":"2026-03-18T19:47:34","guid":{"rendered":"https:\/\/pantaicostabrava.com\/?page_id=612"},"modified":"2026-04-01T10:07:08","modified_gmt":"2026-04-01T10:07:08","slug":"curso-de-wakefoil","status":"publish","type":"page","link":"https:\/\/pantaicostabrava.com\/es\/wakefoil\/","title":{"rendered":"Wakefoil"},"content":{"rendered":"<div class=\"wp-block-media-text alignfull foil-hero has-color-1-color has-color-3-background-color has-text-color has-background has-link-color wp-elements-ee175e38af65b9b712eb7797bf01dafe\" style=\"grid-template-columns:36% auto\"><figure class=\"wp-block-media-text__media\"><img loading=\"lazy\" decoding=\"async\" width=\"947\" height=\"1024\" src=\"https:\/\/pantaicostabrava.com\/wp-content\/uploads\/2026\/03\/B3C9FE26-FFEC-4C29-9A16-3B24FF132CDE_1_201_a-947x1024.jpeg\" alt=\"Clases de wakefoil y wingfoil en Playa de Pals, Costa Brava, Begur\" class=\"wp-image-616 size-full\" srcset=\"https:\/\/pantaicostabrava.com\/wp-content\/uploads\/2026\/03\/B3C9FE26-FFEC-4C29-9A16-3B24FF132CDE_1_201_a-947x1024.jpeg 947w, https:\/\/pantaicostabrava.com\/wp-content\/uploads\/2026\/03\/B3C9FE26-FFEC-4C29-9A16-3B24FF132CDE_1_201_a-277x300.jpeg 277w, https:\/\/pantaicostabrava.com\/wp-content\/uploads\/2026\/03\/B3C9FE26-FFEC-4C29-9A16-3B24FF132CDE_1_201_a-768x831.jpeg 768w, https:\/\/pantaicostabrava.com\/wp-content\/uploads\/2026\/03\/B3C9FE26-FFEC-4C29-9A16-3B24FF132CDE_1_201_a-1420x1536.jpeg 1420w, https:\/\/pantaicostabrava.com\/wp-content\/uploads\/2026\/03\/B3C9FE26-FFEC-4C29-9A16-3B24FF132CDE_1_201_a-11x12.jpeg 11w, https:\/\/pantaicostabrava.com\/wp-content\/uploads\/2026\/03\/B3C9FE26-FFEC-4C29-9A16-3B24FF132CDE_1_201_a.jpeg 1536w\" sizes=\"auto, (max-width: 947px) 100vw, 947px\" \/><\/figure><div class=\"wp-block-media-text__content\">\n<h1 class=\"wp-block-heading has-text-align-center\">Clases de WAKEFoil en la Costa Brava<\/h1>\n\n\n\n<p class=\"has-text-align-center hide-mobile\">La forma m\u00e1s f\u00e1cil y r\u00e1pida de experimentar tus primeros vuelos sobre el agua.<br>Preparaci\u00f3n perfecta antes de empezar a hacer wingfoil.<\/p>\n\n\n\n<div style=\"height:15px\" aria-hidden=\"true\" class=\"wp-block-spacer\"><\/div>\n\n\n\n<div class=\"wp-block-buttons wa-wakefoil is-content-justification-center is-layout-flex wp-container-core-buttons-is-layout-a89b3969 wp-block-buttons-is-layout-flex\">\n<div class=\"wp-block-button\"><a class=\"wp-block-button__link wp-element-button\">Reserva tu lecci\u00f3n de wake foil<\/a><\/div>\n<\/div>\n<\/div><\/div>\n\n\n\n<div style=\"height:13px\" aria-hidden=\"true\" class=\"wp-block-spacer\"><\/div>\n\n\n\n<p class=\"has-text-align-center\">El wakefoil detr\u00e1s de la embarcaci\u00f3n es la forma m\u00e1s r\u00e1pida y segura de experimentar tus primeros vuelos sobre el agua.<br><br>Con la potencia del barco, puedes centrarte solo en el equilibrio y el control del foil, sin preocuparte por el viento o las olas.<\/p>\n\n\n\n<hr class=\"wp-block-separator has-alpha-channel-opacity\"\/>\n\n\n\n<div class=\"wp-block-columns alignwide is-layout-flex wp-container-core-columns-is-layout-28f84493 wp-block-columns-is-layout-flex\">\n<div class=\"wp-block-column is-vertically-aligned-center is-layout-flow wp-block-column-is-layout-flow\">\n<h2 class=\"wp-block-heading\">\u00bfpor qu\u00e9 es f\u00e1cil?<\/h2>\n<\/div>\n\n\n\n<div class=\"wp-block-column is-layout-flow wp-block-column-is-layout-flow\">\n<p>El wakefoil te permite concentrarte en el volar en mar plano, sin la complejidad del viento o las olas.<\/p>\n\n\n\n<p>Esto lo convierte en la forma m\u00e1s r\u00e1pida, f\u00e1cil y segura de aprender a volar, y el primer paso perfecto antes de pasar al wingfoil.<\/p>\n<\/div>\n<\/div>\n\n\n\n<div class=\"wp-block-group has-light-color has-color-2-background-color has-text-color has-background has-link-color wp-elements-7f00ab260239198729f4bd5f8e17c32e has-global-padding is-layout-constrained wp-block-group-is-layout-constrained\">\n<div class=\"wp-block-columns alignfull is-layout-flex wp-container-core-columns-is-layout-28f84493 wp-block-columns-is-layout-flex\">\n<div class=\"wp-block-column is-layout-flow wp-block-column-is-layout-flow\">\n<div style=\"height:23px\" aria-hidden=\"true\" class=\"wp-block-spacer\"><\/div>\n\n\n\n<h2 class=\"wp-block-heading\">c\u00f3mo funcionan las clases<\/h2>\n\n\n\n<ul class=\"wp-block-list\">\n<li>Sesiones asistidas por embarcacion<\/li>\n\n\n\n<li>Grupos peque\u00f1os o privado<\/li>\n\n\n\n<li>Trabajamos el equilibrio y el control<\/li>\n\n\n\n<li>Equipo de foil estable y f\u00e1cil de usar para principiantes<\/li>\n\n\n\n<li>Embarcaci\u00f3n de seguridad en todo momento<\/li>\n<\/ul>\n<\/div>\n\n\n\n<div class=\"wp-block-column is-layout-flow wp-block-column-is-layout-flow\">\n<div style=\"height:23px\" aria-hidden=\"true\" class=\"wp-block-spacer\"><\/div>\n\n\n\n<h2 class=\"wp-block-heading\">CONDICIONES Y EQUIPAMIENTO<\/h2>\n\n\n\n<p>Siempre ense\u00f1amos en condiciones de mar plano para hacer el aprendizaje lo m\u00e1s f\u00e1cil y seguro posible.<\/p>\n\n\n\n<p>Utilizamos tablas grandes y estables y foils lentos y tolerantes, lo que permite concentrarse en aprender y disfrutar desde la primera sesi\u00f3n.<\/p>\n<\/div>\n<\/div>\n\n\n\n<div style=\"height:28px\" aria-hidden=\"true\" class=\"wp-block-spacer\"><\/div>\n<\/div>\n\n\n\n<h2 class=\"wp-block-heading\">PRECIOS<\/h2>\n\n\n\n<div class=\"wp-block-columns alignfull are-vertically-aligned-center is-layout-flex wp-container-core-columns-is-layout-28f84493 wp-block-columns-is-layout-flex\">\n<div class=\"wp-block-column is-vertically-aligned-center is-layout-flow wp-block-column-is-layout-flow\">\n<p class=\"has-text-align-center\">1 persona<br>1 sesi\u00f3n (1h): 110\u20ac<br>3 sesiones: 295\u20ac<br>6 sesiones: 540\u20ac<\/p>\n<\/div>\n\n\n\n<div class=\"wp-block-column is-vertically-aligned-center is-layout-flow wp-block-column-is-layout-flow\">\n<p class=\"has-text-align-center\">2 personas<br>1 sesi\u00f3n (1h): 100\u20ac por persona<br>3 sesiones: 270\u20ac por persona<br>6 sesiones: 480.00 \u20ac por persona<\/p>\n<\/div>\n\n\n\n<div class=\"wp-block-column is-vertically-aligned-center is-layout-flow wp-block-column-is-layout-flow\">\n<p class=\"has-text-align-center\">3 personas<br>1 sesi\u00f3n (1h): 95 \u20ac por persona<br>3 sesiones: 250\u20ac por persona<br>6 sesiones: 450 \u20ac por persona<\/p>\n<\/div>\n<\/div>\n\n\n\n<p class=\"has-text-align-center\">Para las sesiones grupales, los participantes deben venir juntos y turnarse.<\/p>\n\n\n\n<p class=\"has-text-align-center\">Cada persona tiene su propia sesi\u00f3n de una hora. M\u00e1ximo 3 personas.<\/p>\n\n\n\n<hr class=\"wp-block-separator has-alpha-channel-opacity\"\/>\n\n\n\n<div class=\"wp-block-group alignfull hostinger-ai-gallery-3 hostinger-ai-fade-up is-layout-flow wp-block-group-is-layout-flow\" data-aos=\"fade-up\">\n<div class=\"wp-block-group alignfull hostinger-ai-fade-up is-nowrap is-layout-flex wp-container-core-group-is-layout-4ac5639c wp-block-group-is-layout-flex\" data-aos=\"fade-up\" style=\"margin-bottom:0;padding-top:0;padding-bottom:var(--wp--preset--spacing--30)\">\n<div class=\"wp-block-columns is-layout-flex wp-container-core-columns-is-layout-28f84493 wp-block-columns-is-layout-flex\">\n<div class=\"wp-block-column is-layout-flow wp-block-column-is-layout-flow\" style=\"flex-basis:50%\">\n<h2 class=\"wp-block-heading hostinger-ai-title has-x-large-font-size\" style=\"margin-bottom:0\">nuestro COACH<\/h2>\n\n\n\n<figure data-wp-context=\"{&quot;imageId&quot;:&quot;69e019db1b407&quot;}\" data-wp-interactive=\"core\/image\" data-wp-key=\"69e019db1b407\" class=\"wp-block-image aligncenter size-large wp-lightbox-container\"><img loading=\"lazy\" decoding=\"async\" width=\"1024\" height=\"683\" data-wp-class--hide=\"state.isContentHidden\" data-wp-class--show=\"state.isContentVisible\" data-wp-init=\"callbacks.setButtonStyles\" data-wp-on--click=\"actions.showLightbox\" data-wp-on--load=\"callbacks.setButtonStyles\" data-wp-on-window--resize=\"callbacks.setButtonStyles\" src=\"https:\/\/pantaicostabrava.com\/wp-content\/uploads\/2026\/03\/IMG_5265-1024x683.jpg\" alt=\"\" class=\"wp-image-558\" style=\"aspect-ratio:1.500033482890243\" srcset=\"https:\/\/pantaicostabrava.com\/wp-content\/uploads\/2026\/03\/IMG_5265-1024x683.jpg 1024w, https:\/\/pantaicostabrava.com\/wp-content\/uploads\/2026\/03\/IMG_5265-300x200.jpg 300w, https:\/\/pantaicostabrava.com\/wp-content\/uploads\/2026\/03\/IMG_5265-768x512.jpg 768w, https:\/\/pantaicostabrava.com\/wp-content\/uploads\/2026\/03\/IMG_5265-1536x1024.jpg 1536w, https:\/\/pantaicostabrava.com\/wp-content\/uploads\/2026\/03\/IMG_5265-2048x1365.jpg 2048w, https:\/\/pantaicostabrava.com\/wp-content\/uploads\/2026\/03\/IMG_5265-18x12.jpg 18w\" sizes=\"auto, (max-width: 1024px) 100vw, 1024px\" \/><button\n\t\t\tclass=\"lightbox-trigger\"\n\t\t\ttype=\"button\"\n\t\t\taria-haspopup=\"dialog\"\n\t\t\taria-label=\"Agrandar\"\n\t\t\tdata-wp-init=\"callbacks.initTriggerButton\"\n\t\t\tdata-wp-on--click=\"actions.showLightbox\"\n\t\t\tdata-wp-style--right=\"state.imageButtonRight\"\n\t\t\tdata-wp-style--top=\"state.imageButtonTop\"\n\t\t>\n\t\t\t<svg xmlns=\"http:\/\/www.w3.org\/2000\/svg\" width=\"12\" height=\"12\" fill=\"none\" viewbox=\"0 0 12 12\">\n\t\t\t\t<path fill=\"#fff\" d=\"M2 0a2 2 0 0 0-2 2v2h1.5V2a.5.5 0 0 1 .5-.5h2V0H2Zm2 10.5H2a.5.5 0 0 1-.5-.5V8H0v2a2 2 0 0 0 2 2h2v-1.5ZM8 12v-1.5h2a.5.5 0 0 0 .5-.5V8H12v2a2 2 0 0 1-2 2H8Zm2-12a2 2 0 0 1 2 2v2h-1.5V2a.5.5 0 0 0-.5-.5H8V0h2Z\" \/>\n\t\t\t<\/svg>\n\t\t<\/button><\/figure>\n<\/div>\n\n\n\n<div class=\"wp-block-column is-vertically-aligned-center has-small-font-size has-global-padding is-layout-constrained wp-block-column-is-layout-constrained\" style=\"flex-basis:50%\">\n<p class=\"has-text-align-center hostinger-ai-description has-medium-font-size\"><br><br>Albert Asenjo. Fundador de Pantai Costa Brava, rider del equipo Code Foils y actual Campe\u00f3n de Catalu\u00f1a y Espa\u00f1a de Downwind.<\/p>\n\n\n\n<p class=\"has-text-align-center hostinger-ai-description has-medium-font-size\">Se especializa en entrenamiento de foil progresivo, ayudando a los estudiantes a lograr sus primeros vuelos de manera divertida, segura y eficiente.<\/p>\n<\/div>\n<\/div>\n<\/div>\n\n\n\n<div class=\"wp-block-group alignwide hostinger-ai-fade-up is-layout-flow wp-block-group-is-layout-flow\" data-aos=\"fade-up\" style=\"padding-top:var(--wp--preset--spacing--60);padding-bottom:var(--wp--preset--spacing--60)\">\n<h2 class=\"wp-block-heading has-text-align-center hostinger-ai-title has-dark-color has-text-color has-link-color has-x-large-font-size wp-elements-012e5a02bb293c8cb11e1544bd7c6b19\" style=\"margin-top:0;margin-right:0;margin-bottom:var(--wp--preset--spacing--20);margin-left:0\">Galer\u00eda<\/h2>\n\n\n\n<figure class=\"wp-block-gallery has-nested-images columns-default is-cropped wp-block-gallery-1 is-layout-flex wp-block-gallery-is-layout-flex\">\n<figure data-wp-context=\"{&quot;imageId&quot;:&quot;69e019db1b9c4&quot;}\" data-wp-interactive=\"core\/image\" data-wp-key=\"69e019db1b9c4\" class=\"wp-block-image size-full wp-lightbox-container\"><img loading=\"lazy\" decoding=\"async\" width=\"360\" height=\"480\" data-wp-class--hide=\"state.isContentHidden\" data-wp-class--show=\"state.isContentVisible\" data-wp-init=\"callbacks.setButtonStyles\" data-wp-on--click=\"actions.showLightbox\" data-wp-on--load=\"callbacks.setButtonStyles\" data-wp-on-window--resize=\"callbacks.setButtonStyles\" data-id=\"588\" src=\"https:\/\/pantaicostabrava.com\/wp-content\/uploads\/2026\/03\/DBB9FB4E-5B4A-4C75-8C31-2836CE8AECDC_4_5005_c.jpeg\" alt=\"\" class=\"wp-image-588\" srcset=\"https:\/\/pantaicostabrava.com\/wp-content\/uploads\/2026\/03\/DBB9FB4E-5B4A-4C75-8C31-2836CE8AECDC_4_5005_c.jpeg 360w, https:\/\/pantaicostabrava.com\/wp-content\/uploads\/2026\/03\/DBB9FB4E-5B4A-4C75-8C31-2836CE8AECDC_4_5005_c-225x300.jpeg 225w, https:\/\/pantaicostabrava.com\/wp-content\/uploads\/2026\/03\/DBB9FB4E-5B4A-4C75-8C31-2836CE8AECDC_4_5005_c-9x12.jpeg 9w\" sizes=\"auto, (max-width: 360px) 100vw, 360px\" \/><button\n\t\t\tclass=\"lightbox-trigger\"\n\t\t\ttype=\"button\"\n\t\t\taria-haspopup=\"dialog\"\n\t\t\taria-label=\"Agrandar\"\n\t\t\tdata-wp-init=\"callbacks.initTriggerButton\"\n\t\t\tdata-wp-on--click=\"actions.showLightbox\"\n\t\t\tdata-wp-style--right=\"state.imageButtonRight\"\n\t\t\tdata-wp-style--top=\"state.imageButtonTop\"\n\t\t>\n\t\t\t<svg xmlns=\"http:\/\/www.w3.org\/2000\/svg\" width=\"12\" height=\"12\" fill=\"none\" viewbox=\"0 0 12 12\">\n\t\t\t\t<path fill=\"#fff\" d=\"M2 0a2 2 0 0 0-2 2v2h1.5V2a.5.5 0 0 1 .5-.5h2V0H2Zm2 10.5H2a.5.5 0 0 1-.5-.5V8H0v2a2 2 0 0 0 2 2h2v-1.5ZM8 12v-1.5h2a.5.5 0 0 0 .5-.5V8H12v2a2 2 0 0 1-2 2H8Zm2-12a2 2 0 0 1 2 2v2h-1.5V2a.5.5 0 0 0-.5-.5H8V0h2Z\" \/>\n\t\t\t<\/svg>\n\t\t<\/button><\/figure>\n\n\n\n<figure data-wp-context=\"{&quot;imageId&quot;:&quot;69e019db1bc8b&quot;}\" data-wp-interactive=\"core\/image\" data-wp-key=\"69e019db1bc8b\" class=\"wp-block-image size-full wp-lightbox-container\"><img loading=\"lazy\" decoding=\"async\" width=\"1707\" height=\"2560\" data-wp-class--hide=\"state.isContentHidden\" data-wp-class--show=\"state.isContentVisible\" data-wp-init=\"callbacks.setButtonStyles\" data-wp-on--click=\"actions.showLightbox\" data-wp-on--load=\"callbacks.setButtonStyles\" data-wp-on-window--resize=\"callbacks.setButtonStyles\" data-id=\"546\" src=\"https:\/\/pantaicostabrava.com\/wp-content\/uploads\/2026\/03\/IMG_6861-scaled.jpg\" alt=\"Aprende a hacer foil en la Costa Brava\" class=\"wp-image-546\" srcset=\"https:\/\/pantaicostabrava.com\/wp-content\/uploads\/2026\/03\/IMG_6861-scaled.jpg 1707w, https:\/\/pantaicostabrava.com\/wp-content\/uploads\/2026\/03\/IMG_6861-200x300.jpg 200w, https:\/\/pantaicostabrava.com\/wp-content\/uploads\/2026\/03\/IMG_6861-683x1024.jpg 683w, https:\/\/pantaicostabrava.com\/wp-content\/uploads\/2026\/03\/IMG_6861-768x1152.jpg 768w, https:\/\/pantaicostabrava.com\/wp-content\/uploads\/2026\/03\/IMG_6861-1024x1536.jpg 1024w, https:\/\/pantaicostabrava.com\/wp-content\/uploads\/2026\/03\/IMG_6861-1365x2048.jpg 1365w, https:\/\/pantaicostabrava.com\/wp-content\/uploads\/2026\/03\/IMG_6861-8x12.jpg 8w\" sizes=\"auto, (max-width: 1707px) 100vw, 1707px\" \/><button\n\t\t\tclass=\"lightbox-trigger\"\n\t\t\ttype=\"button\"\n\t\t\taria-haspopup=\"dialog\"\n\t\t\taria-label=\"Agrandar\"\n\t\t\tdata-wp-init=\"callbacks.initTriggerButton\"\n\t\t\tdata-wp-on--click=\"actions.showLightbox\"\n\t\t\tdata-wp-style--right=\"state.imageButtonRight\"\n\t\t\tdata-wp-style--top=\"state.imageButtonTop\"\n\t\t>\n\t\t\t<svg xmlns=\"http:\/\/www.w3.org\/2000\/svg\" width=\"12\" height=\"12\" fill=\"none\" viewbox=\"0 0 12 12\">\n\t\t\t\t<path fill=\"#fff\" d=\"M2 0a2 2 0 0 0-2 2v2h1.5V2a.5.5 0 0 1 .5-.5h2V0H2Zm2 10.5H2a.5.5 0 0 1-.5-.5V8H0v2a2 2 0 0 0 2 2h2v-1.5ZM8 12v-1.5h2a.5.5 0 0 0 .5-.5V8H12v2a2 2 0 0 1-2 2H8Zm2-12a2 2 0 0 1 2 2v2h-1.5V2a.5.5 0 0 0-.5-.5H8V0h2Z\" \/>\n\t\t\t<\/svg>\n\t\t<\/button><\/figure>\n\n\n\n<figure data-wp-context=\"{&quot;imageId&quot;:&quot;69e019db1bf3a&quot;}\" data-wp-interactive=\"core\/image\" data-wp-key=\"69e019db1bf3a\" class=\"wp-block-image size-full wp-lightbox-container\"><img loading=\"lazy\" decoding=\"async\" width=\"1536\" height=\"2048\" data-wp-class--hide=\"state.isContentHidden\" data-wp-class--show=\"state.isContentVisible\" data-wp-init=\"callbacks.setButtonStyles\" data-wp-on--click=\"actions.showLightbox\" data-wp-on--load=\"callbacks.setButtonStyles\" data-wp-on-window--resize=\"callbacks.setButtonStyles\" data-id=\"613\" src=\"https:\/\/pantaicostabrava.com\/wp-content\/uploads\/2026\/03\/A73BCD4D-6079-4C06-A0C2-18D8CB66843C.jpg\" alt=\"Clases de wakefoil y wingfoil en Playa de Pals, Costa Brava, Begur\" class=\"wp-image-613\" srcset=\"https:\/\/pantaicostabrava.com\/wp-content\/uploads\/2026\/03\/A73BCD4D-6079-4C06-A0C2-18D8CB66843C.jpg 1536w, https:\/\/pantaicostabrava.com\/wp-content\/uploads\/2026\/03\/A73BCD4D-6079-4C06-A0C2-18D8CB66843C-225x300.jpg 225w, https:\/\/pantaicostabrava.com\/wp-content\/uploads\/2026\/03\/A73BCD4D-6079-4C06-A0C2-18D8CB66843C-768x1024.jpg 768w, https:\/\/pantaicostabrava.com\/wp-content\/uploads\/2026\/03\/A73BCD4D-6079-4C06-A0C2-18D8CB66843C-1152x1536.jpg 1152w, https:\/\/pantaicostabrava.com\/wp-content\/uploads\/2026\/03\/A73BCD4D-6079-4C06-A0C2-18D8CB66843C-9x12.jpg 9w\" sizes=\"auto, (max-width: 1536px) 100vw, 1536px\" \/><button\n\t\t\tclass=\"lightbox-trigger\"\n\t\t\ttype=\"button\"\n\t\t\taria-haspopup=\"dialog\"\n\t\t\taria-label=\"Agrandar\"\n\t\t\tdata-wp-init=\"callbacks.initTriggerButton\"\n\t\t\tdata-wp-on--click=\"actions.showLightbox\"\n\t\t\tdata-wp-style--right=\"state.imageButtonRight\"\n\t\t\tdata-wp-style--top=\"state.imageButtonTop\"\n\t\t>\n\t\t\t<svg xmlns=\"http:\/\/www.w3.org\/2000\/svg\" width=\"12\" height=\"12\" fill=\"none\" viewbox=\"0 0 12 12\">\n\t\t\t\t<path fill=\"#fff\" d=\"M2 0a2 2 0 0 0-2 2v2h1.5V2a.5.5 0 0 1 .5-.5h2V0H2Zm2 10.5H2a.5.5 0 0 1-.5-.5V8H0v2a2 2 0 0 0 2 2h2v-1.5ZM8 12v-1.5h2a.5.5 0 0 0 .5-.5V8H12v2a2 2 0 0 1-2 2H8Zm2-12a2 2 0 0 1 2 2v2h-1.5V2a.5.5 0 0 0-.5-.5H8V0h2Z\" \/>\n\t\t\t<\/svg>\n\t\t<\/button><\/figure>\n\n\n\n<figure data-wp-context=\"{&quot;imageId&quot;:&quot;69e019db1c1e6&quot;}\" data-wp-interactive=\"core\/image\" data-wp-key=\"69e019db1c1e6\" class=\"wp-block-image size-full wp-lightbox-container\"><img loading=\"lazy\" decoding=\"async\" width=\"1536\" height=\"2048\" data-wp-class--hide=\"state.isContentHidden\" data-wp-class--show=\"state.isContentVisible\" data-wp-init=\"callbacks.setButtonStyles\" data-wp-on--click=\"actions.showLightbox\" data-wp-on--load=\"callbacks.setButtonStyles\" data-wp-on-window--resize=\"callbacks.setButtonStyles\" data-id=\"591\" src=\"https:\/\/pantaicostabrava.com\/wp-content\/uploads\/2026\/03\/6C3764EB-1693-4211-ACB8-6B3FA59A7139.jpg\" alt=\"aprende a hacer foil en playa Costa Brava Begur\" class=\"wp-image-591\" srcset=\"https:\/\/pantaicostabrava.com\/wp-content\/uploads\/2026\/03\/6C3764EB-1693-4211-ACB8-6B3FA59A7139.jpg 1536w, https:\/\/pantaicostabrava.com\/wp-content\/uploads\/2026\/03\/6C3764EB-1693-4211-ACB8-6B3FA59A7139-225x300.jpg 225w, https:\/\/pantaicostabrava.com\/wp-content\/uploads\/2026\/03\/6C3764EB-1693-4211-ACB8-6B3FA59A7139-768x1024.jpg 768w, https:\/\/pantaicostabrava.com\/wp-content\/uploads\/2026\/03\/6C3764EB-1693-4211-ACB8-6B3FA59A7139-1152x1536.jpg 1152w, https:\/\/pantaicostabrava.com\/wp-content\/uploads\/2026\/03\/6C3764EB-1693-4211-ACB8-6B3FA59A7139-9x12.jpg 9w\" sizes=\"auto, (max-width: 1536px) 100vw, 1536px\" \/><button\n\t\t\tclass=\"lightbox-trigger\"\n\t\t\ttype=\"button\"\n\t\t\taria-haspopup=\"dialog\"\n\t\t\taria-label=\"Agrandar\"\n\t\t\tdata-wp-init=\"callbacks.initTriggerButton\"\n\t\t\tdata-wp-on--click=\"actions.showLightbox\"\n\t\t\tdata-wp-style--right=\"state.imageButtonRight\"\n\t\t\tdata-wp-style--top=\"state.imageButtonTop\"\n\t\t>\n\t\t\t<svg xmlns=\"http:\/\/www.w3.org\/2000\/svg\" width=\"12\" height=\"12\" fill=\"none\" viewbox=\"0 0 12 12\">\n\t\t\t\t<path fill=\"#fff\" d=\"M2 0a2 2 0 0 0-2 2v2h1.5V2a.5.5 0 0 1 .5-.5h2V0H2Zm2 10.5H2a.5.5 0 0 1-.5-.5V8H0v2a2 2 0 0 0 2 2h2v-1.5ZM8 12v-1.5h2a.5.5 0 0 0 .5-.5V8H12v2a2 2 0 0 1-2 2H8Zm2-12a2 2 0 0 1 2 2v2h-1.5V2a.5.5 0 0 0-.5-.5H8V0h2Z\" \/>\n\t\t\t<\/svg>\n\t\t<\/button><\/figure>\n\n\n\n<figure data-wp-context=\"{&quot;imageId&quot;:&quot;69e019db1c4ac&quot;}\" data-wp-interactive=\"core\/image\" data-wp-key=\"69e019db1c4ac\" class=\"wp-block-image size-large wp-lightbox-container\"><img loading=\"lazy\" decoding=\"async\" width=\"768\" height=\"1024\" data-wp-class--hide=\"state.isContentHidden\" data-wp-class--show=\"state.isContentVisible\" data-wp-init=\"callbacks.setButtonStyles\" data-wp-on--click=\"actions.showLightbox\" data-wp-on--load=\"callbacks.setButtonStyles\" data-wp-on-window--resize=\"callbacks.setButtonStyles\" data-id=\"621\" src=\"https:\/\/pantaicostabrava.com\/wp-content\/uploads\/2026\/03\/935EBD91-056B-4558-BFF5-A81A2F74FFCE-768x1024.jpg\" alt=\"Aprende a foil en la playa de Costa Brava\" class=\"wp-image-621\" srcset=\"https:\/\/pantaicostabrava.com\/wp-content\/uploads\/2026\/03\/935EBD91-056B-4558-BFF5-A81A2F74FFCE-768x1024.jpg 768w, https:\/\/pantaicostabrava.com\/wp-content\/uploads\/2026\/03\/935EBD91-056B-4558-BFF5-A81A2F74FFCE-225x300.jpg 225w, https:\/\/pantaicostabrava.com\/wp-content\/uploads\/2026\/03\/935EBD91-056B-4558-BFF5-A81A2F74FFCE-1152x1536.jpg 1152w, https:\/\/pantaicostabrava.com\/wp-content\/uploads\/2026\/03\/935EBD91-056B-4558-BFF5-A81A2F74FFCE-9x12.jpg 9w, https:\/\/pantaicostabrava.com\/wp-content\/uploads\/2026\/03\/935EBD91-056B-4558-BFF5-A81A2F74FFCE.jpg 1536w\" sizes=\"auto, (max-width: 768px) 100vw, 768px\" \/><button\n\t\t\tclass=\"lightbox-trigger\"\n\t\t\ttype=\"button\"\n\t\t\taria-haspopup=\"dialog\"\n\t\t\taria-label=\"Agrandar\"\n\t\t\tdata-wp-init=\"callbacks.initTriggerButton\"\n\t\t\tdata-wp-on--click=\"actions.showLightbox\"\n\t\t\tdata-wp-style--right=\"state.imageButtonRight\"\n\t\t\tdata-wp-style--top=\"state.imageButtonTop\"\n\t\t>\n\t\t\t<svg xmlns=\"http:\/\/www.w3.org\/2000\/svg\" width=\"12\" height=\"12\" fill=\"none\" viewbox=\"0 0 12 12\">\n\t\t\t\t<path fill=\"#fff\" d=\"M2 0a2 2 0 0 0-2 2v2h1.5V2a.5.5 0 0 1 .5-.5h2V0H2Zm2 10.5H2a.5.5 0 0 1-.5-.5V8H0v2a2 2 0 0 0 2 2h2v-1.5ZM8 12v-1.5h2a.5.5 0 0 0 .5-.5V8H12v2a2 2 0 0 1-2 2H8Zm2-12a2 2 0 0 1 2 2v2h-1.5V2a.5.5 0 0 0-.5-.5H8V0h2Z\" \/>\n\t\t\t<\/svg>\n\t\t<\/button><\/figure>\n<\/figure>\n<\/div>\n<\/div>\n\n\n\n<h2 class=\"wp-block-heading has-text-align-center\">\u00bfListo para tus primeros vuelos?<\/h2>\n\n\n\n<div class=\"wp-block-group has-global-padding is-layout-constrained wp-block-group-is-layout-constrained\">\n<div class=\"wp-block-buttons wa-wakefoil is-content-justification-center is-layout-flex wp-container-core-buttons-is-layout-a89b3969 wp-block-buttons-is-layout-flex\">\n<div class=\"wp-block-button\"><a class=\"wp-block-button__link wp-element-button\">RESERVAR AHORA<\/a><\/div>\n<\/div>\n<\/div>","protected":false},"excerpt":{"rendered":"<p>Wakefoiling behind the boat is the fastest and safest way to experience your first flights above the water. With the power of the boat, you can focus only on balance and foil control, without worrying about wind or waves. why it&#8217;s easy? Wakefoiling allows you to focus on balance and foil control, without the complexity [&hellip;]<\/p>\n","protected":false},"author":1,"featured_media":0,"parent":0,"menu_order":0,"comment_status":"closed","ping_status":"closed","template":"","meta":{"footnotes":""},"class_list":["post-612","page","type-page","status-publish","hentry"],"_hostinger_reach_plugin_has_subscription_block":false,"_hostinger_reach_plugin_is_elementor":false,"_links":{"self":[{"href":"https:\/\/pantaicostabrava.com\/es\/wp-json\/wp\/v2\/pages\/612","targetHints":{"allow":["GET"]}}],"collection":[{"href":"https:\/\/pantaicostabrava.com\/es\/wp-json\/wp\/v2\/pages"}],"about":[{"href":"https:\/\/pantaicostabrava.com\/es\/wp-json\/wp\/v2\/types\/page"}],"author":[{"embeddable":true,"href":"https:\/\/pantaicostabrava.com\/es\/wp-json\/wp\/v2\/users\/1"}],"replies":[{"embeddable":true,"href":"https:\/\/pantaicostabrava.com\/es\/wp-json\/wp\/v2\/comments?post=612"}],"version-history":[{"count":10,"href":"https:\/\/pantaicostabrava.com\/es\/wp-json\/wp\/v2\/pages\/612\/revisions"}],"predecessor-version":[{"id":754,"href":"https:\/\/pantaicostabrava.com\/es\/wp-json\/wp\/v2\/pages\/612\/revisions\/754"}],"wp:attachment":[{"href":"https:\/\/pantaicostabrava.com\/es\/wp-json\/wp\/v2\/media?parent=612"}],"curies":[{"name":"wp","href":"https:\/\/api.w.org\/{rel}","templated":true}]}}