{"id":466,"date":"2026-03-05T09:47:41","date_gmt":"2026-03-05T09:47:41","guid":{"rendered":"https:\/\/pantaicostabrava.com\/?page_id=466"},"modified":"2026-03-05T12:00:12","modified_gmt":"2026-03-05T12:00:12","slug":"sesion-nocturna","status":"publish","type":"page","link":"https:\/\/pantaicostabrava.com\/es\/night-session\/","title":{"rendered":"SESI\u00d3N NOCTURNA"},"content":{"rendered":"<div class=\"wp-block-media-text has-media-on-the-right is-stacked-on-mobile\"><div class=\"wp-block-media-text__content\">\n<p>Mientras el sol se pone, salimos a <strong>tablas de paddle surf equipadas con luces integradas<\/strong> que iluminan el agua bajo nosotros.<\/p>\n\n\n\n<p>Remamos por la costa pasando <strong>Illa Roja y Sa Riera<\/strong>, donde las luces revelan rocas, arena y peces nadando debajo de nosotros.<\/p>\n\n\n\n<p>Una forma tranquila y m\u00e1gica de experimentar el mar despu\u00e9s del atardecer.<\/p>\n<\/div><figure class=\"wp-block-media-text__media\"><img loading=\"lazy\" decoding=\"async\" width=\"768\" height=\"1024\" src=\"https:\/\/pantaicostabrava.com\/wp-content\/uploads\/2026\/03\/IMG_8328-768x1024.jpeg\" alt=\"sesi\u00f3n de paddle surf con luces al atardecer en la costa brava begur. Playa \" class=\"wp-image-467 size-full\" srcset=\"https:\/\/pantaicostabrava.com\/wp-content\/uploads\/2026\/03\/IMG_8328-768x1024.jpeg 768w, https:\/\/pantaicostabrava.com\/wp-content\/uploads\/2026\/03\/IMG_8328-225x300.jpeg 225w, https:\/\/pantaicostabrava.com\/wp-content\/uploads\/2026\/03\/IMG_8328-1152x1536.jpeg 1152w, https:\/\/pantaicostabrava.com\/wp-content\/uploads\/2026\/03\/IMG_8328-9x12.jpeg 9w, https:\/\/pantaicostabrava.com\/wp-content\/uploads\/2026\/03\/IMG_8328.jpeg 1536w\" sizes=\"auto, (max-width: 768px) 100vw, 768px\" \/><\/figure><\/div>\n\n\n\n<div class=\"wp-block-group alignfull hostinger-ai-gallery-5 hostinger-ai-fade-up is-layout-flow wp-block-group-is-layout-flow\" data-aos=\"fade-up\">\n<div style=\"height:20px\" aria-hidden=\"true\" class=\"wp-block-spacer\"><\/div>\n\n\n\n<div class=\"wp-block-columns has-light-color has-color-3-background-color has-text-color has-background has-link-color wp-elements-98e03a63052ce2ecb899bac294aa408a is-layout-flex wp-container-core-columns-is-layout-28f84493 wp-block-columns-is-layout-flex\">\n<div class=\"wp-block-column is-layout-flow wp-block-column-is-layout-flow\" style=\"padding-top:var(--wp--preset--spacing--30);padding-bottom:var(--wp--preset--spacing--30)\">\n<h3 class=\"wp-block-heading has-text-align-center\">QU\u00c9 INCLUYE<\/h3>\n\n\n\n<p class=\"has-text-align-center\">MATERIAL SUP (TABLA, REMO Y LEASH)<br>CHALECO SALVAVIDAS SI ES NECESARIO<br>BRIEFING ANTES DE EMPEZAR LA SESI\u00d3N<br>NO SE REQUIERE EXPERIENCIA<\/p>\n\n\n\n<p class=\"has-text-align-center\" style=\"margin-top:0;margin-bottom:0\">1 HORA EN EL AGUA<br>BUENAS FOTOS<br><br>35 EUROS POR PERSONA<\/p>\n\n\n\n<div class=\"wp-block-buttons wa-night is-content-justification-center is-layout-flex wp-container-core-buttons-is-layout-a89b3969 wp-block-buttons-is-layout-flex\">\n<div class=\"wp-block-button wa-rentals\"><a class=\"wp-block-button__link wp-element-button\">RESERVA TU PLAZA<\/a><\/div>\n<\/div>\n<\/div>\n<\/div>\n\n\n\n<div style=\"height:19px\" aria-hidden=\"true\" class=\"wp-block-spacer\"><\/div>\n\n\n\n<p class=\"has-text-align-center\">Nos encontramos en la playa para una <strong>briefing<\/strong>, donde tu gu\u00eda te explicar\u00e1 los conceptos b\u00e1sicos del remo, las instrucciones de seguridad y la ruta de la sesi\u00f3n. No se requiere experiencia previa, ya que las tablas son grandes, estables y f\u00e1ciles de manejar.<\/p>\n\n\n\n<p>Una vez en el agua, remamos a lo largo de la costa pasando <strong>Illa Roja <\/strong>y<strong> Sa Riera<\/strong>, disfrutando de la calma atm\u00f3sfera del mar nocturno.<\/p>\n\n\n\n<p>Nuestras tablas de paddle surf est\u00e1n equipadas con <strong>luces integradas<\/strong>, que iluminan gradualmente el agua bajo nosotros a medida que desaparece la luz natural. Esto nos permite ver el fondo marino, las rocas y, a veces, diferentes peces nadando debajo de las tablas.<\/p>\n\n\n\n<p>La experiencia dura <strong>alrededor de una hora en el agua<\/strong>, creando un ambiente m\u00e1gico mientras la costa transita lentamente del atardecer a la noche.<\/p>\n\n\n\n<p class=\"has-text-align-center\">Una forma relajada y diferente de descubrir la Costa Brava desde el mar.<\/p>\n\n\n\n<div class=\"wp-block-buttons wa-night is-content-justification-center is-layout-flex wp-container-core-buttons-is-layout-a89b3969 wp-block-buttons-is-layout-flex\">\n<div class=\"wp-block-button wa-sunrise\"><a class=\"wp-block-button__link wp-element-button\">RESERVA TU PLAZA<\/a><\/div>\n<\/div>\n\n\n\n<hr class=\"wp-block-separator has-alpha-channel-opacity\"\/>\n\n\n\n<div class=\"wp-block-group alignwide hostinger-ai-fade-up has-global-padding is-layout-constrained wp-block-group-is-layout-constrained\" data-aos=\"fade-up\" style=\"padding-top:var(--wp--preset--spacing--60);padding-bottom:var(--wp--preset--spacing--60)\">\n<h2 class=\"wp-block-heading has-text-align-center hostinger-ai-title has-dark-color has-text-color has-link-color has-x-large-font-size wp-elements-88956ab6cbd5696e52ddc577673a41e6\" style=\"margin-top:0;margin-right:0;margin-bottom:var(--wp--preset--spacing--20);margin-left:0\">Nuestra galer\u00eda<\/h2>\n<\/div>\n\n\n\n<div class=\"wp-block-group hostinger-ai-fade-up has-global-padding is-layout-constrained wp-block-group-is-layout-constrained\" data-aos=\"fade-up\" style=\"margin-top:0;margin-bottom:var(--wp--preset--spacing--60)\">\n<figure class=\"wp-block-gallery has-nested-images columns-default is-cropped wp-block-gallery-1 is-layout-flex wp-block-gallery-is-layout-flex\">\n<figure data-wp-context=\"{&quot;imageId&quot;:&quot;69e01b1d8a4fa&quot;}\" data-wp-interactive=\"core\/image\" data-wp-key=\"69e01b1d8a4fa\" class=\"wp-block-image size-full wp-lightbox-container\"><img loading=\"lazy\" decoding=\"async\" width=\"853\" height=\"1280\" data-wp-class--hide=\"state.isContentHidden\" data-wp-class--show=\"state.isContentVisible\" data-wp-init=\"callbacks.setButtonStyles\" data-wp-on--click=\"actions.showLightbox\" data-wp-on--load=\"callbacks.setButtonStyles\" data-wp-on-window--resize=\"callbacks.setButtonStyles\" data-id=\"479\" src=\"https:\/\/pantaicostabrava.com\/wp-content\/uploads\/2026\/03\/dji_fly_20250717_220532_0332_1752783233674_photo-en-tamano-grande.jpeg\" alt=\"Atardecer en paddle surf en la Costa Brava, Begur. Playa Costa Brava paddle surf\" class=\"wp-image-479\" srcset=\"https:\/\/pantaicostabrava.com\/wp-content\/uploads\/2026\/03\/dji_fly_20250717_220532_0332_1752783233674_photo-en-tamano-grande.jpeg 853w, https:\/\/pantaicostabrava.com\/wp-content\/uploads\/2026\/03\/dji_fly_20250717_220532_0332_1752783233674_photo-en-tamano-grande-200x300.jpeg 200w, https:\/\/pantaicostabrava.com\/wp-content\/uploads\/2026\/03\/dji_fly_20250717_220532_0332_1752783233674_photo-en-tamano-grande-682x1024.jpeg 682w, https:\/\/pantaicostabrava.com\/wp-content\/uploads\/2026\/03\/dji_fly_20250717_220532_0332_1752783233674_photo-en-tamano-grande-768x1152.jpeg 768w, https:\/\/pantaicostabrava.com\/wp-content\/uploads\/2026\/03\/dji_fly_20250717_220532_0332_1752783233674_photo-en-tamano-grande-8x12.jpeg 8w\" sizes=\"auto, (max-width: 853px) 100vw, 853px\" \/><button\n\t\t\tclass=\"lightbox-trigger\"\n\t\t\ttype=\"button\"\n\t\t\taria-haspopup=\"dialog\"\n\t\t\taria-label=\"Agrandar\"\n\t\t\tdata-wp-init=\"callbacks.initTriggerButton\"\n\t\t\tdata-wp-on--click=\"actions.showLightbox\"\n\t\t\tdata-wp-style--right=\"state.imageButtonRight\"\n\t\t\tdata-wp-style--top=\"state.imageButtonTop\"\n\t\t>\n\t\t\t<svg xmlns=\"http:\/\/www.w3.org\/2000\/svg\" width=\"12\" height=\"12\" fill=\"none\" viewbox=\"0 0 12 12\">\n\t\t\t\t<path fill=\"#fff\" d=\"M2 0a2 2 0 0 0-2 2v2h1.5V2a.5.5 0 0 1 .5-.5h2V0H2Zm2 10.5H2a.5.5 0 0 1-.5-.5V8H0v2a2 2 0 0 0 2 2h2v-1.5ZM8 12v-1.5h2a.5.5 0 0 0 .5-.5V8H12v2a2 2 0 0 1-2 2H8Zm2-12a2 2 0 0 1 2 2v2h-1.5V2a.5.5 0 0 0-.5-.5H8V0h2Z\" \/>\n\t\t\t<\/svg>\n\t\t<\/button><\/figure>\n\n\n\n<figure data-wp-context=\"{&quot;imageId&quot;:&quot;69e01b1d8a7ea&quot;}\" data-wp-interactive=\"core\/image\" data-wp-key=\"69e01b1d8a7ea\" class=\"wp-block-image size-large wp-lightbox-container\"><img loading=\"lazy\" decoding=\"async\" width=\"768\" height=\"1024\" data-wp-class--hide=\"state.isContentHidden\" data-wp-class--show=\"state.isContentVisible\" data-wp-init=\"callbacks.setButtonStyles\" data-wp-on--click=\"actions.showLightbox\" data-wp-on--load=\"callbacks.setButtonStyles\" data-wp-on-window--resize=\"callbacks.setButtonStyles\" data-id=\"412\" src=\"https:\/\/pantaicostabrava.com\/wp-content\/uploads\/2026\/03\/IMG_4338-768x1024.jpeg\" alt=\"Atardecer en paddle surf en la Costa Brava, Begur. Playa Costa Brava paddle surf\" class=\"wp-image-412\" srcset=\"https:\/\/pantaicostabrava.com\/wp-content\/uploads\/2026\/03\/IMG_4338-768x1024.jpeg 768w, https:\/\/pantaicostabrava.com\/wp-content\/uploads\/2026\/03\/IMG_4338-225x300.jpeg 225w, https:\/\/pantaicostabrava.com\/wp-content\/uploads\/2026\/03\/IMG_4338-1152x1536.jpeg 1152w, https:\/\/pantaicostabrava.com\/wp-content\/uploads\/2026\/03\/IMG_4338-9x12.jpeg 9w, https:\/\/pantaicostabrava.com\/wp-content\/uploads\/2026\/03\/IMG_4338.jpeg 1536w\" sizes=\"auto, (max-width: 768px) 100vw, 768px\" \/><button\n\t\t\tclass=\"lightbox-trigger\"\n\t\t\ttype=\"button\"\n\t\t\taria-haspopup=\"dialog\"\n\t\t\taria-label=\"Agrandar\"\n\t\t\tdata-wp-init=\"callbacks.initTriggerButton\"\n\t\t\tdata-wp-on--click=\"actions.showLightbox\"\n\t\t\tdata-wp-style--right=\"state.imageButtonRight\"\n\t\t\tdata-wp-style--top=\"state.imageButtonTop\"\n\t\t>\n\t\t\t<svg xmlns=\"http:\/\/www.w3.org\/2000\/svg\" width=\"12\" height=\"12\" fill=\"none\" viewbox=\"0 0 12 12\">\n\t\t\t\t<path fill=\"#fff\" d=\"M2 0a2 2 0 0 0-2 2v2h1.5V2a.5.5 0 0 1 .5-.5h2V0H2Zm2 10.5H2a.5.5 0 0 1-.5-.5V8H0v2a2 2 0 0 0 2 2h2v-1.5ZM8 12v-1.5h2a.5.5 0 0 0 .5-.5V8H12v2a2 2 0 0 1-2 2H8Zm2-12a2 2 0 0 1 2 2v2h-1.5V2a.5.5 0 0 0-.5-.5H8V0h2Z\" \/>\n\t\t\t<\/svg>\n\t\t<\/button><\/figure>\n\n\n\n<figure data-wp-context=\"{&quot;imageId&quot;:&quot;69e01b1d8aa90&quot;}\" data-wp-interactive=\"core\/image\" data-wp-key=\"69e01b1d8aa90\" class=\"wp-block-image size-full wp-lightbox-container\"><img loading=\"lazy\" decoding=\"async\" width=\"1920\" height=\"2560\" data-wp-class--hide=\"state.isContentHidden\" data-wp-class--show=\"state.isContentVisible\" data-wp-init=\"callbacks.setButtonStyles\" data-wp-on--click=\"actions.showLightbox\" data-wp-on--load=\"callbacks.setButtonStyles\" data-wp-on-window--resize=\"callbacks.setButtonStyles\" data-id=\"482\" src=\"https:\/\/pantaicostabrava.com\/wp-content\/uploads\/2026\/03\/night-paddle-surf-scaled.jpeg\" alt=\"Atardecer en tabla de paddle surf con luces en Begur, Costa Brava.\" class=\"wp-image-482\" srcset=\"https:\/\/pantaicostabrava.com\/wp-content\/uploads\/2026\/03\/night-paddle-surf-scaled.jpeg 1920w, https:\/\/pantaicostabrava.com\/wp-content\/uploads\/2026\/03\/night-paddle-surf-225x300.jpeg 225w, https:\/\/pantaicostabrava.com\/wp-content\/uploads\/2026\/03\/night-paddle-surf-768x1024.jpeg 768w, https:\/\/pantaicostabrava.com\/wp-content\/uploads\/2026\/03\/night-paddle-surf-1152x1536.jpeg 1152w, https:\/\/pantaicostabrava.com\/wp-content\/uploads\/2026\/03\/night-paddle-surf-1536x2048.jpeg 1536w, https:\/\/pantaicostabrava.com\/wp-content\/uploads\/2026\/03\/night-paddle-surf-9x12.jpeg 9w\" sizes=\"auto, (max-width: 1920px) 100vw, 1920px\" \/><button\n\t\t\tclass=\"lightbox-trigger\"\n\t\t\ttype=\"button\"\n\t\t\taria-haspopup=\"dialog\"\n\t\t\taria-label=\"Agrandar\"\n\t\t\tdata-wp-init=\"callbacks.initTriggerButton\"\n\t\t\tdata-wp-on--click=\"actions.showLightbox\"\n\t\t\tdata-wp-style--right=\"state.imageButtonRight\"\n\t\t\tdata-wp-style--top=\"state.imageButtonTop\"\n\t\t>\n\t\t\t<svg xmlns=\"http:\/\/www.w3.org\/2000\/svg\" width=\"12\" height=\"12\" fill=\"none\" viewbox=\"0 0 12 12\">\n\t\t\t\t<path fill=\"#fff\" d=\"M2 0a2 2 0 0 0-2 2v2h1.5V2a.5.5 0 0 1 .5-.5h2V0H2Zm2 10.5H2a.5.5 0 0 1-.5-.5V8H0v2a2 2 0 0 0 2 2h2v-1.5ZM8 12v-1.5h2a.5.5 0 0 0 .5-.5V8H12v2a2 2 0 0 1-2 2H8Zm2-12a2 2 0 0 1 2 2v2h-1.5V2a.5.5 0 0 0-.5-.5H8V0h2Z\" \/>\n\t\t\t<\/svg>\n\t\t<\/button><\/figure>\n\n\n\n<figure data-wp-context=\"{&quot;imageId&quot;:&quot;69e01b1d8ad1e&quot;}\" data-wp-interactive=\"core\/image\" data-wp-key=\"69e01b1d8ad1e\" class=\"wp-block-image size-large wp-lightbox-container\"><img loading=\"lazy\" decoding=\"async\" width=\"768\" height=\"1024\" data-wp-class--hide=\"state.isContentHidden\" data-wp-class--show=\"state.isContentVisible\" data-wp-init=\"callbacks.setButtonStyles\" data-wp-on--click=\"actions.showLightbox\" data-wp-on--load=\"callbacks.setButtonStyles\" data-wp-on-window--resize=\"callbacks.setButtonStyles\" data-id=\"368\" src=\"https:\/\/pantaicostabrava.com\/wp-content\/uploads\/2026\/03\/night-768x1024.jpg\" alt=\"Sesi\u00f3n nocturna de stand up paddle con luces en la Costa Brava, Begur, con Pantai Costabrava\" class=\"wp-image-368\" srcset=\"https:\/\/pantaicostabrava.com\/wp-content\/uploads\/2026\/03\/night-768x1024.jpg 768w, https:\/\/pantaicostabrava.com\/wp-content\/uploads\/2026\/03\/night-225x300.jpg 225w, https:\/\/pantaicostabrava.com\/wp-content\/uploads\/2026\/03\/night-1152x1536.jpg 1152w, https:\/\/pantaicostabrava.com\/wp-content\/uploads\/2026\/03\/night-9x12.jpg 9w, https:\/\/pantaicostabrava.com\/wp-content\/uploads\/2026\/03\/night.jpg 1200w\" sizes=\"auto, (max-width: 768px) 100vw, 768px\" \/><button\n\t\t\tclass=\"lightbox-trigger\"\n\t\t\ttype=\"button\"\n\t\t\taria-haspopup=\"dialog\"\n\t\t\taria-label=\"Agrandar\"\n\t\t\tdata-wp-init=\"callbacks.initTriggerButton\"\n\t\t\tdata-wp-on--click=\"actions.showLightbox\"\n\t\t\tdata-wp-style--right=\"state.imageButtonRight\"\n\t\t\tdata-wp-style--top=\"state.imageButtonTop\"\n\t\t>\n\t\t\t<svg xmlns=\"http:\/\/www.w3.org\/2000\/svg\" width=\"12\" height=\"12\" fill=\"none\" viewbox=\"0 0 12 12\">\n\t\t\t\t<path fill=\"#fff\" d=\"M2 0a2 2 0 0 0-2 2v2h1.5V2a.5.5 0 0 1 .5-.5h2V0H2Zm2 10.5H2a.5.5 0 0 1-.5-.5V8H0v2a2 2 0 0 0 2 2h2v-1.5ZM8 12v-1.5h2a.5.5 0 0 0 .5-.5V8H12v2a2 2 0 0 1-2 2H8Zm2-12a2 2 0 0 1 2 2v2h-1.5V2a.5.5 0 0 0-.5-.5H8V0h2Z\" \/>\n\t\t\t<\/svg>\n\t\t<\/button><\/figure>\n\n\n\n<figure data-wp-context=\"{&quot;imageId&quot;:&quot;69e01b1d8af6e&quot;}\" data-wp-interactive=\"core\/image\" data-wp-key=\"69e01b1d8af6e\" class=\"wp-block-image size-full wp-lightbox-container\"><img loading=\"lazy\" decoding=\"async\" width=\"1920\" height=\"2560\" data-wp-class--hide=\"state.isContentHidden\" data-wp-class--show=\"state.isContentVisible\" data-wp-init=\"callbacks.setButtonStyles\" data-wp-on--click=\"actions.showLightbox\" data-wp-on--load=\"callbacks.setButtonStyles\" data-wp-on-window--resize=\"callbacks.setButtonStyles\" data-id=\"481\" src=\"https:\/\/pantaicostabrava.com\/wp-content\/uploads\/2026\/03\/night-sup-session-scaled.jpeg\" alt=\"Atardecer en tabla de paddle surf con luces en Begur, Costa Brava.\" class=\"wp-image-481\" srcset=\"https:\/\/pantaicostabrava.com\/wp-content\/uploads\/2026\/03\/night-sup-session-scaled.jpeg 1920w, https:\/\/pantaicostabrava.com\/wp-content\/uploads\/2026\/03\/night-sup-session-225x300.jpeg 225w, https:\/\/pantaicostabrava.com\/wp-content\/uploads\/2026\/03\/night-sup-session-768x1024.jpeg 768w, https:\/\/pantaicostabrava.com\/wp-content\/uploads\/2026\/03\/night-sup-session-1152x1536.jpeg 1152w, https:\/\/pantaicostabrava.com\/wp-content\/uploads\/2026\/03\/night-sup-session-1536x2048.jpeg 1536w, https:\/\/pantaicostabrava.com\/wp-content\/uploads\/2026\/03\/night-sup-session-9x12.jpeg 9w\" sizes=\"auto, (max-width: 1920px) 100vw, 1920px\" \/><button\n\t\t\tclass=\"lightbox-trigger\"\n\t\t\ttype=\"button\"\n\t\t\taria-haspopup=\"dialog\"\n\t\t\taria-label=\"Agrandar\"\n\t\t\tdata-wp-init=\"callbacks.initTriggerButton\"\n\t\t\tdata-wp-on--click=\"actions.showLightbox\"\n\t\t\tdata-wp-style--right=\"state.imageButtonRight\"\n\t\t\tdata-wp-style--top=\"state.imageButtonTop\"\n\t\t>\n\t\t\t<svg xmlns=\"http:\/\/www.w3.org\/2000\/svg\" width=\"12\" height=\"12\" fill=\"none\" viewbox=\"0 0 12 12\">\n\t\t\t\t<path fill=\"#fff\" d=\"M2 0a2 2 0 0 0-2 2v2h1.5V2a.5.5 0 0 1 .5-.5h2V0H2Zm2 10.5H2a.5.5 0 0 1-.5-.5V8H0v2a2 2 0 0 0 2 2h2v-1.5ZM8 12v-1.5h2a.5.5 0 0 0 .5-.5V8H12v2a2 2 0 0 1-2 2H8Zm2-12a2 2 0 0 1 2 2v2h-1.5V2a.5.5 0 0 0-.5-.5H8V0h2Z\" \/>\n\t\t\t<\/svg>\n\t\t<\/button><\/figure>\n<\/figure>\n<\/div>\n\n\n\n<p class=\"has-text-align-center\"><strong>Grupo peque\u00f1o.<br>Mar en calma.<br>Una forma especial de vivir la Costa Brava.<\/strong><\/p>\n\n\n\n<p class=\"has-text-align-center\">Plazas limitadas disponibles.<br>Sujeto a las condiciones del mar y del viento para garantizar una experiencia inolvidable.<br><br><\/p>\n<\/div>\n\n\n\n<p class=\"has-text-align-center\">Reserva tu sesi\u00f3n nocturna ahora.<\/p>\n\n\n\n<div class=\"wp-block-group alignfull hostinger-ai-solid-block hostinger-ai-fade-up has-color-1-background-color has-background has-global-padding is-layout-constrained wp-block-group-is-layout-constrained\" data-aos=\"fade-up\" style=\"padding-top:var(--wp--preset--spacing--60);padding-bottom:var(--wp--preset--spacing--60)\">\n<div class=\"wp-block-group alignwide hostinger-ai-fade-up is-vertical is-content-justification-center is-nowrap is-layout-flex wp-container-core-group-is-layout-4cc6ee0a wp-block-group-is-layout-flex\" data-aos=\"fade-up\" style=\"min-height:0px;padding-top:0;padding-bottom:0\">\n<div class=\"wp-block-group hostinger-ai-fade-up wp-container-content-69bc4bdf has-global-padding is-content-justification-center is-layout-constrained wp-container-core-group-is-layout-78267832 wp-block-group-is-layout-constrained\" data-aos=\"fade-up\">\n<h2 class=\"wp-block-heading has-text-align-center hostinger-ai-title has-dark-color has-text-color has-link-color has-x-large-font-size wp-elements-c400e1bfbbdcc289e4b8d0f4e1197f20\" style=\"margin-top:0;margin-right:0;margin-bottom:0;margin-left:0\">disfruta con nosotros<\/h2>\n\n\n\n<p class=\"has-text-align-center hostinger-ai-description has-dark-color has-text-color has-link-color has-medium-font-size wp-elements-a937a2dcfd8fe23b86344880bf32cfe5\" style=\"margin-top:var(--wp--preset--spacing--20);margin-bottom:var(--wp--preset--spacing--50)\"><\/p>\n\n\n\n<div class=\"wp-block-buttons wa-night is-content-justification-center is-layout-flex wp-container-core-buttons-is-layout-a89b3969 wp-block-buttons-is-layout-flex\">\n<div class=\"wp-block-button wa-rentals\"><a class=\"wp-block-button__link has-dark-color has-contrast-background-color has-text-color has-background has-link-color has-border-color has-medium-font-size has-custom-font-size wp-element-button\" style=\"border-color:#0d141a;border-width:1px;border-radius:50px;padding-top:var(--wp--preset--spacing--30);padding-right:var(--wp--preset--spacing--70);padding-bottom:var(--wp--preset--spacing--30);padding-left:var(--wp--preset--spacing--70);box-shadow:none\">RESERVAR POR WHATSAPP<\/a><\/div>\n<\/div>\n<\/div>\n<\/div>\n<\/div>","protected":false},"excerpt":{"rendered":"<p>As the sun sets, we head out on stand-up paddle boards equipped with integrated lights that illuminate the water beneath us. We paddle along the coastline passing Illa Roja and Sa Riera, where the lights reveal rocks, sand and fish swimming below us. A calm and magical way to experience the sea after sunset. WHAT&#8217;S [&hellip;]<\/p>\n","protected":false},"author":1,"featured_media":0,"parent":0,"menu_order":0,"comment_status":"closed","ping_status":"closed","template":"","meta":{"footnotes":""},"class_list":["post-466","page","type-page","status-publish","hentry"],"_hostinger_reach_plugin_has_subscription_block":false,"_hostinger_reach_plugin_is_elementor":false,"_links":{"self":[{"href":"https:\/\/pantaicostabrava.com\/es\/wp-json\/wp\/v2\/pages\/466","targetHints":{"allow":["GET"]}}],"collection":[{"href":"https:\/\/pantaicostabrava.com\/es\/wp-json\/wp\/v2\/pages"}],"about":[{"href":"https:\/\/pantaicostabrava.com\/es\/wp-json\/wp\/v2\/types\/page"}],"author":[{"embeddable":true,"href":"https:\/\/pantaicostabrava.com\/es\/wp-json\/wp\/v2\/users\/1"}],"replies":[{"embeddable":true,"href":"https:\/\/pantaicostabrava.com\/es\/wp-json\/wp\/v2\/comments?post=466"}],"version-history":[{"count":7,"href":"https:\/\/pantaicostabrava.com\/es\/wp-json\/wp\/v2\/pages\/466\/revisions"}],"predecessor-version":[{"id":490,"href":"https:\/\/pantaicostabrava.com\/es\/wp-json\/wp\/v2\/pages\/466\/revisions\/490"}],"wp:attachment":[{"href":"https:\/\/pantaicostabrava.com\/es\/wp-json\/wp\/v2\/media?parent=466"}],"curies":[{"name":"wp","href":"https:\/\/api.w.org\/{rel}","templated":true}]}}