{"id":710,"date":"2026-03-25T09:10:55","date_gmt":"2026-03-25T09:10:55","guid":{"rendered":"https:\/\/pantaicostabrava.com\/?page_id=710"},"modified":"2026-03-25T09:51:22","modified_gmt":"2026-03-25T09:51:22","slug":"campament-destiu-al-mar","status":"publish","type":"page","link":"https:\/\/pantaicostabrava.com\/ca\/summer-sea-camp\/","title":{"rendered":"KIDS SUMMER CAMP"},"content":{"rendered":"<div class=\"wp-block-media-text alignfull is-stacked-on-mobile has-light-color has-color-3-background-color has-text-color has-background has-link-color wp-elements-6b60bdc1d727cd95d7421c33e418537e\" style=\"grid-template-columns:25% auto\"><figure class=\"wp-block-media-text__media\"><img loading=\"lazy\" decoding=\"async\" width=\"768\" height=\"1024\" src=\"https:\/\/pantaicostabrava.com\/wp-content\/uploads\/2026\/03\/89EB511D-8015-43B9-ADE2-C0846A7082E4-768x1024.jpg\" alt=\"\" class=\"wp-image-711 size-full\" srcset=\"https:\/\/pantaicostabrava.com\/wp-content\/uploads\/2026\/03\/89EB511D-8015-43B9-ADE2-C0846A7082E4-768x1024.jpg 768w, https:\/\/pantaicostabrava.com\/wp-content\/uploads\/2026\/03\/89EB511D-8015-43B9-ADE2-C0846A7082E4-225x300.jpg 225w, https:\/\/pantaicostabrava.com\/wp-content\/uploads\/2026\/03\/89EB511D-8015-43B9-ADE2-C0846A7082E4-1152x1536.jpg 1152w, https:\/\/pantaicostabrava.com\/wp-content\/uploads\/2026\/03\/89EB511D-8015-43B9-ADE2-C0846A7082E4-9x12.jpg 9w, https:\/\/pantaicostabrava.com\/wp-content\/uploads\/2026\/03\/89EB511D-8015-43B9-ADE2-C0846A7082E4.jpg 1536w\" sizes=\"auto, (max-width: 768px) 100vw, 768px\" \/><\/figure><div class=\"wp-block-media-text__content\">\n<h2 class=\"wp-block-heading has-text-align-center\">Campament d'estiu al mar<\/h2>\n\n\n\n<p class=\"has-text-align-center\">Una setmana al mar, fent amics, divertint-se i guanyant confian\u00e7a real a l'aigua.<\/p>\n\n\n\n<p class=\"has-text-align-center\">Juliol (dilluns a divendres)<br>10:00 \u2013 14:00<br>Edats de 8 a 16 anys<br>300\u20ac per setmana<\/p>\n\n\n\n<div style=\"height:16px\" aria-hidden=\"true\" class=\"wp-block-spacer\"><\/div>\n\n\n\n<div class=\"wp-block-buttons is-content-justification-center is-layout-flex wp-container-core-buttons-is-layout-a89b3969 wp-block-buttons-is-layout-flex\">\n<div class=\"wp-block-button wa-casal\"><a class=\"wp-block-button__link wp-element-button\" rel=\"\">Reservar pla\u00e7a<\/a><\/div>\n<\/div>\n\n\n\n<div style=\"height:17px\" aria-hidden=\"true\" class=\"wp-block-spacer\"><\/div>\n<\/div><\/div>\n\n\n\n<div class=\"wp-block-group has-global-padding is-layout-constrained wp-block-group-is-layout-constrained\">\n<h2 class=\"wp-block-heading\">Qu\u00e8 fem<\/h2>\n\n\n\n<div class=\"wp-block-columns alignwide are-vertically-aligned-center is-layout-flex wp-container-core-columns-is-layout-28f84493 wp-block-columns-is-layout-flex\">\n<div class=\"wp-block-column is-vertically-aligned-center is-layout-flow wp-block-column-is-layout-flow\">\n<p>Aix\u00f2 no \u00e9s nom\u00e9s sobre activitats.<br>Es tracta d'ajudar nens <strong>a sentir-se segurs i confiats al mar.<\/strong>.<\/p>\n\n\n\n<p>Durant la setmana, combinem:<\/p>\n\n\n\n<p class=\"has-text-align-left\">Kayak<br>P\u00e0del surf<br>Jocs d'aigua i din\u00e0miques de grup<br>T\u00e8cniques b\u00e0siques de nataci\u00f3 en aig\u00fces obertes<br>Introducci\u00f3 al busseig (en funci\u00f3 de l'edat)<br>Equilibri i control a l'aigua<\/p>\n<\/div>\n\n\n\n<div class=\"wp-block-column is-vertically-aligned-center is-layout-flow wp-block-column-is-layout-flow\">\n<p>Per\u00f2 el m\u00e9s important:<br>Aprendran com <strong>llegir el mar<\/strong><\/p>\n\n\n\n<p class=\"has-text-align-left\">Corrents<br>Vent<br>Onades<br>Previsi\u00f3 del temps<br>Seguretat aqu\u00e0tica<\/p>\n<\/div>\n<\/div>\n<\/div>\n\n\n\n<hr class=\"wp-block-separator has-text-color has-color-3-color has-alpha-channel-opacity has-color-3-background-color has-background\"\/>\n\n\n\n<figure class=\"wp-block-gallery alignwide has-nested-images columns-default is-cropped wp-block-gallery-1 is-layout-flex wp-block-gallery-is-layout-flex\">\n<figure data-wp-context=\"{&quot;imageId&quot;:&quot;69e005340d5cd&quot;}\" data-wp-interactive=\"core\/image\" data-wp-key=\"69e005340d5cd\" class=\"wp-block-image size-large wp-lightbox-container\"><img loading=\"lazy\" decoding=\"async\" width=\"768\" height=\"1024\" data-wp-class--hide=\"state.isContentHidden\" data-wp-class--show=\"state.isContentVisible\" data-wp-init=\"callbacks.setButtonStyles\" data-wp-on--click=\"actions.showLightbox\" data-wp-on--load=\"callbacks.setButtonStyles\" data-wp-on-window--resize=\"callbacks.setButtonStyles\" data-id=\"712\" src=\"https:\/\/pantaicostabrava.com\/wp-content\/uploads\/2026\/03\/B2961DA5-044B-46CD-9B35-1AF10F790109-768x1024.jpg\" alt=\"Casal d&#039;estiu al mar a Begur per Pantai Costa Brava. Casal d&#039;estiu per a nens a Begur, Pals.\" class=\"wp-image-712\" srcset=\"https:\/\/pantaicostabrava.com\/wp-content\/uploads\/2026\/03\/B2961DA5-044B-46CD-9B35-1AF10F790109-768x1024.jpg 768w, https:\/\/pantaicostabrava.com\/wp-content\/uploads\/2026\/03\/B2961DA5-044B-46CD-9B35-1AF10F790109-225x300.jpg 225w, https:\/\/pantaicostabrava.com\/wp-content\/uploads\/2026\/03\/B2961DA5-044B-46CD-9B35-1AF10F790109-1152x1536.jpg 1152w, https:\/\/pantaicostabrava.com\/wp-content\/uploads\/2026\/03\/B2961DA5-044B-46CD-9B35-1AF10F790109-9x12.jpg 9w, https:\/\/pantaicostabrava.com\/wp-content\/uploads\/2026\/03\/B2961DA5-044B-46CD-9B35-1AF10F790109.jpg 1536w\" sizes=\"auto, (max-width: 768px) 100vw, 768px\" \/><button\n\t\t\tclass=\"lightbox-trigger\"\n\t\t\ttype=\"button\"\n\t\t\taria-haspopup=\"dialog\"\n\t\t\taria-label=\"Amplia\"\n\t\t\tdata-wp-init=\"callbacks.initTriggerButton\"\n\t\t\tdata-wp-on--click=\"actions.showLightbox\"\n\t\t\tdata-wp-style--right=\"state.imageButtonRight\"\n\t\t\tdata-wp-style--top=\"state.imageButtonTop\"\n\t\t>\n\t\t\t<svg xmlns=\"http:\/\/www.w3.org\/2000\/svg\" width=\"12\" height=\"12\" fill=\"none\" viewbox=\"0 0 12 12\">\n\t\t\t\t<path fill=\"#fff\" d=\"M2 0a2 2 0 0 0-2 2v2h1.5V2a.5.5 0 0 1 .5-.5h2V0H2Zm2 10.5H2a.5.5 0 0 1-.5-.5V8H0v2a2 2 0 0 0 2 2h2v-1.5ZM8 12v-1.5h2a.5.5 0 0 0 .5-.5V8H12v2a2 2 0 0 1-2 2H8Zm2-12a2 2 0 0 1 2 2v2h-1.5V2a.5.5 0 0 0-.5-.5H8V0h2Z\" \/>\n\t\t\t<\/svg>\n\t\t<\/button><\/figure>\n\n\n\n<figure data-wp-context=\"{&quot;imageId&quot;:&quot;69e005340d802&quot;}\" data-wp-interactive=\"core\/image\" data-wp-key=\"69e005340d802\" class=\"wp-block-image size-large wp-lightbox-container\"><img loading=\"lazy\" decoding=\"async\" width=\"768\" height=\"1024\" data-wp-class--hide=\"state.isContentHidden\" data-wp-class--show=\"state.isContentVisible\" data-wp-init=\"callbacks.setButtonStyles\" data-wp-on--click=\"actions.showLightbox\" data-wp-on--load=\"callbacks.setButtonStyles\" data-wp-on-window--resize=\"callbacks.setButtonStyles\" data-id=\"713\" src=\"https:\/\/pantaicostabrava.com\/wp-content\/uploads\/2026\/03\/7E27A234-C383-4757-882D-92E69C86C33C-768x1024.jpg\" alt=\"Casal d&#039;estiu al mar a Begur per Pantai Costa Brava. Casal d&#039;estiu per a nens a Begur, Pals.\" class=\"wp-image-713\" srcset=\"https:\/\/pantaicostabrava.com\/wp-content\/uploads\/2026\/03\/7E27A234-C383-4757-882D-92E69C86C33C-768x1024.jpg 768w, https:\/\/pantaicostabrava.com\/wp-content\/uploads\/2026\/03\/7E27A234-C383-4757-882D-92E69C86C33C-225x300.jpg 225w, https:\/\/pantaicostabrava.com\/wp-content\/uploads\/2026\/03\/7E27A234-C383-4757-882D-92E69C86C33C-1152x1536.jpg 1152w, https:\/\/pantaicostabrava.com\/wp-content\/uploads\/2026\/03\/7E27A234-C383-4757-882D-92E69C86C33C-9x12.jpg 9w, https:\/\/pantaicostabrava.com\/wp-content\/uploads\/2026\/03\/7E27A234-C383-4757-882D-92E69C86C33C.jpg 1536w\" sizes=\"auto, (max-width: 768px) 100vw, 768px\" \/><button\n\t\t\tclass=\"lightbox-trigger\"\n\t\t\ttype=\"button\"\n\t\t\taria-haspopup=\"dialog\"\n\t\t\taria-label=\"Amplia\"\n\t\t\tdata-wp-init=\"callbacks.initTriggerButton\"\n\t\t\tdata-wp-on--click=\"actions.showLightbox\"\n\t\t\tdata-wp-style--right=\"state.imageButtonRight\"\n\t\t\tdata-wp-style--top=\"state.imageButtonTop\"\n\t\t>\n\t\t\t<svg xmlns=\"http:\/\/www.w3.org\/2000\/svg\" width=\"12\" height=\"12\" fill=\"none\" viewbox=\"0 0 12 12\">\n\t\t\t\t<path fill=\"#fff\" d=\"M2 0a2 2 0 0 0-2 2v2h1.5V2a.5.5 0 0 1 .5-.5h2V0H2Zm2 10.5H2a.5.5 0 0 1-.5-.5V8H0v2a2 2 0 0 0 2 2h2v-1.5ZM8 12v-1.5h2a.5.5 0 0 0 .5-.5V8H12v2a2 2 0 0 1-2 2H8Zm2-12a2 2 0 0 1 2 2v2h-1.5V2a.5.5 0 0 0-.5-.5H8V0h2Z\" \/>\n\t\t\t<\/svg>\n\t\t<\/button><\/figure>\n\n\n\n<figure data-wp-context=\"{&quot;imageId&quot;:&quot;69e005340d9fa&quot;}\" data-wp-interactive=\"core\/image\" data-wp-key=\"69e005340d9fa\" class=\"wp-block-image size-large wp-lightbox-container\"><img loading=\"lazy\" decoding=\"async\" width=\"683\" height=\"1024\" data-wp-class--hide=\"state.isContentHidden\" data-wp-class--show=\"state.isContentVisible\" data-wp-init=\"callbacks.setButtonStyles\" data-wp-on--click=\"actions.showLightbox\" data-wp-on--load=\"callbacks.setButtonStyles\" data-wp-on-window--resize=\"callbacks.setButtonStyles\" data-id=\"714\" src=\"https:\/\/pantaicostabrava.com\/wp-content\/uploads\/2026\/03\/B0D903EF-EDC9-4B20-BC50-2D1CBB9E39FB-683x1024.jpg\" alt=\"Casal d&#039;estiu al mar a Begur per Pantai Costa Brava. Casal d&#039;estiu per a nens a Begur, Pals.\" class=\"wp-image-714\" srcset=\"https:\/\/pantaicostabrava.com\/wp-content\/uploads\/2026\/03\/B0D903EF-EDC9-4B20-BC50-2D1CBB9E39FB-683x1024.jpg 683w, https:\/\/pantaicostabrava.com\/wp-content\/uploads\/2026\/03\/B0D903EF-EDC9-4B20-BC50-2D1CBB9E39FB-200x300.jpg 200w, https:\/\/pantaicostabrava.com\/wp-content\/uploads\/2026\/03\/B0D903EF-EDC9-4B20-BC50-2D1CBB9E39FB-768x1152.jpg 768w, https:\/\/pantaicostabrava.com\/wp-content\/uploads\/2026\/03\/B0D903EF-EDC9-4B20-BC50-2D1CBB9E39FB-1024x1536.jpg 1024w, https:\/\/pantaicostabrava.com\/wp-content\/uploads\/2026\/03\/B0D903EF-EDC9-4B20-BC50-2D1CBB9E39FB-1365x2048.jpg 1365w, https:\/\/pantaicostabrava.com\/wp-content\/uploads\/2026\/03\/B0D903EF-EDC9-4B20-BC50-2D1CBB9E39FB-8x12.jpg 8w, https:\/\/pantaicostabrava.com\/wp-content\/uploads\/2026\/03\/B0D903EF-EDC9-4B20-BC50-2D1CBB9E39FB.jpg 1536w\" sizes=\"auto, (max-width: 683px) 100vw, 683px\" \/><button\n\t\t\tclass=\"lightbox-trigger\"\n\t\t\ttype=\"button\"\n\t\t\taria-haspopup=\"dialog\"\n\t\t\taria-label=\"Amplia\"\n\t\t\tdata-wp-init=\"callbacks.initTriggerButton\"\n\t\t\tdata-wp-on--click=\"actions.showLightbox\"\n\t\t\tdata-wp-style--right=\"state.imageButtonRight\"\n\t\t\tdata-wp-style--top=\"state.imageButtonTop\"\n\t\t>\n\t\t\t<svg xmlns=\"http:\/\/www.w3.org\/2000\/svg\" width=\"12\" height=\"12\" fill=\"none\" viewbox=\"0 0 12 12\">\n\t\t\t\t<path fill=\"#fff\" d=\"M2 0a2 2 0 0 0-2 2v2h1.5V2a.5.5 0 0 1 .5-.5h2V0H2Zm2 10.5H2a.5.5 0 0 1-.5-.5V8H0v2a2 2 0 0 0 2 2h2v-1.5ZM8 12v-1.5h2a.5.5 0 0 0 .5-.5V8H12v2a2 2 0 0 1-2 2H8Zm2-12a2 2 0 0 1 2 2v2h-1.5V2a.5.5 0 0 0-.5-.5H8V0h2Z\" \/>\n\t\t\t<\/svg>\n\t\t<\/button><\/figure>\n\n\n\n<figure data-wp-context=\"{&quot;imageId&quot;:&quot;69e005340dbc7&quot;}\" data-wp-interactive=\"core\/image\" data-wp-key=\"69e005340dbc7\" class=\"wp-block-image size-large wp-lightbox-container\"><img loading=\"lazy\" decoding=\"async\" width=\"768\" height=\"1024\" data-wp-class--hide=\"state.isContentHidden\" data-wp-class--show=\"state.isContentVisible\" data-wp-init=\"callbacks.setButtonStyles\" data-wp-on--click=\"actions.showLightbox\" data-wp-on--load=\"callbacks.setButtonStyles\" data-wp-on-window--resize=\"callbacks.setButtonStyles\" data-id=\"715\" src=\"https:\/\/pantaicostabrava.com\/wp-content\/uploads\/2026\/03\/ED035B6B-995E-47DD-9AA9-89814947946A-768x1024.jpg\" alt=\"Casal d&#039;estiu al mar a Begur per Pantai Costa Brava. Casal d&#039;estiu per a nens a Begur, Pals.\" class=\"wp-image-715\" srcset=\"https:\/\/pantaicostabrava.com\/wp-content\/uploads\/2026\/03\/ED035B6B-995E-47DD-9AA9-89814947946A-768x1024.jpg 768w, https:\/\/pantaicostabrava.com\/wp-content\/uploads\/2026\/03\/ED035B6B-995E-47DD-9AA9-89814947946A-225x300.jpg 225w, https:\/\/pantaicostabrava.com\/wp-content\/uploads\/2026\/03\/ED035B6B-995E-47DD-9AA9-89814947946A-1152x1536.jpg 1152w, https:\/\/pantaicostabrava.com\/wp-content\/uploads\/2026\/03\/ED035B6B-995E-47DD-9AA9-89814947946A-9x12.jpg 9w, https:\/\/pantaicostabrava.com\/wp-content\/uploads\/2026\/03\/ED035B6B-995E-47DD-9AA9-89814947946A.jpg 1536w\" sizes=\"auto, (max-width: 768px) 100vw, 768px\" \/><button\n\t\t\tclass=\"lightbox-trigger\"\n\t\t\ttype=\"button\"\n\t\t\taria-haspopup=\"dialog\"\n\t\t\taria-label=\"Amplia\"\n\t\t\tdata-wp-init=\"callbacks.initTriggerButton\"\n\t\t\tdata-wp-on--click=\"actions.showLightbox\"\n\t\t\tdata-wp-style--right=\"state.imageButtonRight\"\n\t\t\tdata-wp-style--top=\"state.imageButtonTop\"\n\t\t>\n\t\t\t<svg xmlns=\"http:\/\/www.w3.org\/2000\/svg\" width=\"12\" height=\"12\" fill=\"none\" viewbox=\"0 0 12 12\">\n\t\t\t\t<path fill=\"#fff\" d=\"M2 0a2 2 0 0 0-2 2v2h1.5V2a.5.5 0 0 1 .5-.5h2V0H2Zm2 10.5H2a.5.5 0 0 1-.5-.5V8H0v2a2 2 0 0 0 2 2h2v-1.5ZM8 12v-1.5h2a.5.5 0 0 0 .5-.5V8H12v2a2 2 0 0 1-2 2H8Zm2-12a2 2 0 0 1 2 2v2h-1.5V2a.5.5 0 0 0-.5-.5H8V0h2Z\" \/>\n\t\t\t<\/svg>\n\t\t<\/button><\/figure>\n\n\n\n<figure data-wp-context=\"{&quot;imageId&quot;:&quot;69e005340dd94&quot;}\" data-wp-interactive=\"core\/image\" data-wp-key=\"69e005340dd94\" class=\"wp-block-image size-large wp-lightbox-container\"><img loading=\"lazy\" decoding=\"async\" width=\"768\" height=\"1024\" data-wp-class--hide=\"state.isContentHidden\" data-wp-class--show=\"state.isContentVisible\" data-wp-init=\"callbacks.setButtonStyles\" data-wp-on--click=\"actions.showLightbox\" data-wp-on--load=\"callbacks.setButtonStyles\" data-wp-on-window--resize=\"callbacks.setButtonStyles\" data-id=\"716\" src=\"https:\/\/pantaicostabrava.com\/wp-content\/uploads\/2026\/03\/C55BB5AA-BA64-49C3-BE38-6B8BAC8B2DD6-768x1024.jpg\" alt=\"Casal d&#039;estiu al mar a Begur per Pantai Costa Brava. Casal d&#039;estiu per a nens a Begur, Pals.\" class=\"wp-image-716\" srcset=\"https:\/\/pantaicostabrava.com\/wp-content\/uploads\/2026\/03\/C55BB5AA-BA64-49C3-BE38-6B8BAC8B2DD6-768x1024.jpg 768w, https:\/\/pantaicostabrava.com\/wp-content\/uploads\/2026\/03\/C55BB5AA-BA64-49C3-BE38-6B8BAC8B2DD6-225x300.jpg 225w, https:\/\/pantaicostabrava.com\/wp-content\/uploads\/2026\/03\/C55BB5AA-BA64-49C3-BE38-6B8BAC8B2DD6-1152x1536.jpg 1152w, https:\/\/pantaicostabrava.com\/wp-content\/uploads\/2026\/03\/C55BB5AA-BA64-49C3-BE38-6B8BAC8B2DD6-9x12.jpg 9w, https:\/\/pantaicostabrava.com\/wp-content\/uploads\/2026\/03\/C55BB5AA-BA64-49C3-BE38-6B8BAC8B2DD6.jpg 1536w\" sizes=\"auto, (max-width: 768px) 100vw, 768px\" \/><button\n\t\t\tclass=\"lightbox-trigger\"\n\t\t\ttype=\"button\"\n\t\t\taria-haspopup=\"dialog\"\n\t\t\taria-label=\"Amplia\"\n\t\t\tdata-wp-init=\"callbacks.initTriggerButton\"\n\t\t\tdata-wp-on--click=\"actions.showLightbox\"\n\t\t\tdata-wp-style--right=\"state.imageButtonRight\"\n\t\t\tdata-wp-style--top=\"state.imageButtonTop\"\n\t\t>\n\t\t\t<svg xmlns=\"http:\/\/www.w3.org\/2000\/svg\" width=\"12\" height=\"12\" fill=\"none\" viewbox=\"0 0 12 12\">\n\t\t\t\t<path fill=\"#fff\" d=\"M2 0a2 2 0 0 0-2 2v2h1.5V2a.5.5 0 0 1 .5-.5h2V0H2Zm2 10.5H2a.5.5 0 0 1-.5-.5V8H0v2a2 2 0 0 0 2 2h2v-1.5ZM8 12v-1.5h2a.5.5 0 0 0 .5-.5V8H12v2a2 2 0 0 1-2 2H8Zm2-12a2 2 0 0 1 2 2v2h-1.5V2a.5.5 0 0 0-.5-.5H8V0h2Z\" \/>\n\t\t\t<\/svg>\n\t\t<\/button><\/figure>\n<\/figure>\n\n\n\n<div class=\"wp-block-group alignfull has-light-color has-color-3-background-color has-text-color has-background has-link-color wp-elements-f18b5b17a1b09bee62a0e78259454f1a has-global-padding is-layout-constrained wp-block-group-is-layout-constrained\">\n<h2 class=\"wp-block-heading\"><br>Qu\u00e8 fa diferent aquest campament<\/h2>\n\n\n\n<p>Aix\u00f2 no \u00e9s nom\u00e9s un campament de platja on els nens es queden a la sorra.<br>Passem temps a l'aigua, ajudant-los a sentir-se c\u00f2modes, actius i segurs.<br><br>Es divertiran, per\u00f2 tamb\u00e9 comen\u00e7aran a entendre el mar que els envolta.<\/p>\n\n\n\n<p>A poc a poc, es desenvolupen:<\/p>\n\n\n\n<ul class=\"wp-block-list\">\n<li>Confian\u00e7a en l'aigua<\/li>\n\n\n\n<li>Consci\u00e8ncia de les condicions<\/li>\n\n\n\n<li>Respect per la mar i pels altres<\/li>\n<\/ul>\n\n\n\n<p>\ud83d\udc49 Sense pressi\u00f3, de manera natural i divertida.<\/p>\n\n\n\n<p><br><br><\/p>\n<\/div>\n\n\n\n<div style=\"height:0px\" aria-hidden=\"true\" class=\"wp-block-spacer\"><\/div>\n\n\n\n<blockquote class=\"wp-block-quote is-layout-flow wp-block-quote-is-layout-flow\">\n<h2 class=\"wp-block-heading has-text-align-center\"><strong>Busques una experi\u00e8ncia d'estiu significativa i activa per al teu fill?<\/strong><\/h2>\n<\/blockquote>\n\n\n\n<p class=\"has-text-align-center\">\u2013 Estona a l'aigua cada dia<br>\u2013 Jocs, reptes i activitats grupals<br>\u2013 Sessions actives, divertides i din\u00e0miques<\/p>\n\n\n\n<p class=\"has-text-align-center\">Grups redu\u00efts. Places limitades.<br>No cal experi\u00e8ncia pr\u00e8via. Cal saber nedar b\u00e0sicament.<\/p>\n\n\n\n<div class=\"wp-block-buttons wa-casal is-content-justification-center is-layout-flex wp-container-core-buttons-is-layout-a89b3969 wp-block-buttons-is-layout-flex\">\n<div class=\"wp-block-button\"><a class=\"wp-block-button__link wp-element-button\" rel=\"wa-casal\">Reserva per WhatsApp<\/a><\/div>\n<\/div>","protected":false},"excerpt":{"rendered":"<p>what we do This is not just about activities.It\u2019s about helping kids build real confidence in the sea. During the week, we combine: KayakPaddle SurfWater games and group dynamicsBasic swimming techniques in open waterIntroduction to diving (depending on age)Balance and control in the water But most importantly:They will learn how to read the sea CurrentsWindWavesForecast [&hellip;]<\/p>\n","protected":false},"author":1,"featured_media":0,"parent":0,"menu_order":0,"comment_status":"closed","ping_status":"closed","template":"","meta":{"footnotes":""},"class_list":["post-710","page","type-page","status-publish","hentry"],"_hostinger_reach_plugin_has_subscription_block":false,"_hostinger_reach_plugin_is_elementor":false,"_links":{"self":[{"href":"https:\/\/pantaicostabrava.com\/ca\/wp-json\/wp\/v2\/pages\/710","targetHints":{"allow":["GET"]}}],"collection":[{"href":"https:\/\/pantaicostabrava.com\/ca\/wp-json\/wp\/v2\/pages"}],"about":[{"href":"https:\/\/pantaicostabrava.com\/ca\/wp-json\/wp\/v2\/types\/page"}],"author":[{"embeddable":true,"href":"https:\/\/pantaicostabrava.com\/ca\/wp-json\/wp\/v2\/users\/1"}],"replies":[{"embeddable":true,"href":"https:\/\/pantaicostabrava.com\/ca\/wp-json\/wp\/v2\/comments?post=710"}],"version-history":[{"count":25,"href":"https:\/\/pantaicostabrava.com\/ca\/wp-json\/wp\/v2\/pages\/710\/revisions"}],"predecessor-version":[{"id":747,"href":"https:\/\/pantaicostabrava.com\/ca\/wp-json\/wp\/v2\/pages\/710\/revisions\/747"}],"wp:attachment":[{"href":"https:\/\/pantaicostabrava.com\/ca\/wp-json\/wp\/v2\/media?parent=710"}],"curies":[{"name":"wp","href":"https:\/\/api.w.org\/{rel}","templated":true}]}}