{"id":639,"date":"2026-03-23T11:34:21","date_gmt":"2026-03-23T11:34:21","guid":{"rendered":"https:\/\/pantaicostabrava.com\/?page_id=639"},"modified":"2026-04-09T08:26:09","modified_gmt":"2026-04-09T08:26:09","slug":"wingfoil","status":"publish","type":"page","link":"https:\/\/pantaicostabrava.com\/ca\/wingfoil\/","title":{"rendered":"Wingfoil"},"content":{"rendered":"<div class=\"wp-block-media-text alignfull foil-hero has-color-1-color has-color-3-background-color has-text-color has-background has-link-color wp-elements-9ac83f622f238d2291e594897793a85b\" style=\"grid-template-columns:29% auto\"><figure class=\"wp-block-media-text__media\"><img loading=\"lazy\" decoding=\"async\" width=\"768\" height=\"1024\" src=\"https:\/\/pantaicostabrava.com\/wp-content\/uploads\/2026\/03\/43E43A1D-7AD1-4020-BDD7-79F64C274130-768x1024.jpg\" alt=\"Classe de wingfoil a la Costa Brava, Begur Pals Eli Melero\" class=\"wp-image-667 size-large\" srcset=\"https:\/\/pantaicostabrava.com\/wp-content\/uploads\/2026\/03\/43E43A1D-7AD1-4020-BDD7-79F64C274130-768x1024.jpg 768w, https:\/\/pantaicostabrava.com\/wp-content\/uploads\/2026\/03\/43E43A1D-7AD1-4020-BDD7-79F64C274130-225x300.jpg 225w, https:\/\/pantaicostabrava.com\/wp-content\/uploads\/2026\/03\/43E43A1D-7AD1-4020-BDD7-79F64C274130-1152x1536.jpg 1152w, https:\/\/pantaicostabrava.com\/wp-content\/uploads\/2026\/03\/43E43A1D-7AD1-4020-BDD7-79F64C274130-9x12.jpg 9w, https:\/\/pantaicostabrava.com\/wp-content\/uploads\/2026\/03\/43E43A1D-7AD1-4020-BDD7-79F64C274130.jpg 1536w\" sizes=\"auto, (max-width: 768px) 100vw, 768px\" \/><\/figure><div class=\"wp-block-media-text__content\">\n<h1 class=\"wp-block-heading has-text-align-center\">Classes de WINGFOIL a la Costa Brava<\/h1>\n\n\n\n<p class=\"has-text-align-left hide-mobile\">Des del teu primer intent fins als teus primers vols. Segur, divertit i adaptat al teu nivell.<\/p>\n\n\n\n<div style=\"height:15px\" aria-hidden=\"true\" class=\"wp-block-spacer\"><\/div>\n\n\n\n<div class=\"wp-block-buttons wa-wingfoil is-content-justification-center is-layout-flex wp-container-core-buttons-is-layout-a89b3969 wp-block-buttons-is-layout-flex\">\n<div class=\"wp-block-button\"><a class=\"wp-block-button__link wp-element-button\">Reserva la teva classe de wingfoil<\/a><\/div>\n<\/div>\n<\/div><\/div>\n\n\n\n<div style=\"height:13px\" aria-hidden=\"true\" class=\"wp-block-spacer\"><\/div>\n\n\n\n<h3 class=\"wp-block-heading has-text-align-center\">Una Experi\u00e8ncia \u00danica a l'Aigua<\/h3>\n\n\n\n<p class=\"has-text-align-center\">El wingfoiling no \u00e9s nom\u00e9s un esport aqu\u00e0tic m\u00e9s. \u00c9s el m\u00e9s semblant a volar sobre el mar.<br><br>Suau, silenci\u00f3s i incre\u00efblement addictiu, et proporciona una sensaci\u00f3 \u00fanica des de les primeres sessions.<br><br>Un cop comenceu, no voldreu parar.<\/p>\n\n\n\n<hr class=\"wp-block-separator has-alpha-channel-opacity\"\/>\n\n\n\n<div class=\"wp-block-columns alignwide is-layout-flex wp-container-core-columns-is-layout-28f84493 wp-block-columns-is-layout-flex\">\n<div class=\"wp-block-column is-vertically-aligned-center is-layout-flow wp-block-column-is-layout-flow\">\n<h2 class=\"wp-block-heading\">Per qu\u00e8 el wingfoil?<\/h2>\n<\/div>\n\n\n\n<div class=\"wp-block-column is-layout-flow wp-block-column-is-layout-flow\">\n<ul class=\"wp-block-list\">\n<li>Apr\u00e8n a navegar amb el vent <\/li>\n\n\n\n<li>Avan\u00e7a al teu ritme<\/li>\n\n\n\n<li>No cal experi\u00e8ncia<\/li>\n\n\n\n<li>Un dels esports aqu\u00e0tics m\u00e9s emocionants actualment<\/li>\n<\/ul>\n<\/div>\n<\/div>\n\n\n\n<div class=\"wp-block-group has-light-color has-color-2-background-color has-text-color has-background has-link-color wp-elements-f12c1a686b8131cb1611ce14d2c7f41e has-global-padding is-layout-constrained wp-block-group-is-layout-constrained\">\n<div class=\"wp-block-columns alignfull is-layout-flex wp-container-core-columns-is-layout-28f84493 wp-block-columns-is-layout-flex\">\n<div class=\"wp-block-column is-layout-flow wp-block-column-is-layout-flow\">\n<div style=\"height:23px\" aria-hidden=\"true\" class=\"wp-block-spacer\"><\/div>\n\n\n\n<h2 class=\"wp-block-heading\">com funcionen els cursos<\/h2>\n\n\n\n<ul class=\"wp-block-list\">\n<li>Control del wing a la platja<\/li>\n\n\n\n<li>Classes particulars (m\u00e0xim 1 o 2 persones)<\/li>\n\n\n\n<li>Centra't en l'equilibri i les direccions<\/li>\n\n\n\n<li>Practiquem els dos costats<\/li>\n\n\n\n<li>Equip de foil estable i f\u00e0cil per a principiants<\/li>\n\n\n\n<li>Embarcaci\u00f3 de seguretat sempre<\/li>\n\n\n\n<li>Aproximaci\u00f3 c\u00f2mode a contra vent en mar pla.<\/li>\n\n\n\n<li>Vistes incre\u00efbles durant les lli\u00e7ons<\/li>\n<\/ul>\n<\/div>\n\n\n\n<div class=\"wp-block-column is-layout-flow wp-block-column-is-layout-flow\">\n<div style=\"height:23px\" aria-hidden=\"true\" class=\"wp-block-spacer\"><\/div>\n\n\n\n<h2 class=\"wp-block-heading\">CONDICIONS I EQUIPAMENT<\/h2>\n\n\n\n<p>Tenim la sort de disposar d'un dels llocs de vent m\u00e9s plans de la Costa Brava, protegit de les onades pel Cap de Begur, amb vent de Garb\u00ed (vent t\u00e8rmic SW). Aix\u00f2 fa que el proc\u00e9s d'aprenentatge sigui m\u00e9s f\u00e0cil i segur.<br><br>Els alumnes utilitzen taules grans i estables, foils lents i tolerants, i diferents mides de foils, cosa que us permet centrar-vos en l'equilibri i el control des de la primera sessi\u00f3.<\/p>\n<\/div>\n<\/div>\n\n\n\n<div style=\"height:28px\" aria-hidden=\"true\" class=\"wp-block-spacer\"><\/div>\n<\/div>\n\n\n\n<h2 class=\"wp-block-heading\">PREUS<\/h2>\n\n\n\n<div class=\"wp-block-columns alignwide are-vertically-aligned-center is-layout-flex wp-container-core-columns-is-layout-28f84493 wp-block-columns-is-layout-flex\">\n<div class=\"wp-block-column is-vertically-aligned-center is-layout-flow wp-block-column-is-layout-flow\">\n<p class=\"has-text-align-center\">1 persona<br>1 sessi\u00f3 (1:30h): 130\u20ac<br>3 sessions: 360\u20ac<br>6 sessions: 660\u20ac<\/p>\n<\/div>\n\n\n\n<div class=\"wp-block-column is-vertically-aligned-center is-layout-flow wp-block-column-is-layout-flow\">\n<p class=\"has-text-align-center\">2 persones<br>1 sessi\u00f3 (1:30h): 100\u20ac per persona<br>3 sessions: 270\u20ac per persona<br>6 sessions: 490\u20ac per persona<\/p>\n<\/div>\n<\/div>\n\n\n\n<p class=\"has-text-align-center\">Per a sessions de dues persones, els participants han de venir junts i cadasc\u00fa haur\u00e0 de portar el seu equipament. <br>Aprendre junts \u00e9s m\u00e9s divertit i motivador!<\/p>\n\n\n\n<p class=\"has-text-align-center\"><strong>No fem classes amb m\u00e9s de 2 persones per garantir una bona qualitat d'ensenyament i seguretat.<\/strong><\/p>\n\n\n\n<hr class=\"wp-block-separator has-alpha-channel-opacity\"\/>\n\n\n\n<div class=\"wp-block-group alignfull hostinger-ai-gallery-3 hostinger-ai-fade-up is-layout-flow wp-block-group-is-layout-flow\" data-aos=\"fade-up\">\n<div class=\"wp-block-group alignwide hostinger-ai-fade-up is-layout-flow wp-block-group-is-layout-flow\" data-aos=\"fade-up\" style=\"padding-top:var(--wp--preset--spacing--60);padding-bottom:var(--wp--preset--spacing--60)\">\n<h2 class=\"wp-block-heading has-text-align-center hostinger-ai-title has-dark-color has-text-color has-link-color has-x-large-font-size wp-elements-012e5a02bb293c8cb11e1544bd7c6b19\" style=\"margin-top:0;margin-right:0;margin-bottom:var(--wp--preset--spacing--20);margin-left:0\">Galeria<\/h2>\n\n\n\n<figure class=\"wp-block-gallery has-nested-images columns-default is-cropped wp-block-gallery-1 is-layout-flex wp-block-gallery-is-layout-flex\">\n<figure data-wp-context=\"{&quot;imageId&quot;:&quot;69e01b8772e8b&quot;}\" data-wp-interactive=\"core\/image\" data-wp-key=\"69e01b8772e8b\" class=\"wp-block-image size-full wp-lightbox-container\"><img loading=\"lazy\" decoding=\"async\" width=\"360\" height=\"480\" data-wp-class--hide=\"state.isContentHidden\" data-wp-class--show=\"state.isContentVisible\" data-wp-init=\"callbacks.setButtonStyles\" data-wp-on--click=\"actions.showLightbox\" data-wp-on--load=\"callbacks.setButtonStyles\" data-wp-on-window--resize=\"callbacks.setButtonStyles\" data-id=\"586\" src=\"https:\/\/pantaicostabrava.com\/wp-content\/uploads\/2026\/03\/68D851C4-EDB3-4943-9C28-444FB30B209C_4_5005_c.jpeg\" alt=\"Classe de wingfoil a la Costa Brava. Begur Pals\" class=\"wp-image-586\" srcset=\"https:\/\/pantaicostabrava.com\/wp-content\/uploads\/2026\/03\/68D851C4-EDB3-4943-9C28-444FB30B209C_4_5005_c.jpeg 360w, https:\/\/pantaicostabrava.com\/wp-content\/uploads\/2026\/03\/68D851C4-EDB3-4943-9C28-444FB30B209C_4_5005_c-225x300.jpeg 225w, https:\/\/pantaicostabrava.com\/wp-content\/uploads\/2026\/03\/68D851C4-EDB3-4943-9C28-444FB30B209C_4_5005_c-9x12.jpeg 9w\" sizes=\"auto, (max-width: 360px) 100vw, 360px\" \/><button\n\t\t\tclass=\"lightbox-trigger\"\n\t\t\ttype=\"button\"\n\t\t\taria-haspopup=\"dialog\"\n\t\t\taria-label=\"Amplia\"\n\t\t\tdata-wp-init=\"callbacks.initTriggerButton\"\n\t\t\tdata-wp-on--click=\"actions.showLightbox\"\n\t\t\tdata-wp-style--right=\"state.imageButtonRight\"\n\t\t\tdata-wp-style--top=\"state.imageButtonTop\"\n\t\t>\n\t\t\t<svg xmlns=\"http:\/\/www.w3.org\/2000\/svg\" width=\"12\" height=\"12\" fill=\"none\" viewbox=\"0 0 12 12\">\n\t\t\t\t<path fill=\"#fff\" d=\"M2 0a2 2 0 0 0-2 2v2h1.5V2a.5.5 0 0 1 .5-.5h2V0H2Zm2 10.5H2a.5.5 0 0 1-.5-.5V8H0v2a2 2 0 0 0 2 2h2v-1.5ZM8 12v-1.5h2a.5.5 0 0 0 .5-.5V8H12v2a2 2 0 0 1-2 2H8Zm2-12a2 2 0 0 1 2 2v2h-1.5V2a.5.5 0 0 0-.5-.5H8V0h2Z\" \/>\n\t\t\t<\/svg>\n\t\t<\/button><\/figure>\n\n\n\n<figure data-wp-context=\"{&quot;imageId&quot;:&quot;69e01b8773214&quot;}\" data-wp-interactive=\"core\/image\" data-wp-key=\"69e01b8773214\" class=\"wp-block-image size-full wp-lightbox-container\"><img loading=\"lazy\" decoding=\"async\" width=\"1707\" height=\"2560\" data-wp-class--hide=\"state.isContentHidden\" data-wp-class--show=\"state.isContentVisible\" data-wp-init=\"callbacks.setButtonStyles\" data-wp-on--click=\"actions.showLightbox\" data-wp-on--load=\"callbacks.setButtonStyles\" data-wp-on-window--resize=\"callbacks.setButtonStyles\" data-id=\"566\" src=\"https:\/\/pantaicostabrava.com\/wp-content\/uploads\/2026\/03\/IMG_6653-scaled.jpg\" alt=\"Classe de wingfoil a Pantai Costa Brava Begur\" class=\"wp-image-566\" srcset=\"https:\/\/pantaicostabrava.com\/wp-content\/uploads\/2026\/03\/IMG_6653-scaled.jpg 1707w, https:\/\/pantaicostabrava.com\/wp-content\/uploads\/2026\/03\/IMG_6653-200x300.jpg 200w, https:\/\/pantaicostabrava.com\/wp-content\/uploads\/2026\/03\/IMG_6653-683x1024.jpg 683w, https:\/\/pantaicostabrava.com\/wp-content\/uploads\/2026\/03\/IMG_6653-768x1152.jpg 768w, https:\/\/pantaicostabrava.com\/wp-content\/uploads\/2026\/03\/IMG_6653-1024x1536.jpg 1024w, https:\/\/pantaicostabrava.com\/wp-content\/uploads\/2026\/03\/IMG_6653-1365x2048.jpg 1365w, https:\/\/pantaicostabrava.com\/wp-content\/uploads\/2026\/03\/IMG_6653-8x12.jpg 8w\" sizes=\"auto, (max-width: 1707px) 100vw, 1707px\" \/><button\n\t\t\tclass=\"lightbox-trigger\"\n\t\t\ttype=\"button\"\n\t\t\taria-haspopup=\"dialog\"\n\t\t\taria-label=\"Amplia\"\n\t\t\tdata-wp-init=\"callbacks.initTriggerButton\"\n\t\t\tdata-wp-on--click=\"actions.showLightbox\"\n\t\t\tdata-wp-style--right=\"state.imageButtonRight\"\n\t\t\tdata-wp-style--top=\"state.imageButtonTop\"\n\t\t>\n\t\t\t<svg xmlns=\"http:\/\/www.w3.org\/2000\/svg\" width=\"12\" height=\"12\" fill=\"none\" viewbox=\"0 0 12 12\">\n\t\t\t\t<path fill=\"#fff\" d=\"M2 0a2 2 0 0 0-2 2v2h1.5V2a.5.5 0 0 1 .5-.5h2V0H2Zm2 10.5H2a.5.5 0 0 1-.5-.5V8H0v2a2 2 0 0 0 2 2h2v-1.5ZM8 12v-1.5h2a.5.5 0 0 0 .5-.5V8H12v2a2 2 0 0 1-2 2H8Zm2-12a2 2 0 0 1 2 2v2h-1.5V2a.5.5 0 0 0-.5-.5H8V0h2Z\" \/>\n\t\t\t<\/svg>\n\t\t<\/button><\/figure>\n\n\n\n<figure data-wp-context=\"{&quot;imageId&quot;:&quot;69e01b8773522&quot;}\" data-wp-interactive=\"core\/image\" data-wp-key=\"69e01b8773522\" class=\"wp-block-image size-full wp-lightbox-container\"><img loading=\"lazy\" decoding=\"async\" width=\"1536\" height=\"2048\" data-wp-class--hide=\"state.isContentHidden\" data-wp-class--show=\"state.isContentVisible\" data-wp-init=\"callbacks.setButtonStyles\" data-wp-on--click=\"actions.showLightbox\" data-wp-on--load=\"callbacks.setButtonStyles\" data-wp-on-window--resize=\"callbacks.setButtonStyles\" data-id=\"652\" src=\"https:\/\/pantaicostabrava.com\/wp-content\/uploads\/2026\/03\/BE39C7FB-4035-4D51-B675-AC67A1864FAF.jpg\" alt=\"Classe de wing foil a la platja de la Costa Brava, Begur Pals.\" class=\"wp-image-652\" srcset=\"https:\/\/pantaicostabrava.com\/wp-content\/uploads\/2026\/03\/BE39C7FB-4035-4D51-B675-AC67A1864FAF.jpg 1536w, https:\/\/pantaicostabrava.com\/wp-content\/uploads\/2026\/03\/BE39C7FB-4035-4D51-B675-AC67A1864FAF-225x300.jpg 225w, https:\/\/pantaicostabrava.com\/wp-content\/uploads\/2026\/03\/BE39C7FB-4035-4D51-B675-AC67A1864FAF-768x1024.jpg 768w, https:\/\/pantaicostabrava.com\/wp-content\/uploads\/2026\/03\/BE39C7FB-4035-4D51-B675-AC67A1864FAF-1152x1536.jpg 1152w, https:\/\/pantaicostabrava.com\/wp-content\/uploads\/2026\/03\/BE39C7FB-4035-4D51-B675-AC67A1864FAF-9x12.jpg 9w\" sizes=\"auto, (max-width: 1536px) 100vw, 1536px\" \/><button\n\t\t\tclass=\"lightbox-trigger\"\n\t\t\ttype=\"button\"\n\t\t\taria-haspopup=\"dialog\"\n\t\t\taria-label=\"Amplia\"\n\t\t\tdata-wp-init=\"callbacks.initTriggerButton\"\n\t\t\tdata-wp-on--click=\"actions.showLightbox\"\n\t\t\tdata-wp-style--right=\"state.imageButtonRight\"\n\t\t\tdata-wp-style--top=\"state.imageButtonTop\"\n\t\t>\n\t\t\t<svg xmlns=\"http:\/\/www.w3.org\/2000\/svg\" width=\"12\" height=\"12\" fill=\"none\" viewbox=\"0 0 12 12\">\n\t\t\t\t<path fill=\"#fff\" d=\"M2 0a2 2 0 0 0-2 2v2h1.5V2a.5.5 0 0 1 .5-.5h2V0H2Zm2 10.5H2a.5.5 0 0 1-.5-.5V8H0v2a2 2 0 0 0 2 2h2v-1.5ZM8 12v-1.5h2a.5.5 0 0 0 .5-.5V8H12v2a2 2 0 0 1-2 2H8Zm2-12a2 2 0 0 1 2 2v2h-1.5V2a.5.5 0 0 0-.5-.5H8V0h2Z\" \/>\n\t\t\t<\/svg>\n\t\t<\/button><\/figure>\n\n\n\n<figure data-wp-context=\"{&quot;imageId&quot;:&quot;69e01b8773821&quot;}\" data-wp-interactive=\"core\/image\" data-wp-key=\"69e01b8773821\" class=\"wp-block-image size-full wp-lightbox-container\"><img loading=\"lazy\" decoding=\"async\" width=\"1536\" height=\"2048\" data-wp-class--hide=\"state.isContentHidden\" data-wp-class--show=\"state.isContentVisible\" data-wp-init=\"callbacks.setButtonStyles\" data-wp-on--click=\"actions.showLightbox\" data-wp-on--load=\"callbacks.setButtonStyles\" data-wp-on-window--resize=\"callbacks.setButtonStyles\" data-id=\"650\" src=\"https:\/\/pantaicostabrava.com\/wp-content\/uploads\/2026\/03\/F8FECC91-5E16-4E69-BDC7-D162CE82DCEF.jpg\" alt=\"Classe de wingfoil a Begur Pals, platja Costa Brava\" class=\"wp-image-650\" srcset=\"https:\/\/pantaicostabrava.com\/wp-content\/uploads\/2026\/03\/F8FECC91-5E16-4E69-BDC7-D162CE82DCEF.jpg 1536w, https:\/\/pantaicostabrava.com\/wp-content\/uploads\/2026\/03\/F8FECC91-5E16-4E69-BDC7-D162CE82DCEF-225x300.jpg 225w, https:\/\/pantaicostabrava.com\/wp-content\/uploads\/2026\/03\/F8FECC91-5E16-4E69-BDC7-D162CE82DCEF-768x1024.jpg 768w, https:\/\/pantaicostabrava.com\/wp-content\/uploads\/2026\/03\/F8FECC91-5E16-4E69-BDC7-D162CE82DCEF-1152x1536.jpg 1152w, https:\/\/pantaicostabrava.com\/wp-content\/uploads\/2026\/03\/F8FECC91-5E16-4E69-BDC7-D162CE82DCEF-9x12.jpg 9w\" sizes=\"auto, (max-width: 1536px) 100vw, 1536px\" \/><button\n\t\t\tclass=\"lightbox-trigger\"\n\t\t\ttype=\"button\"\n\t\t\taria-haspopup=\"dialog\"\n\t\t\taria-label=\"Amplia\"\n\t\t\tdata-wp-init=\"callbacks.initTriggerButton\"\n\t\t\tdata-wp-on--click=\"actions.showLightbox\"\n\t\t\tdata-wp-style--right=\"state.imageButtonRight\"\n\t\t\tdata-wp-style--top=\"state.imageButtonTop\"\n\t\t>\n\t\t\t<svg xmlns=\"http:\/\/www.w3.org\/2000\/svg\" width=\"12\" height=\"12\" fill=\"none\" viewbox=\"0 0 12 12\">\n\t\t\t\t<path fill=\"#fff\" d=\"M2 0a2 2 0 0 0-2 2v2h1.5V2a.5.5 0 0 1 .5-.5h2V0H2Zm2 10.5H2a.5.5 0 0 1-.5-.5V8H0v2a2 2 0 0 0 2 2h2v-1.5ZM8 12v-1.5h2a.5.5 0 0 0 .5-.5V8H12v2a2 2 0 0 1-2 2H8Zm2-12a2 2 0 0 1 2 2v2h-1.5V2a.5.5 0 0 0-.5-.5H8V0h2Z\" \/>\n\t\t\t<\/svg>\n\t\t<\/button><\/figure>\n\n\n\n<figure data-wp-context=\"{&quot;imageId&quot;:&quot;69e01b8773b04&quot;}\" data-wp-interactive=\"core\/image\" data-wp-key=\"69e01b8773b04\" class=\"wp-block-image size-large wp-lightbox-container\"><img loading=\"lazy\" decoding=\"async\" width=\"768\" height=\"1024\" data-wp-class--hide=\"state.isContentHidden\" data-wp-class--show=\"state.isContentVisible\" data-wp-init=\"callbacks.setButtonStyles\" data-wp-on--click=\"actions.showLightbox\" data-wp-on--load=\"callbacks.setButtonStyles\" data-wp-on-window--resize=\"callbacks.setButtonStyles\" data-id=\"653\" src=\"https:\/\/pantaicostabrava.com\/wp-content\/uploads\/2026\/03\/7E57D8BC-BB7B-4378-BF7B-B91A7F36AF01-768x1024.jpg\" alt=\"Lli\u00e7\u00f3 de wing foil Begur Costa Brava Pals\" class=\"wp-image-653\" srcset=\"https:\/\/pantaicostabrava.com\/wp-content\/uploads\/2026\/03\/7E57D8BC-BB7B-4378-BF7B-B91A7F36AF01-768x1024.jpg 768w, https:\/\/pantaicostabrava.com\/wp-content\/uploads\/2026\/03\/7E57D8BC-BB7B-4378-BF7B-B91A7F36AF01-225x300.jpg 225w, https:\/\/pantaicostabrava.com\/wp-content\/uploads\/2026\/03\/7E57D8BC-BB7B-4378-BF7B-B91A7F36AF01-1152x1536.jpg 1152w, https:\/\/pantaicostabrava.com\/wp-content\/uploads\/2026\/03\/7E57D8BC-BB7B-4378-BF7B-B91A7F36AF01-9x12.jpg 9w, https:\/\/pantaicostabrava.com\/wp-content\/uploads\/2026\/03\/7E57D8BC-BB7B-4378-BF7B-B91A7F36AF01.jpg 1536w\" sizes=\"auto, (max-width: 768px) 100vw, 768px\" \/><button\n\t\t\tclass=\"lightbox-trigger\"\n\t\t\ttype=\"button\"\n\t\t\taria-haspopup=\"dialog\"\n\t\t\taria-label=\"Amplia\"\n\t\t\tdata-wp-init=\"callbacks.initTriggerButton\"\n\t\t\tdata-wp-on--click=\"actions.showLightbox\"\n\t\t\tdata-wp-style--right=\"state.imageButtonRight\"\n\t\t\tdata-wp-style--top=\"state.imageButtonTop\"\n\t\t>\n\t\t\t<svg xmlns=\"http:\/\/www.w3.org\/2000\/svg\" width=\"12\" height=\"12\" fill=\"none\" viewbox=\"0 0 12 12\">\n\t\t\t\t<path fill=\"#fff\" d=\"M2 0a2 2 0 0 0-2 2v2h1.5V2a.5.5 0 0 1 .5-.5h2V0H2Zm2 10.5H2a.5.5 0 0 1-.5-.5V8H0v2a2 2 0 0 0 2 2h2v-1.5ZM8 12v-1.5h2a.5.5 0 0 0 .5-.5V8H12v2a2 2 0 0 1-2 2H8Zm2-12a2 2 0 0 1 2 2v2h-1.5V2a.5.5 0 0 0-.5-.5H8V0h2Z\" \/>\n\t\t\t<\/svg>\n\t\t<\/button><\/figure>\n<\/figure>\n<\/div>\n<\/div>\n\n\n\n<div class=\"wp-block-group has-light-color has-color-2-background-color has-text-color has-background has-link-color wp-elements-6e697af08cc8c2473a896714050ef9b2 has-global-padding is-layout-constrained wp-block-group-is-layout-constrained\">\n<div class=\"wp-block-columns is-layout-flex wp-container-core-columns-is-layout-28f84493 wp-block-columns-is-layout-flex\">\n<div class=\"wp-block-column is-layout-flow wp-block-column-is-layout-flow\">\n<div style=\"height:23px\" aria-hidden=\"true\" class=\"wp-block-spacer\"><\/div>\n\n\n\n<h2 class=\"wp-block-heading\">PER QU\u00c8 AMB NOSALTRES?<\/h2>\n\n\n\n<ul class=\"wp-block-list\">\n<li>Ubicaci\u00f3 perfecta a Begur<\/li>\n\n\n\n<li>Condicions de vent ideals<\/li>\n\n\n\n<li>Suport amb embarcaci\u00f3 de seguretat<\/li>\n\n\n\n<li>Nom\u00e9s classes privades<\/li>\n\n\n\n<li>Equipament per a principiants<\/li>\n\n\n\n<li>Instructors experimentats<\/li>\n<\/ul>\n<\/div>\n\n\n\n<div class=\"wp-block-column is-layout-flow wp-block-column-is-layout-flow\">\n<div style=\"height:23px\" aria-hidden=\"true\" class=\"wp-block-spacer\"><\/div>\n\n\n\n<figure class=\"wp-block-image aligncenter size-large is-resized\"><img loading=\"lazy\" decoding=\"async\" width=\"768\" height=\"1024\" src=\"https:\/\/pantaicostabrava.com\/wp-content\/uploads\/2026\/03\/528B6BB6-0FC5-4B92-BB5C-F3CBC045E973-768x1024.jpg\" alt=\"Classe de wing foil a la platja de la Costa Brava, Begur Pals. Pepe\" class=\"wp-image-646\" style=\"aspect-ratio:0.7500222796542197;object-fit:cover;width:263px;height:auto\" srcset=\"https:\/\/pantaicostabrava.com\/wp-content\/uploads\/2026\/03\/528B6BB6-0FC5-4B92-BB5C-F3CBC045E973-768x1024.jpg 768w, https:\/\/pantaicostabrava.com\/wp-content\/uploads\/2026\/03\/528B6BB6-0FC5-4B92-BB5C-F3CBC045E973-225x300.jpg 225w, https:\/\/pantaicostabrava.com\/wp-content\/uploads\/2026\/03\/528B6BB6-0FC5-4B92-BB5C-F3CBC045E973-1152x1536.jpg 1152w, https:\/\/pantaicostabrava.com\/wp-content\/uploads\/2026\/03\/528B6BB6-0FC5-4B92-BB5C-F3CBC045E973-9x12.jpg 9w, https:\/\/pantaicostabrava.com\/wp-content\/uploads\/2026\/03\/528B6BB6-0FC5-4B92-BB5C-F3CBC045E973.jpg 1536w\" sizes=\"auto, (max-width: 768px) 100vw, 768px\" \/><\/figure>\n<\/div>\n<\/div>\n\n\n\n<div style=\"height:28px\" aria-hidden=\"true\" class=\"wp-block-spacer\"><\/div>\n<\/div>\n\n\n\n<h2 class=\"wp-block-heading has-text-align-center\">Preparat per als teus primers vols?<\/h2>\n\n\n\n<div class=\"wp-block-group has-global-padding is-layout-constrained wp-block-group-is-layout-constrained\">\n<div class=\"wp-block-buttons wa-wingfoil is-content-justification-center is-layout-flex wp-container-core-buttons-is-layout-a89b3969 wp-block-buttons-is-layout-flex\">\n<div class=\"wp-block-button\"><a class=\"wp-block-button__link wp-element-button\">RESERVA ARA<\/a><\/div>\n<\/div>\n<\/div>","protected":false},"excerpt":{"rendered":"<p>A Unique Experience on the Water Wingfoiling is not just another water sport. It\u2019s the closest thing to flying over the sea. Smooth, silent and incredibly addictive, it gives you a unique sensation from the very first rides. Once you start, you won\u2019t want to stop. why WINGFOIL? how lessons work CONDITIONS &amp; EQUIPMENT We [&hellip;]<\/p>\n","protected":false},"author":1,"featured_media":0,"parent":0,"menu_order":0,"comment_status":"closed","ping_status":"closed","template":"","meta":{"footnotes":""},"class_list":["post-639","page","type-page","status-publish","hentry"],"_hostinger_reach_plugin_has_subscription_block":false,"_hostinger_reach_plugin_is_elementor":false,"_links":{"self":[{"href":"https:\/\/pantaicostabrava.com\/ca\/wp-json\/wp\/v2\/pages\/639","targetHints":{"allow":["GET"]}}],"collection":[{"href":"https:\/\/pantaicostabrava.com\/ca\/wp-json\/wp\/v2\/pages"}],"about":[{"href":"https:\/\/pantaicostabrava.com\/ca\/wp-json\/wp\/v2\/types\/page"}],"author":[{"embeddable":true,"href":"https:\/\/pantaicostabrava.com\/ca\/wp-json\/wp\/v2\/users\/1"}],"replies":[{"embeddable":true,"href":"https:\/\/pantaicostabrava.com\/ca\/wp-json\/wp\/v2\/comments?post=639"}],"version-history":[{"count":16,"href":"https:\/\/pantaicostabrava.com\/ca\/wp-json\/wp\/v2\/pages\/639\/revisions"}],"predecessor-version":[{"id":761,"href":"https:\/\/pantaicostabrava.com\/ca\/wp-json\/wp\/v2\/pages\/639\/revisions\/761"}],"wp:attachment":[{"href":"https:\/\/pantaicostabrava.com\/ca\/wp-json\/wp\/v2\/media?parent=639"}],"curies":[{"name":"wp","href":"https:\/\/api.w.org\/{rel}","templated":true}]}}