{"id":466,"date":"2026-03-05T09:47:41","date_gmt":"2026-03-05T09:47:41","guid":{"rendered":"https:\/\/pantaicostabrava.com\/?page_id=466"},"modified":"2026-03-05T12:00:12","modified_gmt":"2026-03-05T12:00:12","slug":"sessio-nocturna","status":"publish","type":"page","link":"https:\/\/pantaicostabrava.com\/ca\/night-session\/","title":{"rendered":"Sessi\u00f3 nocturna"},"content":{"rendered":"<div class=\"wp-block-media-text has-media-on-the-right is-stacked-on-mobile\"><div class=\"wp-block-media-text__content\">\n<p>Quan el sol s'amaga, sortim amb el <strong>paddle surf equipat amb llums integrades<\/strong> que il\u00b7luminen l'aigua sota nostre.<\/p>\n\n\n\n<p>Remem per la costa passant <strong>Illa Roja i Sa Riera<\/strong>, on on s'hi veu el fons mar\u00ed i peixos nedant per sota.<\/p>\n\n\n\n<p>Una manera tranquil\u00b7la i m\u00e0gica de viure el mar despr\u00e9s del capvespre.<\/p>\n<\/div><figure class=\"wp-block-media-text__media\"><img loading=\"lazy\" decoding=\"async\" width=\"768\" height=\"1024\" src=\"https:\/\/pantaicostabrava.com\/wp-content\/uploads\/2026\/03\/IMG_8328-768x1024.jpeg\" alt=\"Sessi\u00f3 de padel surf amb llums al capvespre a la Costa Brava, Begur. Platja \" class=\"wp-image-467 size-full\" srcset=\"https:\/\/pantaicostabrava.com\/wp-content\/uploads\/2026\/03\/IMG_8328-768x1024.jpeg 768w, https:\/\/pantaicostabrava.com\/wp-content\/uploads\/2026\/03\/IMG_8328-225x300.jpeg 225w, https:\/\/pantaicostabrava.com\/wp-content\/uploads\/2026\/03\/IMG_8328-1152x1536.jpeg 1152w, https:\/\/pantaicostabrava.com\/wp-content\/uploads\/2026\/03\/IMG_8328-9x12.jpeg 9w, https:\/\/pantaicostabrava.com\/wp-content\/uploads\/2026\/03\/IMG_8328.jpeg 1536w\" sizes=\"auto, (max-width: 768px) 100vw, 768px\" \/><\/figure><\/div>\n\n\n\n<div class=\"wp-block-group alignfull hostinger-ai-gallery-5 hostinger-ai-fade-up is-layout-flow wp-block-group-is-layout-flow\" data-aos=\"fade-up\">\n<div style=\"height:20px\" aria-hidden=\"true\" class=\"wp-block-spacer\"><\/div>\n\n\n\n<div class=\"wp-block-columns has-light-color has-color-3-background-color has-text-color has-background has-link-color wp-elements-98e03a63052ce2ecb899bac294aa408a is-layout-flex wp-container-core-columns-is-layout-28f84493 wp-block-columns-is-layout-flex\">\n<div class=\"wp-block-column is-layout-flow wp-block-column-is-layout-flow\" style=\"padding-top:var(--wp--preset--spacing--30);padding-bottom:var(--wp--preset--spacing--30)\">\n<h3 class=\"wp-block-heading has-text-align-center\">QU\u00c8 S'INCLOU<\/h3>\n\n\n\n<p class=\"has-text-align-center\">MATERIAL SUP (TAULA, PALA, REM I LEASH)<br>ARMILLA SALVAVIDES SI \u00c9S NECESSARI<br>INTRODUCCI\u00d3 ABANS DE LA SESSI\u00d3<br>NO ES REQUEREIX EXPERI\u00c8NCIA<\/p>\n\n\n\n<p class=\"has-text-align-center\" style=\"margin-top:0;margin-bottom:0\">1 HORA A L'AIGUA<br>BONES FOTOS<br><br>35 euros per persona<\/p>\n\n\n\n<div class=\"wp-block-buttons wa-night is-content-justification-center is-layout-flex wp-container-core-buttons-is-layout-a89b3969 wp-block-buttons-is-layout-flex\">\n<div class=\"wp-block-button wa-rentals\"><a class=\"wp-block-button__link wp-element-button\">RESERVA LA TEVA PLA\u00c7A<\/a><\/div>\n<\/div>\n<\/div>\n<\/div>\n\n\n\n<div style=\"height:19px\" aria-hidden=\"true\" class=\"wp-block-spacer\"><\/div>\n\n\n\n<p class=\"has-text-align-center\">Ens trobem a la platja per un <strong>briefing a la sorra<\/strong>, on t'explicarem lo b\u00e0sic del paddle surf, les instruccions de seguretat i el recorregut de la sessi\u00f3. No cal experi\u00e8ncia pr\u00e8via, ja que les taules s\u00f3n grans, estables i f\u00e0cils.<\/p>\n\n\n\n<p>Un cop a l'aigua, remem seguint la costa passant <strong>Illa Roja <\/strong>i<strong> Sa Riera<\/strong>, gaudint de l'ambient tranquil del mar nocturn.<\/p>\n\n\n\n<p>Els nostres paddle surfs estan equipats amb <strong>llums integrades<\/strong>, que il\u00b7luminen gradualment l'aigua sota nostre a mesura que la llum natural desapareix. Aix\u00f2 ens permet veure el fons mar\u00ed i diferents peixos.<\/p>\n\n\n\n<p>L'experi\u00e8ncia dura <strong>al voltant d'una hora a l'aigua<\/strong>, creant una atmosfera pac\u00edfica i m\u00e0gica mentre la costa passa lentament del capvespre a la nit.<\/p>\n\n\n\n<p class=\"has-text-align-center\">Una manera relaxada i diferent de descobrir la Costa Brava des del mar.<\/p>\n\n\n\n<div class=\"wp-block-buttons wa-night is-content-justification-center is-layout-flex wp-container-core-buttons-is-layout-a89b3969 wp-block-buttons-is-layout-flex\">\n<div class=\"wp-block-button wa-sunrise\"><a class=\"wp-block-button__link wp-element-button\">LLIBRE<\/a><\/div>\n<\/div>\n\n\n\n<hr class=\"wp-block-separator has-alpha-channel-opacity\"\/>\n\n\n\n<div class=\"wp-block-group alignwide hostinger-ai-fade-up has-global-padding is-layout-constrained wp-block-group-is-layout-constrained\" data-aos=\"fade-up\" style=\"padding-top:var(--wp--preset--spacing--60);padding-bottom:var(--wp--preset--spacing--60)\">\n<h2 class=\"wp-block-heading has-text-align-center hostinger-ai-title has-dark-color has-text-color has-link-color has-x-large-font-size wp-elements-88956ab6cbd5696e52ddc577673a41e6\" style=\"margin-top:0;margin-right:0;margin-bottom:var(--wp--preset--spacing--20);margin-left:0\">La nostra Galeria<\/h2>\n<\/div>\n\n\n\n<div class=\"wp-block-group hostinger-ai-fade-up has-global-padding is-layout-constrained wp-block-group-is-layout-constrained\" data-aos=\"fade-up\" style=\"margin-top:0;margin-bottom:var(--wp--preset--spacing--60)\">\n<figure class=\"wp-block-gallery has-nested-images columns-default is-cropped wp-block-gallery-1 is-layout-flex wp-block-gallery-is-layout-flex\">\n<figure data-wp-context=\"{&quot;imageId&quot;:&quot;69e0197e7b753&quot;}\" data-wp-interactive=\"core\/image\" data-wp-key=\"69e0197e7b753\" class=\"wp-block-image size-full wp-lightbox-container\"><img loading=\"lazy\" decoding=\"async\" width=\"853\" height=\"1280\" data-wp-class--hide=\"state.isContentHidden\" data-wp-class--show=\"state.isContentVisible\" data-wp-init=\"callbacks.setButtonStyles\" data-wp-on--click=\"actions.showLightbox\" data-wp-on--load=\"callbacks.setButtonStyles\" data-wp-on-window--resize=\"callbacks.setButtonStyles\" data-id=\"479\" src=\"https:\/\/pantaicostabrava.com\/wp-content\/uploads\/2026\/03\/dji_fly_20250717_220532_0332_1752783233674_photo-en-tamano-grande.jpeg\" alt=\"Capvespre en p\u00e0del surf a la Costa Brava, Begur. Platja Costa Brava p\u00e0del surf\" class=\"wp-image-479\" srcset=\"https:\/\/pantaicostabrava.com\/wp-content\/uploads\/2026\/03\/dji_fly_20250717_220532_0332_1752783233674_photo-en-tamano-grande.jpeg 853w, https:\/\/pantaicostabrava.com\/wp-content\/uploads\/2026\/03\/dji_fly_20250717_220532_0332_1752783233674_photo-en-tamano-grande-200x300.jpeg 200w, https:\/\/pantaicostabrava.com\/wp-content\/uploads\/2026\/03\/dji_fly_20250717_220532_0332_1752783233674_photo-en-tamano-grande-682x1024.jpeg 682w, https:\/\/pantaicostabrava.com\/wp-content\/uploads\/2026\/03\/dji_fly_20250717_220532_0332_1752783233674_photo-en-tamano-grande-768x1152.jpeg 768w, https:\/\/pantaicostabrava.com\/wp-content\/uploads\/2026\/03\/dji_fly_20250717_220532_0332_1752783233674_photo-en-tamano-grande-8x12.jpeg 8w\" sizes=\"auto, (max-width: 853px) 100vw, 853px\" \/><button\n\t\t\tclass=\"lightbox-trigger\"\n\t\t\ttype=\"button\"\n\t\t\taria-haspopup=\"dialog\"\n\t\t\taria-label=\"Amplia\"\n\t\t\tdata-wp-init=\"callbacks.initTriggerButton\"\n\t\t\tdata-wp-on--click=\"actions.showLightbox\"\n\t\t\tdata-wp-style--right=\"state.imageButtonRight\"\n\t\t\tdata-wp-style--top=\"state.imageButtonTop\"\n\t\t>\n\t\t\t<svg xmlns=\"http:\/\/www.w3.org\/2000\/svg\" width=\"12\" height=\"12\" fill=\"none\" viewbox=\"0 0 12 12\">\n\t\t\t\t<path fill=\"#fff\" d=\"M2 0a2 2 0 0 0-2 2v2h1.5V2a.5.5 0 0 1 .5-.5h2V0H2Zm2 10.5H2a.5.5 0 0 1-.5-.5V8H0v2a2 2 0 0 0 2 2h2v-1.5ZM8 12v-1.5h2a.5.5 0 0 0 .5-.5V8H12v2a2 2 0 0 1-2 2H8Zm2-12a2 2 0 0 1 2 2v2h-1.5V2a.5.5 0 0 0-.5-.5H8V0h2Z\" \/>\n\t\t\t<\/svg>\n\t\t<\/button><\/figure>\n\n\n\n<figure data-wp-context=\"{&quot;imageId&quot;:&quot;69e0197e7b9fd&quot;}\" data-wp-interactive=\"core\/image\" data-wp-key=\"69e0197e7b9fd\" class=\"wp-block-image size-large wp-lightbox-container\"><img loading=\"lazy\" decoding=\"async\" width=\"768\" height=\"1024\" data-wp-class--hide=\"state.isContentHidden\" data-wp-class--show=\"state.isContentVisible\" data-wp-init=\"callbacks.setButtonStyles\" data-wp-on--click=\"actions.showLightbox\" data-wp-on--load=\"callbacks.setButtonStyles\" data-wp-on-window--resize=\"callbacks.setButtonStyles\" data-id=\"412\" src=\"https:\/\/pantaicostabrava.com\/wp-content\/uploads\/2026\/03\/IMG_4338-768x1024.jpeg\" alt=\"Capvespre en p\u00e0del surf a la Costa Brava, Begur. Platja Costa Brava p\u00e0del surf\" class=\"wp-image-412\" srcset=\"https:\/\/pantaicostabrava.com\/wp-content\/uploads\/2026\/03\/IMG_4338-768x1024.jpeg 768w, https:\/\/pantaicostabrava.com\/wp-content\/uploads\/2026\/03\/IMG_4338-225x300.jpeg 225w, https:\/\/pantaicostabrava.com\/wp-content\/uploads\/2026\/03\/IMG_4338-1152x1536.jpeg 1152w, https:\/\/pantaicostabrava.com\/wp-content\/uploads\/2026\/03\/IMG_4338-9x12.jpeg 9w, https:\/\/pantaicostabrava.com\/wp-content\/uploads\/2026\/03\/IMG_4338.jpeg 1536w\" sizes=\"auto, (max-width: 768px) 100vw, 768px\" \/><button\n\t\t\tclass=\"lightbox-trigger\"\n\t\t\ttype=\"button\"\n\t\t\taria-haspopup=\"dialog\"\n\t\t\taria-label=\"Amplia\"\n\t\t\tdata-wp-init=\"callbacks.initTriggerButton\"\n\t\t\tdata-wp-on--click=\"actions.showLightbox\"\n\t\t\tdata-wp-style--right=\"state.imageButtonRight\"\n\t\t\tdata-wp-style--top=\"state.imageButtonTop\"\n\t\t>\n\t\t\t<svg xmlns=\"http:\/\/www.w3.org\/2000\/svg\" width=\"12\" height=\"12\" fill=\"none\" viewbox=\"0 0 12 12\">\n\t\t\t\t<path fill=\"#fff\" d=\"M2 0a2 2 0 0 0-2 2v2h1.5V2a.5.5 0 0 1 .5-.5h2V0H2Zm2 10.5H2a.5.5 0 0 1-.5-.5V8H0v2a2 2 0 0 0 2 2h2v-1.5ZM8 12v-1.5h2a.5.5 0 0 0 .5-.5V8H12v2a2 2 0 0 1-2 2H8Zm2-12a2 2 0 0 1 2 2v2h-1.5V2a.5.5 0 0 0-.5-.5H8V0h2Z\" \/>\n\t\t\t<\/svg>\n\t\t<\/button><\/figure>\n\n\n\n<figure data-wp-context=\"{&quot;imageId&quot;:&quot;69e0197e7bc5e&quot;}\" data-wp-interactive=\"core\/image\" data-wp-key=\"69e0197e7bc5e\" class=\"wp-block-image size-full wp-lightbox-container\"><img loading=\"lazy\" decoding=\"async\" width=\"1920\" height=\"2560\" data-wp-class--hide=\"state.isContentHidden\" data-wp-class--show=\"state.isContentVisible\" data-wp-init=\"callbacks.setButtonStyles\" data-wp-on--click=\"actions.showLightbox\" data-wp-on--load=\"callbacks.setButtonStyles\" data-wp-on-window--resize=\"callbacks.setButtonStyles\" data-id=\"482\" src=\"https:\/\/pantaicostabrava.com\/wp-content\/uploads\/2026\/03\/night-paddle-surf-scaled.jpeg\" alt=\"Posta de sol en una taula de paddle surf amb llums a Begur, costa Brava\" class=\"wp-image-482\" srcset=\"https:\/\/pantaicostabrava.com\/wp-content\/uploads\/2026\/03\/night-paddle-surf-scaled.jpeg 1920w, https:\/\/pantaicostabrava.com\/wp-content\/uploads\/2026\/03\/night-paddle-surf-225x300.jpeg 225w, https:\/\/pantaicostabrava.com\/wp-content\/uploads\/2026\/03\/night-paddle-surf-768x1024.jpeg 768w, https:\/\/pantaicostabrava.com\/wp-content\/uploads\/2026\/03\/night-paddle-surf-1152x1536.jpeg 1152w, https:\/\/pantaicostabrava.com\/wp-content\/uploads\/2026\/03\/night-paddle-surf-1536x2048.jpeg 1536w, https:\/\/pantaicostabrava.com\/wp-content\/uploads\/2026\/03\/night-paddle-surf-9x12.jpeg 9w\" sizes=\"auto, (max-width: 1920px) 100vw, 1920px\" \/><button\n\t\t\tclass=\"lightbox-trigger\"\n\t\t\ttype=\"button\"\n\t\t\taria-haspopup=\"dialog\"\n\t\t\taria-label=\"Amplia\"\n\t\t\tdata-wp-init=\"callbacks.initTriggerButton\"\n\t\t\tdata-wp-on--click=\"actions.showLightbox\"\n\t\t\tdata-wp-style--right=\"state.imageButtonRight\"\n\t\t\tdata-wp-style--top=\"state.imageButtonTop\"\n\t\t>\n\t\t\t<svg xmlns=\"http:\/\/www.w3.org\/2000\/svg\" width=\"12\" height=\"12\" fill=\"none\" viewbox=\"0 0 12 12\">\n\t\t\t\t<path fill=\"#fff\" d=\"M2 0a2 2 0 0 0-2 2v2h1.5V2a.5.5 0 0 1 .5-.5h2V0H2Zm2 10.5H2a.5.5 0 0 1-.5-.5V8H0v2a2 2 0 0 0 2 2h2v-1.5ZM8 12v-1.5h2a.5.5 0 0 0 .5-.5V8H12v2a2 2 0 0 1-2 2H8Zm2-12a2 2 0 0 1 2 2v2h-1.5V2a.5.5 0 0 0-.5-.5H8V0h2Z\" \/>\n\t\t\t<\/svg>\n\t\t<\/button><\/figure>\n\n\n\n<figure data-wp-context=\"{&quot;imageId&quot;:&quot;69e0197e7bed9&quot;}\" data-wp-interactive=\"core\/image\" data-wp-key=\"69e0197e7bed9\" class=\"wp-block-image size-large wp-lightbox-container\"><img loading=\"lazy\" decoding=\"async\" width=\"768\" height=\"1024\" data-wp-class--hide=\"state.isContentHidden\" data-wp-class--show=\"state.isContentVisible\" data-wp-init=\"callbacks.setButtonStyles\" data-wp-on--click=\"actions.showLightbox\" data-wp-on--load=\"callbacks.setButtonStyles\" data-wp-on-window--resize=\"callbacks.setButtonStyles\" data-id=\"368\" src=\"https:\/\/pantaicostabrava.com\/wp-content\/uploads\/2026\/03\/night-768x1024.jpg\" alt=\"Sessi\u00f3 nocturna de stand up paddle amb llums a la Costa Brava, Begur, amb Pantai Costabrava\" class=\"wp-image-368\" srcset=\"https:\/\/pantaicostabrava.com\/wp-content\/uploads\/2026\/03\/night-768x1024.jpg 768w, https:\/\/pantaicostabrava.com\/wp-content\/uploads\/2026\/03\/night-225x300.jpg 225w, https:\/\/pantaicostabrava.com\/wp-content\/uploads\/2026\/03\/night-1152x1536.jpg 1152w, https:\/\/pantaicostabrava.com\/wp-content\/uploads\/2026\/03\/night-9x12.jpg 9w, https:\/\/pantaicostabrava.com\/wp-content\/uploads\/2026\/03\/night.jpg 1200w\" sizes=\"auto, (max-width: 768px) 100vw, 768px\" \/><button\n\t\t\tclass=\"lightbox-trigger\"\n\t\t\ttype=\"button\"\n\t\t\taria-haspopup=\"dialog\"\n\t\t\taria-label=\"Amplia\"\n\t\t\tdata-wp-init=\"callbacks.initTriggerButton\"\n\t\t\tdata-wp-on--click=\"actions.showLightbox\"\n\t\t\tdata-wp-style--right=\"state.imageButtonRight\"\n\t\t\tdata-wp-style--top=\"state.imageButtonTop\"\n\t\t>\n\t\t\t<svg xmlns=\"http:\/\/www.w3.org\/2000\/svg\" width=\"12\" height=\"12\" fill=\"none\" viewbox=\"0 0 12 12\">\n\t\t\t\t<path fill=\"#fff\" d=\"M2 0a2 2 0 0 0-2 2v2h1.5V2a.5.5 0 0 1 .5-.5h2V0H2Zm2 10.5H2a.5.5 0 0 1-.5-.5V8H0v2a2 2 0 0 0 2 2h2v-1.5ZM8 12v-1.5h2a.5.5 0 0 0 .5-.5V8H12v2a2 2 0 0 1-2 2H8Zm2-12a2 2 0 0 1 2 2v2h-1.5V2a.5.5 0 0 0-.5-.5H8V0h2Z\" \/>\n\t\t\t<\/svg>\n\t\t<\/button><\/figure>\n\n\n\n<figure data-wp-context=\"{&quot;imageId&quot;:&quot;69e0197e7c13a&quot;}\" data-wp-interactive=\"core\/image\" data-wp-key=\"69e0197e7c13a\" class=\"wp-block-image size-full wp-lightbox-container\"><img loading=\"lazy\" decoding=\"async\" width=\"1920\" height=\"2560\" data-wp-class--hide=\"state.isContentHidden\" data-wp-class--show=\"state.isContentVisible\" data-wp-init=\"callbacks.setButtonStyles\" data-wp-on--click=\"actions.showLightbox\" data-wp-on--load=\"callbacks.setButtonStyles\" data-wp-on-window--resize=\"callbacks.setButtonStyles\" data-id=\"481\" src=\"https:\/\/pantaicostabrava.com\/wp-content\/uploads\/2026\/03\/night-sup-session-scaled.jpeg\" alt=\"Posta de sol en una taula de paddle surf amb llums a Begur, costa Brava\" class=\"wp-image-481\" srcset=\"https:\/\/pantaicostabrava.com\/wp-content\/uploads\/2026\/03\/night-sup-session-scaled.jpeg 1920w, https:\/\/pantaicostabrava.com\/wp-content\/uploads\/2026\/03\/night-sup-session-225x300.jpeg 225w, https:\/\/pantaicostabrava.com\/wp-content\/uploads\/2026\/03\/night-sup-session-768x1024.jpeg 768w, https:\/\/pantaicostabrava.com\/wp-content\/uploads\/2026\/03\/night-sup-session-1152x1536.jpeg 1152w, https:\/\/pantaicostabrava.com\/wp-content\/uploads\/2026\/03\/night-sup-session-1536x2048.jpeg 1536w, https:\/\/pantaicostabrava.com\/wp-content\/uploads\/2026\/03\/night-sup-session-9x12.jpeg 9w\" sizes=\"auto, (max-width: 1920px) 100vw, 1920px\" \/><button\n\t\t\tclass=\"lightbox-trigger\"\n\t\t\ttype=\"button\"\n\t\t\taria-haspopup=\"dialog\"\n\t\t\taria-label=\"Amplia\"\n\t\t\tdata-wp-init=\"callbacks.initTriggerButton\"\n\t\t\tdata-wp-on--click=\"actions.showLightbox\"\n\t\t\tdata-wp-style--right=\"state.imageButtonRight\"\n\t\t\tdata-wp-style--top=\"state.imageButtonTop\"\n\t\t>\n\t\t\t<svg xmlns=\"http:\/\/www.w3.org\/2000\/svg\" width=\"12\" height=\"12\" fill=\"none\" viewbox=\"0 0 12 12\">\n\t\t\t\t<path fill=\"#fff\" d=\"M2 0a2 2 0 0 0-2 2v2h1.5V2a.5.5 0 0 1 .5-.5h2V0H2Zm2 10.5H2a.5.5 0 0 1-.5-.5V8H0v2a2 2 0 0 0 2 2h2v-1.5ZM8 12v-1.5h2a.5.5 0 0 0 .5-.5V8H12v2a2 2 0 0 1-2 2H8Zm2-12a2 2 0 0 1 2 2v2h-1.5V2a.5.5 0 0 0-.5-.5H8V0h2Z\" \/>\n\t\t\t<\/svg>\n\t\t<\/button><\/figure>\n<\/figure>\n<\/div>\n\n\n\n<p class=\"has-text-align-center\"><strong>Grup petit.<br>Mar tranquil\u00b7la.<br>Una manera especial de viure la Costa Brava.<\/strong><\/p>\n\n\n\n<p class=\"has-text-align-center\">Places limitades.<br>Subjecte a les condicions del mar i del vent per garantir una experi\u00e8ncia inoblidable.<br><br><\/p>\n<\/div>\n\n\n\n<p class=\"has-text-align-center\">Reserva la teva sessi\u00f3 nocturna ara.<\/p>\n\n\n\n<div class=\"wp-block-group alignfull hostinger-ai-solid-block hostinger-ai-fade-up has-color-1-background-color has-background has-global-padding is-layout-constrained wp-block-group-is-layout-constrained\" data-aos=\"fade-up\" style=\"padding-top:var(--wp--preset--spacing--60);padding-bottom:var(--wp--preset--spacing--60)\">\n<div class=\"wp-block-group alignwide hostinger-ai-fade-up is-vertical is-content-justification-center is-nowrap is-layout-flex wp-container-core-group-is-layout-4cc6ee0a wp-block-group-is-layout-flex\" data-aos=\"fade-up\" style=\"min-height:0px;padding-top:0;padding-bottom:0\">\n<div class=\"wp-block-group hostinger-ai-fade-up wp-container-content-69bc4bdf has-global-padding is-content-justification-center is-layout-constrained wp-container-core-group-is-layout-78267832 wp-block-group-is-layout-constrained\" data-aos=\"fade-up\">\n<h2 class=\"wp-block-heading has-text-align-center hostinger-ai-title has-dark-color has-text-color has-link-color has-x-large-font-size wp-elements-c400e1bfbbdcc289e4b8d0f4e1197f20\" style=\"margin-top:0;margin-right:0;margin-bottom:0;margin-left:0\">Vine a disfrutar amb nosaltres<\/h2>\n\n\n\n<p class=\"has-text-align-center hostinger-ai-description has-dark-color has-text-color has-link-color has-medium-font-size wp-elements-a937a2dcfd8fe23b86344880bf32cfe5\" style=\"margin-top:var(--wp--preset--spacing--20);margin-bottom:var(--wp--preset--spacing--50)\"><\/p>\n\n\n\n<div class=\"wp-block-buttons wa-night is-content-justification-center is-layout-flex wp-container-core-buttons-is-layout-a89b3969 wp-block-buttons-is-layout-flex\">\n<div class=\"wp-block-button wa-rentals\"><a class=\"wp-block-button__link has-dark-color has-contrast-background-color has-text-color has-background has-link-color has-border-color has-medium-font-size has-custom-font-size wp-element-button\" style=\"border-color:#0d141a;border-width:1px;border-radius:50px;padding-top:var(--wp--preset--spacing--30);padding-right:var(--wp--preset--spacing--70);padding-bottom:var(--wp--preset--spacing--30);padding-left:var(--wp--preset--spacing--70);box-shadow:none\">RESERVA VIA WHATSAPP<\/a><\/div>\n<\/div>\n<\/div>\n<\/div>\n<\/div>","protected":false},"excerpt":{"rendered":"<p>As the sun sets, we head out on stand-up paddle boards equipped with integrated lights that illuminate the water beneath us. We paddle along the coastline passing Illa Roja and Sa Riera, where the lights reveal rocks, sand and fish swimming below us. A calm and magical way to experience the sea after sunset. WHAT&#8217;S [&hellip;]<\/p>\n","protected":false},"author":1,"featured_media":0,"parent":0,"menu_order":0,"comment_status":"closed","ping_status":"closed","template":"","meta":{"footnotes":""},"class_list":["post-466","page","type-page","status-publish","hentry"],"_hostinger_reach_plugin_has_subscription_block":false,"_hostinger_reach_plugin_is_elementor":false,"_links":{"self":[{"href":"https:\/\/pantaicostabrava.com\/ca\/wp-json\/wp\/v2\/pages\/466","targetHints":{"allow":["GET"]}}],"collection":[{"href":"https:\/\/pantaicostabrava.com\/ca\/wp-json\/wp\/v2\/pages"}],"about":[{"href":"https:\/\/pantaicostabrava.com\/ca\/wp-json\/wp\/v2\/types\/page"}],"author":[{"embeddable":true,"href":"https:\/\/pantaicostabrava.com\/ca\/wp-json\/wp\/v2\/users\/1"}],"replies":[{"embeddable":true,"href":"https:\/\/pantaicostabrava.com\/ca\/wp-json\/wp\/v2\/comments?post=466"}],"version-history":[{"count":7,"href":"https:\/\/pantaicostabrava.com\/ca\/wp-json\/wp\/v2\/pages\/466\/revisions"}],"predecessor-version":[{"id":490,"href":"https:\/\/pantaicostabrava.com\/ca\/wp-json\/wp\/v2\/pages\/466\/revisions\/490"}],"wp:attachment":[{"href":"https:\/\/pantaicostabrava.com\/ca\/wp-json\/wp\/v2\/media?parent=466"}],"curies":[{"name":"wp","href":"https:\/\/api.w.org\/{rel}","templated":true}]}}