{"id":359,"date":"2026-03-03T08:14:48","date_gmt":"2026-03-03T08:14:48","guid":{"rendered":"https:\/\/pantaicostabrava.com\/?page_id=359"},"modified":"2026-03-05T12:21:25","modified_gmt":"2026-03-05T12:21:25","slug":"sessions-de-sortida-del-sol","status":"publish","type":"page","link":"https:\/\/pantaicostabrava.com\/ca\/sunrise-sessions\/","title":{"rendered":"SORTIDA DE SOL"},"content":{"rendered":"<div class=\"wp-block-media-text has-media-on-the-right is-stacked-on-mobile\"><div class=\"wp-block-media-text__content\">\n<p>Aix\u00f2 no \u00e9s nom\u00e9s una activitat guiada.<br>\u00c9s la Costa Brava en el seu moment m\u00e9s m\u00e0gic.<\/p>\n\n\n\n<p>Remem amb les primeres llums del dia, quan el mar est\u00e0 completament tranquil i la costa nom\u00e9s ens pertany a nosaltres.<br>Sense aglomeracions. Sense soroll. Nom\u00e9s el so de l'aigua i el sol naixent.<\/p>\n\n\n\n<p>Des de l'aigua, veiem <strong>Illa Roja<\/strong> brillant en colors c\u00e0lids i el <strong>Illes Medes<\/strong> a l'horitz\u00f3.<\/p>\n<\/div><figure class=\"wp-block-media-text__media\"><img loading=\"lazy\" decoding=\"async\" width=\"768\" height=\"1024\" src=\"https:\/\/pantaicostabrava.com\/wp-content\/uploads\/2026\/02\/IMG_1064-768x1024.jpg\" alt=\"sessi\u00f3 d&#039;aurora amb rem i p\u00e0del-surf-activitat\" class=\"wp-image-238 size-full\" srcset=\"https:\/\/pantaicostabrava.com\/wp-content\/uploads\/2026\/02\/IMG_1064-768x1024.jpg 768w, https:\/\/pantaicostabrava.com\/wp-content\/uploads\/2026\/02\/IMG_1064-225x300.jpg 225w, https:\/\/pantaicostabrava.com\/wp-content\/uploads\/2026\/02\/IMG_1064-1152x1536.jpg 1152w, https:\/\/pantaicostabrava.com\/wp-content\/uploads\/2026\/02\/IMG_1064-1536x2048.jpg 1536w, https:\/\/pantaicostabrava.com\/wp-content\/uploads\/2026\/02\/IMG_1064-9x12.jpg 9w, https:\/\/pantaicostabrava.com\/wp-content\/uploads\/2026\/02\/IMG_1064-scaled.jpg 1920w\" sizes=\"auto, (max-width: 768px) 100vw, 768px\" \/><\/figure><\/div>\n\n\n\n<div class=\"wp-block-group alignfull hostinger-ai-gallery-5 hostinger-ai-fade-up is-layout-flow wp-block-group-is-layout-flow\" data-aos=\"fade-up\">\n<div class=\"wp-block-buttons wa-sunrise is-content-justification-center is-layout-flex wp-container-core-buttons-is-layout-a89b3969 wp-block-buttons-is-layout-flex\">\n<div class=\"wp-block-button wa-rentals\"><a class=\"wp-block-button__link wp-element-button\">RESERVA LA TEVA PLA\u00c7A<\/a><\/div>\n<\/div>\n\n\n\n<div style=\"height:20px\" aria-hidden=\"true\" class=\"wp-block-spacer\"><\/div>\n\n\n\n<div class=\"wp-block-columns has-light-color has-color-3-background-color has-text-color has-background has-link-color wp-elements-566ad07a7ae03ef0e8f0b160a8642cde is-layout-flex wp-container-core-columns-is-layout-28f84493 wp-block-columns-is-layout-flex\">\n<div class=\"wp-block-column is-layout-flow wp-block-column-is-layout-flow\" style=\"padding-top:var(--wp--preset--spacing--30);padding-bottom:var(--wp--preset--spacing--30)\">\n<h3 class=\"wp-block-heading has-text-align-center\">QU\u00c8 S'INCLOU<\/h3>\n\n\n\n<p class=\"has-text-align-center\">MATERIAL PADDLE SURF<br>ARMILLA SALVAVIDES SI \u00c9S NECESSARI<br>INTRODUCCI\u00d3 ABANS DE LA SESSI\u00d3<br>NO ES REQUEREIX EXPERI\u00c8NCIA<\/p>\n\n\n\n<p class=\"has-text-align-center\" style=\"margin-top:0;margin-bottom:0\">1 HORA A L'AIGUA<br>Bones fotos \ud83d\ude42<br><br>35 euros per persona<\/p>\n<\/div>\n<\/div>\n\n\n\n<div style=\"height:19px\" aria-hidden=\"true\" class=\"wp-block-spacer\"><\/div>\n\n\n\n<p class=\"has-text-align-center\">Comen\u00e7a el teu dia de la manera m\u00e9s tranquil\u00b7la possible: a l'aigua, amb la sortida de sol a la Costa Brava.<\/p>\n\n\n\n<p class=\"has-text-align-center\">L'experi\u00e8ncia costa <strong>35 \u20ac per persona<\/strong> i inclou un <strong>guia local<\/strong> i tot l'equipament necessari.<\/p>\n\n\n\n<p class=\"has-text-align-center\">Ens trobem <strong>30 minuts abans de l'alba<\/strong>, quan la platja encara \u00e9s buida i el mar est\u00e0 completament tranquil. Despr\u00e9s d'una breu i f\u00e0cil introducci\u00f3 a la sorra, anem remant junts per veure sortir el sol de l'aigua.<\/p>\n\n\n\n<p class=\"has-text-align-center\">No es requereix experi\u00e8ncia pr\u00e8via.<br>Les nostres taules s\u00f3n grans, estables i lleugeres, fent que l'activitat sigui accessible per a principiants, parelles i fam\u00edlies.<\/p>\n\n\n\n<p class=\"has-text-align-center\">La sessi\u00f3 dura aproximadament una hora a l'aigua. Us donarem petits consells per sentir-vos m\u00e9s c\u00f2modes, per\u00f2 no \u00e9s una classe. Es tracta de gaudir del silenci, dels colors de l'alba i de la sensaci\u00f3 de tenir la costa gaireb\u00e9 per a nosaltres.<\/p>\n\n\n\n<p class=\"has-text-align-center\">Durant l'experi\u00e8ncia, fem fotos perqu\u00e8 puguis guardar el record d'aquest mat\u00ed \u00fanic.<\/p>\n\n\n\n<div class=\"wp-block-buttons wa-sunrise is-content-justification-center is-layout-flex wp-container-core-buttons-is-layout-a89b3969 wp-block-buttons-is-layout-flex\">\n<div class=\"wp-block-button wa-sunrise\"><a class=\"wp-block-button__link wp-element-button\">RESERVA LA TEVA PLA\u00c7A<\/a><\/div>\n<\/div>\n\n\n\n<hr class=\"wp-block-separator has-alpha-channel-opacity\"\/>\n\n\n\n<div class=\"wp-block-group alignwide hostinger-ai-fade-up has-global-padding is-layout-constrained wp-block-group-is-layout-constrained\" data-aos=\"fade-up\" style=\"padding-top:var(--wp--preset--spacing--60);padding-bottom:var(--wp--preset--spacing--60)\">\n<h2 class=\"wp-block-heading has-text-align-center hostinger-ai-title has-dark-color has-text-color has-link-color has-x-large-font-size wp-elements-88956ab6cbd5696e52ddc577673a41e6\" style=\"margin-top:0;margin-right:0;margin-bottom:var(--wp--preset--spacing--20);margin-left:0\">La nostra Galeria<\/h2>\n<\/div>\n\n\n\n<div class=\"wp-block-group hostinger-ai-fade-up has-global-padding is-layout-constrained wp-block-group-is-layout-constrained\" data-aos=\"fade-up\" style=\"margin-top:0;margin-bottom:var(--wp--preset--spacing--60)\">\n<figure class=\"wp-block-gallery has-nested-images columns-default is-cropped wp-block-gallery-1 is-layout-flex wp-block-gallery-is-layout-flex\">\n<figure data-wp-context=\"{&quot;imageId&quot;:&quot;69e0197f0068c&quot;}\" data-wp-interactive=\"core\/image\" data-wp-key=\"69e0197f0068c\" class=\"wp-block-image size-large wp-lightbox-container\"><img loading=\"lazy\" decoding=\"async\" width=\"768\" height=\"1024\" data-wp-class--hide=\"state.isContentHidden\" data-wp-class--show=\"state.isContentVisible\" data-wp-init=\"callbacks.setButtonStyles\" data-wp-on--click=\"actions.showLightbox\" data-wp-on--load=\"callbacks.setButtonStyles\" data-wp-on-window--resize=\"callbacks.setButtonStyles\" data-id=\"426\" src=\"https:\/\/pantaicostabrava.com\/wp-content\/uploads\/2026\/03\/EE404623-12E6-45A8-AA1E-DFDB84A48CAB-768x1024.jpg\" alt=\"primeres-llums-platja-costa-brava-begur\" class=\"wp-image-426\" srcset=\"https:\/\/pantaicostabrava.com\/wp-content\/uploads\/2026\/03\/EE404623-12E6-45A8-AA1E-DFDB84A48CAB-768x1024.jpg 768w, https:\/\/pantaicostabrava.com\/wp-content\/uploads\/2026\/03\/EE404623-12E6-45A8-AA1E-DFDB84A48CAB-225x300.jpg 225w, https:\/\/pantaicostabrava.com\/wp-content\/uploads\/2026\/03\/EE404623-12E6-45A8-AA1E-DFDB84A48CAB-1152x1536.jpg 1152w, https:\/\/pantaicostabrava.com\/wp-content\/uploads\/2026\/03\/EE404623-12E6-45A8-AA1E-DFDB84A48CAB-9x12.jpg 9w, https:\/\/pantaicostabrava.com\/wp-content\/uploads\/2026\/03\/EE404623-12E6-45A8-AA1E-DFDB84A48CAB.jpg 1536w\" sizes=\"auto, (max-width: 768px) 100vw, 768px\" \/><button\n\t\t\tclass=\"lightbox-trigger\"\n\t\t\ttype=\"button\"\n\t\t\taria-haspopup=\"dialog\"\n\t\t\taria-label=\"Amplia\"\n\t\t\tdata-wp-init=\"callbacks.initTriggerButton\"\n\t\t\tdata-wp-on--click=\"actions.showLightbox\"\n\t\t\tdata-wp-style--right=\"state.imageButtonRight\"\n\t\t\tdata-wp-style--top=\"state.imageButtonTop\"\n\t\t>\n\t\t\t<svg xmlns=\"http:\/\/www.w3.org\/2000\/svg\" width=\"12\" height=\"12\" fill=\"none\" viewbox=\"0 0 12 12\">\n\t\t\t\t<path fill=\"#fff\" d=\"M2 0a2 2 0 0 0-2 2v2h1.5V2a.5.5 0 0 1 .5-.5h2V0H2Zm2 10.5H2a.5.5 0 0 1-.5-.5V8H0v2a2 2 0 0 0 2 2h2v-1.5ZM8 12v-1.5h2a.5.5 0 0 0 .5-.5V8H12v2a2 2 0 0 1-2 2H8Zm2-12a2 2 0 0 1 2 2v2h-1.5V2a.5.5 0 0 0-.5-.5H8V0h2Z\" \/>\n\t\t\t<\/svg>\n\t\t<\/button><\/figure>\n\n\n\n<figure data-wp-context=\"{&quot;imageId&quot;:&quot;69e0197f008f7&quot;}\" data-wp-interactive=\"core\/image\" data-wp-key=\"69e0197f008f7\" class=\"wp-block-image size-large wp-lightbox-container\"><img loading=\"lazy\" decoding=\"async\" width=\"1024\" height=\"768\" data-wp-class--hide=\"state.isContentHidden\" data-wp-class--show=\"state.isContentVisible\" data-wp-init=\"callbacks.setButtonStyles\" data-wp-on--click=\"actions.showLightbox\" data-wp-on--load=\"callbacks.setButtonStyles\" data-wp-on-window--resize=\"callbacks.setButtonStyles\" data-id=\"428\" src=\"https:\/\/pantaicostabrava.com\/wp-content\/uploads\/2026\/03\/dji_fly_20250620_063336_0163_1750395286661_photo-1024x768.jpg\" alt=\"\" class=\"wp-image-428\" srcset=\"https:\/\/pantaicostabrava.com\/wp-content\/uploads\/2026\/03\/dji_fly_20250620_063336_0163_1750395286661_photo-1024x768.jpg 1024w, https:\/\/pantaicostabrava.com\/wp-content\/uploads\/2026\/03\/dji_fly_20250620_063336_0163_1750395286661_photo-300x225.jpg 300w, https:\/\/pantaicostabrava.com\/wp-content\/uploads\/2026\/03\/dji_fly_20250620_063336_0163_1750395286661_photo-768x576.jpg 768w, https:\/\/pantaicostabrava.com\/wp-content\/uploads\/2026\/03\/dji_fly_20250620_063336_0163_1750395286661_photo-1536x1152.jpg 1536w, https:\/\/pantaicostabrava.com\/wp-content\/uploads\/2026\/03\/dji_fly_20250620_063336_0163_1750395286661_photo-2048x1536.jpg 2048w, https:\/\/pantaicostabrava.com\/wp-content\/uploads\/2026\/03\/dji_fly_20250620_063336_0163_1750395286661_photo-16x12.jpg 16w\" sizes=\"auto, (max-width: 1024px) 100vw, 1024px\" \/><button\n\t\t\tclass=\"lightbox-trigger\"\n\t\t\ttype=\"button\"\n\t\t\taria-haspopup=\"dialog\"\n\t\t\taria-label=\"Amplia\"\n\t\t\tdata-wp-init=\"callbacks.initTriggerButton\"\n\t\t\tdata-wp-on--click=\"actions.showLightbox\"\n\t\t\tdata-wp-style--right=\"state.imageButtonRight\"\n\t\t\tdata-wp-style--top=\"state.imageButtonTop\"\n\t\t>\n\t\t\t<svg xmlns=\"http:\/\/www.w3.org\/2000\/svg\" width=\"12\" height=\"12\" fill=\"none\" viewbox=\"0 0 12 12\">\n\t\t\t\t<path fill=\"#fff\" d=\"M2 0a2 2 0 0 0-2 2v2h1.5V2a.5.5 0 0 1 .5-.5h2V0H2Zm2 10.5H2a.5.5 0 0 1-.5-.5V8H0v2a2 2 0 0 0 2 2h2v-1.5ZM8 12v-1.5h2a.5.5 0 0 0 .5-.5V8H12v2a2 2 0 0 1-2 2H8Zm2-12a2 2 0 0 1 2 2v2h-1.5V2a.5.5 0 0 0-.5-.5H8V0h2Z\" \/>\n\t\t\t<\/svg>\n\t\t<\/button><\/figure>\n\n\n\n<figure data-wp-context=\"{&quot;imageId&quot;:&quot;69e0197f00b06&quot;}\" data-wp-interactive=\"core\/image\" data-wp-key=\"69e0197f00b06\" class=\"wp-block-image size-large wp-lightbox-container\"><img loading=\"lazy\" decoding=\"async\" width=\"768\" height=\"1024\" data-wp-class--hide=\"state.isContentHidden\" data-wp-class--show=\"state.isContentVisible\" data-wp-init=\"callbacks.setButtonStyles\" data-wp-on--click=\"actions.showLightbox\" data-wp-on--load=\"callbacks.setButtonStyles\" data-wp-on-window--resize=\"callbacks.setButtonStyles\" data-id=\"434\" src=\"https:\/\/pantaicostabrava.com\/wp-content\/uploads\/2026\/03\/IMG_1746-768x1024.jpeg\" alt=\"alba-costa-brava-amanecer-salida-sol-paddlesurf-padelsurf-pantai-begur\" class=\"wp-image-434\" srcset=\"https:\/\/pantaicostabrava.com\/wp-content\/uploads\/2026\/03\/IMG_1746-768x1024.jpeg 768w, https:\/\/pantaicostabrava.com\/wp-content\/uploads\/2026\/03\/IMG_1746-225x300.jpeg 225w, https:\/\/pantaicostabrava.com\/wp-content\/uploads\/2026\/03\/IMG_1746-1152x1536.jpeg 1152w, https:\/\/pantaicostabrava.com\/wp-content\/uploads\/2026\/03\/IMG_1746-9x12.jpeg 9w, https:\/\/pantaicostabrava.com\/wp-content\/uploads\/2026\/03\/IMG_1746.jpeg 1536w\" sizes=\"auto, (max-width: 768px) 100vw, 768px\" \/><button\n\t\t\tclass=\"lightbox-trigger\"\n\t\t\ttype=\"button\"\n\t\t\taria-haspopup=\"dialog\"\n\t\t\taria-label=\"Amplia\"\n\t\t\tdata-wp-init=\"callbacks.initTriggerButton\"\n\t\t\tdata-wp-on--click=\"actions.showLightbox\"\n\t\t\tdata-wp-style--right=\"state.imageButtonRight\"\n\t\t\tdata-wp-style--top=\"state.imageButtonTop\"\n\t\t>\n\t\t\t<svg xmlns=\"http:\/\/www.w3.org\/2000\/svg\" width=\"12\" height=\"12\" fill=\"none\" viewbox=\"0 0 12 12\">\n\t\t\t\t<path fill=\"#fff\" d=\"M2 0a2 2 0 0 0-2 2v2h1.5V2a.5.5 0 0 1 .5-.5h2V0H2Zm2 10.5H2a.5.5 0 0 1-.5-.5V8H0v2a2 2 0 0 0 2 2h2v-1.5ZM8 12v-1.5h2a.5.5 0 0 0 .5-.5V8H12v2a2 2 0 0 1-2 2H8Zm2-12a2 2 0 0 1 2 2v2h-1.5V2a.5.5 0 0 0-.5-.5H8V0h2Z\" \/>\n\t\t\t<\/svg>\n\t\t<\/button><\/figure>\n\n\n\n<figure data-wp-context=\"{&quot;imageId&quot;:&quot;69e0197f00cec&quot;}\" data-wp-interactive=\"core\/image\" data-wp-key=\"69e0197f00cec\" class=\"wp-block-image size-large wp-lightbox-container\"><img loading=\"lazy\" decoding=\"async\" width=\"768\" height=\"1024\" data-wp-class--hide=\"state.isContentHidden\" data-wp-class--show=\"state.isContentVisible\" data-wp-init=\"callbacks.setButtonStyles\" data-wp-on--click=\"actions.showLightbox\" data-wp-on--load=\"callbacks.setButtonStyles\" data-wp-on-window--resize=\"callbacks.setButtonStyles\" data-id=\"436\" src=\"https:\/\/pantaicostabrava.com\/wp-content\/uploads\/2026\/03\/IMG_7975-768x1024.jpeg\" alt=\"alba-costa-brava-amanecer-salida-sol-paddlesurf-padelsurf-pantai-begur\" class=\"wp-image-436\" srcset=\"https:\/\/pantaicostabrava.com\/wp-content\/uploads\/2026\/03\/IMG_7975-768x1024.jpeg 768w, https:\/\/pantaicostabrava.com\/wp-content\/uploads\/2026\/03\/IMG_7975-225x300.jpeg 225w, https:\/\/pantaicostabrava.com\/wp-content\/uploads\/2026\/03\/IMG_7975-1152x1536.jpeg 1152w, https:\/\/pantaicostabrava.com\/wp-content\/uploads\/2026\/03\/IMG_7975-1536x2048.jpeg 1536w, https:\/\/pantaicostabrava.com\/wp-content\/uploads\/2026\/03\/IMG_7975-9x12.jpeg 9w, https:\/\/pantaicostabrava.com\/wp-content\/uploads\/2026\/03\/IMG_7975-scaled.jpeg 1920w\" sizes=\"auto, (max-width: 768px) 100vw, 768px\" \/><button\n\t\t\tclass=\"lightbox-trigger\"\n\t\t\ttype=\"button\"\n\t\t\taria-haspopup=\"dialog\"\n\t\t\taria-label=\"Amplia\"\n\t\t\tdata-wp-init=\"callbacks.initTriggerButton\"\n\t\t\tdata-wp-on--click=\"actions.showLightbox\"\n\t\t\tdata-wp-style--right=\"state.imageButtonRight\"\n\t\t\tdata-wp-style--top=\"state.imageButtonTop\"\n\t\t>\n\t\t\t<svg xmlns=\"http:\/\/www.w3.org\/2000\/svg\" width=\"12\" height=\"12\" fill=\"none\" viewbox=\"0 0 12 12\">\n\t\t\t\t<path fill=\"#fff\" d=\"M2 0a2 2 0 0 0-2 2v2h1.5V2a.5.5 0 0 1 .5-.5h2V0H2Zm2 10.5H2a.5.5 0 0 1-.5-.5V8H0v2a2 2 0 0 0 2 2h2v-1.5ZM8 12v-1.5h2a.5.5 0 0 0 .5-.5V8H12v2a2 2 0 0 1-2 2H8Zm2-12a2 2 0 0 1 2 2v2h-1.5V2a.5.5 0 0 0-.5-.5H8V0h2Z\" \/>\n\t\t\t<\/svg>\n\t\t<\/button><\/figure>\n\n\n\n<figure data-wp-context=\"{&quot;imageId&quot;:&quot;69e0197f00ef7&quot;}\" data-wp-interactive=\"core\/image\" data-wp-key=\"69e0197f00ef7\" class=\"wp-block-image size-large wp-lightbox-container\"><img loading=\"lazy\" decoding=\"async\" width=\"768\" height=\"1024\" data-wp-class--hide=\"state.isContentHidden\" data-wp-class--show=\"state.isContentVisible\" data-wp-init=\"callbacks.setButtonStyles\" data-wp-on--click=\"actions.showLightbox\" data-wp-on--load=\"callbacks.setButtonStyles\" data-wp-on-window--resize=\"callbacks.setButtonStyles\" data-id=\"437\" src=\"https:\/\/pantaicostabrava.com\/wp-content\/uploads\/2026\/03\/IMG_9099-768x1024.jpeg\" alt=\"alba-costa-brava-amanecer-salida-sol-paddlesurf-padelsurf-pantai-begur\" class=\"wp-image-437\" srcset=\"https:\/\/pantaicostabrava.com\/wp-content\/uploads\/2026\/03\/IMG_9099-768x1024.jpeg 768w, https:\/\/pantaicostabrava.com\/wp-content\/uploads\/2026\/03\/IMG_9099-225x300.jpeg 225w, https:\/\/pantaicostabrava.com\/wp-content\/uploads\/2026\/03\/IMG_9099-1152x1536.jpeg 1152w, https:\/\/pantaicostabrava.com\/wp-content\/uploads\/2026\/03\/IMG_9099-1536x2048.jpeg 1536w, https:\/\/pantaicostabrava.com\/wp-content\/uploads\/2026\/03\/IMG_9099-9x12.jpeg 9w, https:\/\/pantaicostabrava.com\/wp-content\/uploads\/2026\/03\/IMG_9099-scaled.jpeg 1920w\" sizes=\"auto, (max-width: 768px) 100vw, 768px\" \/><button\n\t\t\tclass=\"lightbox-trigger\"\n\t\t\ttype=\"button\"\n\t\t\taria-haspopup=\"dialog\"\n\t\t\taria-label=\"Amplia\"\n\t\t\tdata-wp-init=\"callbacks.initTriggerButton\"\n\t\t\tdata-wp-on--click=\"actions.showLightbox\"\n\t\t\tdata-wp-style--right=\"state.imageButtonRight\"\n\t\t\tdata-wp-style--top=\"state.imageButtonTop\"\n\t\t>\n\t\t\t<svg xmlns=\"http:\/\/www.w3.org\/2000\/svg\" width=\"12\" height=\"12\" fill=\"none\" viewbox=\"0 0 12 12\">\n\t\t\t\t<path fill=\"#fff\" d=\"M2 0a2 2 0 0 0-2 2v2h1.5V2a.5.5 0 0 1 .5-.5h2V0H2Zm2 10.5H2a.5.5 0 0 1-.5-.5V8H0v2a2 2 0 0 0 2 2h2v-1.5ZM8 12v-1.5h2a.5.5 0 0 0 .5-.5V8H12v2a2 2 0 0 1-2 2H8Zm2-12a2 2 0 0 1 2 2v2h-1.5V2a.5.5 0 0 0-.5-.5H8V0h2Z\" \/>\n\t\t\t<\/svg>\n\t\t<\/button><\/figure>\n<\/figure>\n<\/div>\n\n\n\n<p class=\"has-text-align-center\"><strong>Grup petit.<br>Mar tranquil\u00b7la.<br>Una manera veritablement especial de viure la Costa Brava.<\/strong><\/p>\n\n\n\n<p class=\"has-text-align-center\">Places limitades.<br>Subjecte a les condicions del mar i del vent per garantir una experi\u00e8ncia inoblidable.<br><br><\/p>\n<\/div>\n\n\n\n<p class=\"has-text-align-center\">Reserva ara la teva experi\u00e8ncia de l'albada.<\/p>\n\n\n\n<div class=\"wp-block-group alignfull hostinger-ai-gallery-5 hostinger-ai-fade-up is-layout-flow wp-block-group-is-layout-flow\" data-aos=\"fade-up\"><\/div>\n\n\n\n<div class=\"wp-block-group alignfull hostinger-ai-solid-block hostinger-ai-fade-up has-color-1-background-color has-background has-global-padding is-layout-constrained wp-block-group-is-layout-constrained\" data-aos=\"fade-up\" style=\"padding-top:var(--wp--preset--spacing--60);padding-bottom:var(--wp--preset--spacing--60)\">\n<div class=\"wp-block-group alignwide hostinger-ai-fade-up is-vertical is-content-justification-center is-nowrap is-layout-flex wp-container-core-group-is-layout-4cc6ee0a wp-block-group-is-layout-flex\" data-aos=\"fade-up\" style=\"min-height:0px;padding-top:0;padding-bottom:0\">\n<div class=\"wp-block-group hostinger-ai-fade-up wp-container-content-69bc4bdf has-global-padding is-content-justification-center is-layout-constrained wp-container-core-group-is-layout-78267832 wp-block-group-is-layout-constrained\" data-aos=\"fade-up\">\n<h2 class=\"wp-block-heading has-text-align-center hostinger-ai-title has-dark-color has-text-color has-link-color has-x-large-font-size wp-elements-c400e1bfbbdcc289e4b8d0f4e1197f20\" style=\"margin-top:0;margin-right:0;margin-bottom:0;margin-left:0\">Vine a disfrutar amb nosaltres<\/h2>\n\n\n\n<p class=\"has-text-align-center hostinger-ai-description has-dark-color has-text-color has-link-color has-medium-font-size wp-elements-a937a2dcfd8fe23b86344880bf32cfe5\" style=\"margin-top:var(--wp--preset--spacing--20);margin-bottom:var(--wp--preset--spacing--50)\"><\/p>\n\n\n\n<div class=\"wp-block-buttons wa-sunrise is-content-justification-center is-layout-flex wp-container-core-buttons-is-layout-a89b3969 wp-block-buttons-is-layout-flex\">\n<div class=\"wp-block-button wa-rentals\"><a class=\"wp-block-button__link has-dark-color has-contrast-background-color has-text-color has-background has-link-color has-border-color has-medium-font-size has-custom-font-size wp-element-button\" style=\"border-color:#0d141a;border-width:1px;border-radius:50px;padding-top:var(--wp--preset--spacing--30);padding-right:var(--wp--preset--spacing--70);padding-bottom:var(--wp--preset--spacing--30);padding-left:var(--wp--preset--spacing--70);box-shadow:none\">RESERVA VIA WHATSAPP<\/a><\/div>\n<\/div>\n<\/div>\n<\/div>\n<\/div>","protected":false},"excerpt":{"rendered":"<p>This is not just a guided activity.It\u2019s the Costa Brava at its most magical moment. We paddle with the first lights of the day, when the sea is completely calm and the coastline belongs only to us.No crowds. No noise. Just the sound of the water and the rising sun. From the water, we see [&hellip;]<\/p>\n","protected":false},"author":1,"featured_media":0,"parent":0,"menu_order":0,"comment_status":"closed","ping_status":"closed","template":"","meta":{"footnotes":""},"class_list":["post-359","page","type-page","status-publish","hentry"],"_hostinger_reach_plugin_has_subscription_block":false,"_hostinger_reach_plugin_is_elementor":false,"_links":{"self":[{"href":"https:\/\/pantaicostabrava.com\/ca\/wp-json\/wp\/v2\/pages\/359","targetHints":{"allow":["GET"]}}],"collection":[{"href":"https:\/\/pantaicostabrava.com\/ca\/wp-json\/wp\/v2\/pages"}],"about":[{"href":"https:\/\/pantaicostabrava.com\/ca\/wp-json\/wp\/v2\/types\/page"}],"author":[{"embeddable":true,"href":"https:\/\/pantaicostabrava.com\/ca\/wp-json\/wp\/v2\/users\/1"}],"replies":[{"embeddable":true,"href":"https:\/\/pantaicostabrava.com\/ca\/wp-json\/wp\/v2\/comments?post=359"}],"version-history":[{"count":13,"href":"https:\/\/pantaicostabrava.com\/ca\/wp-json\/wp\/v2\/pages\/359\/revisions"}],"predecessor-version":[{"id":491,"href":"https:\/\/pantaicostabrava.com\/ca\/wp-json\/wp\/v2\/pages\/359\/revisions\/491"}],"wp:attachment":[{"href":"https:\/\/pantaicostabrava.com\/ca\/wp-json\/wp\/v2\/media?parent=359"}],"curies":[{"name":"wp","href":"https:\/\/api.w.org\/{rel}","templated":true}]}}