{"id":357,"date":"2026-03-03T08:14:12","date_gmt":"2026-03-03T08:14:12","guid":{"rendered":"https:\/\/pantaicostabrava.com\/?page_id=357"},"modified":"2026-03-05T12:21:49","modified_gmt":"2026-03-05T12:21:49","slug":"excursio-en-caiac","status":"publish","type":"page","link":"https:\/\/pantaicostabrava.com\/ca\/kayak-tour\/","title":{"rendered":"TOUR EN CAIAC"},"content":{"rendered":"<div class=\"wp-block-media-text alignwide is-stacked-on-mobile\"><figure class=\"wp-block-media-text__media\"><img loading=\"lazy\" decoding=\"async\" width=\"768\" height=\"1024\" src=\"https:\/\/pantaicostabrava.com\/wp-content\/uploads\/2026\/03\/kayak-768x1024.jpg\" alt=\"Ruta en caiac per la Costa Brava, Begur i la reserva marina de Ses Negres\" class=\"wp-image-367 size-full\" srcset=\"https:\/\/pantaicostabrava.com\/wp-content\/uploads\/2026\/03\/kayak-768x1024.jpg 768w, https:\/\/pantaicostabrava.com\/wp-content\/uploads\/2026\/03\/kayak-225x300.jpg 225w, https:\/\/pantaicostabrava.com\/wp-content\/uploads\/2026\/03\/kayak-1152x1536.jpg 1152w, https:\/\/pantaicostabrava.com\/wp-content\/uploads\/2026\/03\/kayak-9x12.jpg 9w, https:\/\/pantaicostabrava.com\/wp-content\/uploads\/2026\/03\/kayak.jpg 1200w\" sizes=\"auto, (max-width: 768px) 100vw, 768px\" \/><\/figure><div class=\"wp-block-media-text__content\">\n<p>Aix\u00f2 no \u00e9s nom\u00e9s una excursi\u00f3 en caiac.<br>\u00c9s un recorregut per una de les costes m\u00e9s boniques de la Costa Brava.<\/p>\n\n\n\n<p>Remem passant per davant de l'ic\u00f2nic <strong>Illa Roja<\/strong> i continueu cap a <strong>Sa Riera<\/strong>, explorant els penya-segats i racons amagats que nom\u00e9s es poden assolir des del mar.<\/p>\n\n\n\n<p>A mig cam\u00ed de la ruta, parem per nedar i <strong>fer snorkel a la reserva marina de Ses Negres<\/strong>, on un l'aigua \u00e9s n\u00edtida i plena de vida marina.<\/p>\n\n\n\n<p>Una aventura relaxada per descobrir la Costa Brava des de l'aigua.<\/p>\n\n\n\n<div class=\"wp-block-buttons wa-kayak-tour is-content-justification-center is-layout-flex wp-container-core-buttons-is-layout-a89b3969 wp-block-buttons-is-layout-flex\">\n<div class=\"wp-block-button\"><a class=\"wp-block-button__link wp-element-button\">RESERVA LA TEVA PLA\u00c7A<\/a><\/div>\n<\/div>\n<\/div><\/div>\n\n\n\n<div class=\"wp-block-columns alignfull has-light-color has-color-3-background-color has-text-color has-background has-link-color wp-elements-3678feb1cb1613d2c965f32f54a7d7aa is-layout-flex wp-container-core-columns-is-layout-28f84493 wp-block-columns-is-layout-flex\">\n<div class=\"wp-block-column is-layout-flow wp-block-column-is-layout-flow\" style=\"padding-top:var(--wp--preset--spacing--30);padding-bottom:var(--wp--preset--spacing--30)\">\n<h3 class=\"wp-block-heading has-text-align-center\">QU\u00c8 S'INCLOU<\/h3>\n\n\n\n<p class=\"has-text-align-center\">CAIAC I REMS<br>ARMILLA SALVAVIDES<br>INTRODUCCI\u00d3 ABANS DE LA SESSI\u00d3<br>NO ES REQUEREIX EXPERI\u00c8NCIA<\/p>\n\n\n\n<p class=\"has-text-align-center\" style=\"margin-top:0;margin-bottom:0\">2 HORES D'ACTIVITAT<br>PARADA DE SNORKEL<br>BONES FOTOS<br><br>40 EUROS PER PERSONA<\/p>\n<\/div>\n<\/div>\n\n\n\n<p>La nostra <strong>Excursi\u00f3 guiada en caiac<\/strong> segueix un dels trams m\u00e9s bells de la Costa Brava, remant per aig\u00fces cristal\u00b7lines, penya-segats impressionants i racons amagats que nom\u00e9s es poden assolir amb caiac.<\/p>\n\n\n\n<p>Abans de comen\u00e7ar, ens trobem a la platja per a un <strong>briefing a la sorra<\/strong>, on on podr\u00e0s con\u00e8ixer els conceptes b\u00e0sics de rem, les instruccions de seguretat i la ruta que seguirem.<\/p>\n\n\n\n<p>No es requereix experi\u00e8ncia pr\u00e8via en caiac.<br>Les caiacs s\u00f3n estables i f\u00e0cils de maniobrar, fent l'activitat accessible per a principiants, parelles i fam\u00edlies. Hi ha caiacs individuals o dobles (fins a 2 adults + 2 nens petits).<\/p>\n\n\n\n<p>Un cop a l'aigua, remarem cap al sud vorejant la costa, passant per davant de l'emblem\u00e0tica <strong>Illa Roja<\/strong>, continuant cap a <strong>Sa Riera<\/strong>, gaudint de les espectaculars vistes dels penya-segats i petites cales al llarg del cam\u00ed.<\/p>\n\n\n\n<p>A mig cam\u00ed de la ruta ens aturem per fer un bany i <strong>snorkel a la reserva marina de Ses Negres<\/strong>, una zona protegida coneguda per les seves aig\u00fces clares i la seva rica vida marina. Un cop acabem, tornem a la nostra base a la Platja del Rac\u00f3.<\/p>\n\n\n\n<p>L'experi\u00e8ncia dura <strong>al voltant de 2 hores<\/strong>, de <strong>De 10:00 a 12:00<\/strong>, donant-nos temps suficient per remar, explorar la costa i gaudir de l'aigua.<\/p>\n\n\n\n<div class=\"wp-block-buttons wa-kayak-tour is-content-justification-center is-layout-flex wp-container-core-buttons-is-layout-a89b3969 wp-block-buttons-is-layout-flex\">\n<div class=\"wp-block-button wa-kayak-tour\"><a class=\"wp-block-button__link wp-element-button\" rel=\"\">RESERVA LA TEVA VISITA<\/a><\/div>\n<\/div>\n\n\n\n<p>Una aventura relaxada dissenyada per descobrir la bellesa natural de la Costa Brava des del mar.<\/p>\n\n\n\n<div style=\"height:23px\" aria-hidden=\"true\" class=\"wp-block-spacer\"><\/div>\n\n\n\n<figure class=\"wp-block-gallery has-nested-images columns-default is-cropped wp-block-gallery-1 is-layout-flex wp-block-gallery-is-layout-flex\">\n<figure data-wp-context=\"{&quot;imageId&quot;:&quot;69e0198d7833b&quot;}\" data-wp-interactive=\"core\/image\" data-wp-key=\"69e0198d7833b\" class=\"wp-block-image size-large wp-lightbox-container\"><img loading=\"lazy\" decoding=\"async\" width=\"1024\" height=\"683\" data-wp-class--hide=\"state.isContentHidden\" data-wp-class--show=\"state.isContentVisible\" data-wp-init=\"callbacks.setButtonStyles\" data-wp-on--click=\"actions.showLightbox\" data-wp-on--load=\"callbacks.setButtonStyles\" data-wp-on-window--resize=\"callbacks.setButtonStyles\" data-id=\"410\" src=\"https:\/\/pantaicostabrava.com\/wp-content\/uploads\/2026\/03\/IMG_7332-1024x683.jpg\" alt=\"Excursi\u00f3 en caiac Begur Costa Brava\" class=\"wp-image-410\" srcset=\"https:\/\/pantaicostabrava.com\/wp-content\/uploads\/2026\/03\/IMG_7332-1024x683.jpg 1024w, https:\/\/pantaicostabrava.com\/wp-content\/uploads\/2026\/03\/IMG_7332-300x200.jpg 300w, https:\/\/pantaicostabrava.com\/wp-content\/uploads\/2026\/03\/IMG_7332-768x512.jpg 768w, https:\/\/pantaicostabrava.com\/wp-content\/uploads\/2026\/03\/IMG_7332-1536x1024.jpg 1536w, https:\/\/pantaicostabrava.com\/wp-content\/uploads\/2026\/03\/IMG_7332-2048x1365.jpg 2048w, https:\/\/pantaicostabrava.com\/wp-content\/uploads\/2026\/03\/IMG_7332-18x12.jpg 18w\" sizes=\"auto, (max-width: 1024px) 100vw, 1024px\" \/><button\n\t\t\tclass=\"lightbox-trigger\"\n\t\t\ttype=\"button\"\n\t\t\taria-haspopup=\"dialog\"\n\t\t\taria-label=\"Amplia\"\n\t\t\tdata-wp-init=\"callbacks.initTriggerButton\"\n\t\t\tdata-wp-on--click=\"actions.showLightbox\"\n\t\t\tdata-wp-style--right=\"state.imageButtonRight\"\n\t\t\tdata-wp-style--top=\"state.imageButtonTop\"\n\t\t>\n\t\t\t<svg xmlns=\"http:\/\/www.w3.org\/2000\/svg\" width=\"12\" height=\"12\" fill=\"none\" viewbox=\"0 0 12 12\">\n\t\t\t\t<path fill=\"#fff\" d=\"M2 0a2 2 0 0 0-2 2v2h1.5V2a.5.5 0 0 1 .5-.5h2V0H2Zm2 10.5H2a.5.5 0 0 1-.5-.5V8H0v2a2 2 0 0 0 2 2h2v-1.5ZM8 12v-1.5h2a.5.5 0 0 0 .5-.5V8H12v2a2 2 0 0 1-2 2H8Zm2-12a2 2 0 0 1 2 2v2h-1.5V2a.5.5 0 0 0-.5-.5H8V0h2Z\" \/>\n\t\t\t<\/svg>\n\t\t<\/button><\/figure>\n\n\n\n<figure data-wp-context=\"{&quot;imageId&quot;:&quot;69e0198d786aa&quot;}\" data-wp-interactive=\"core\/image\" data-wp-key=\"69e0198d786aa\" class=\"wp-block-image size-large wp-lightbox-container\"><img loading=\"lazy\" decoding=\"async\" width=\"683\" height=\"1024\" data-wp-class--hide=\"state.isContentHidden\" data-wp-class--show=\"state.isContentVisible\" data-wp-init=\"callbacks.setButtonStyles\" data-wp-on--click=\"actions.showLightbox\" data-wp-on--load=\"callbacks.setButtonStyles\" data-wp-on-window--resize=\"callbacks.setButtonStyles\" data-id=\"283\" src=\"https:\/\/pantaicostabrava.com\/wp-content\/uploads\/2026\/02\/WhatsApp-Image-2026-02-27-at-11.23.34-6-683x1024.jpeg\" alt=\"lloga el nostre caiac a la costa brava begur. Pantai lloguer\" class=\"wp-image-283\" srcset=\"https:\/\/pantaicostabrava.com\/wp-content\/uploads\/2026\/02\/WhatsApp-Image-2026-02-27-at-11.23.34-6-683x1024.jpeg 683w, https:\/\/pantaicostabrava.com\/wp-content\/uploads\/2026\/02\/WhatsApp-Image-2026-02-27-at-11.23.34-6-200x300.jpeg 200w, https:\/\/pantaicostabrava.com\/wp-content\/uploads\/2026\/02\/WhatsApp-Image-2026-02-27-at-11.23.34-6-768x1152.jpeg 768w, https:\/\/pantaicostabrava.com\/wp-content\/uploads\/2026\/02\/WhatsApp-Image-2026-02-27-at-11.23.34-6-1024x1536.jpeg 1024w, https:\/\/pantaicostabrava.com\/wp-content\/uploads\/2026\/02\/WhatsApp-Image-2026-02-27-at-11.23.34-6-1365x2048.jpeg 1365w, https:\/\/pantaicostabrava.com\/wp-content\/uploads\/2026\/02\/WhatsApp-Image-2026-02-27-at-11.23.34-6-8x12.jpeg 8w, https:\/\/pantaicostabrava.com\/wp-content\/uploads\/2026\/02\/WhatsApp-Image-2026-02-27-at-11.23.34-6-scaled.jpeg 1707w\" sizes=\"auto, (max-width: 683px) 100vw, 683px\" \/><button\n\t\t\tclass=\"lightbox-trigger\"\n\t\t\ttype=\"button\"\n\t\t\taria-haspopup=\"dialog\"\n\t\t\taria-label=\"Amplia\"\n\t\t\tdata-wp-init=\"callbacks.initTriggerButton\"\n\t\t\tdata-wp-on--click=\"actions.showLightbox\"\n\t\t\tdata-wp-style--right=\"state.imageButtonRight\"\n\t\t\tdata-wp-style--top=\"state.imageButtonTop\"\n\t\t>\n\t\t\t<svg xmlns=\"http:\/\/www.w3.org\/2000\/svg\" width=\"12\" height=\"12\" fill=\"none\" viewbox=\"0 0 12 12\">\n\t\t\t\t<path fill=\"#fff\" d=\"M2 0a2 2 0 0 0-2 2v2h1.5V2a.5.5 0 0 1 .5-.5h2V0H2Zm2 10.5H2a.5.5 0 0 1-.5-.5V8H0v2a2 2 0 0 0 2 2h2v-1.5ZM8 12v-1.5h2a.5.5 0 0 0 .5-.5V8H12v2a2 2 0 0 1-2 2H8Zm2-12a2 2 0 0 1 2 2v2h-1.5V2a.5.5 0 0 0-.5-.5H8V0h2Z\" \/>\n\t\t\t<\/svg>\n\t\t<\/button><\/figure>\n\n\n\n<figure data-wp-context=\"{&quot;imageId&quot;:&quot;69e0198d7899a&quot;}\" data-wp-interactive=\"core\/image\" data-wp-key=\"69e0198d7899a\" class=\"wp-block-image size-large wp-lightbox-container\"><img loading=\"lazy\" decoding=\"async\" width=\"683\" height=\"1024\" data-wp-class--hide=\"state.isContentHidden\" data-wp-class--show=\"state.isContentVisible\" data-wp-init=\"callbacks.setButtonStyles\" data-wp-on--click=\"actions.showLightbox\" data-wp-on--load=\"callbacks.setButtonStyles\" data-wp-on-window--resize=\"callbacks.setButtonStyles\" data-id=\"456\" src=\"https:\/\/pantaicostabrava.com\/wp-content\/uploads\/2026\/03\/IMG_7247-683x1024.jpg\" alt=\"\" class=\"wp-image-456\" srcset=\"https:\/\/pantaicostabrava.com\/wp-content\/uploads\/2026\/03\/IMG_7247-683x1024.jpg 683w, https:\/\/pantaicostabrava.com\/wp-content\/uploads\/2026\/03\/IMG_7247-200x300.jpg 200w, https:\/\/pantaicostabrava.com\/wp-content\/uploads\/2026\/03\/IMG_7247-768x1152.jpg 768w, https:\/\/pantaicostabrava.com\/wp-content\/uploads\/2026\/03\/IMG_7247-1024x1536.jpg 1024w, https:\/\/pantaicostabrava.com\/wp-content\/uploads\/2026\/03\/IMG_7247-1365x2048.jpg 1365w, https:\/\/pantaicostabrava.com\/wp-content\/uploads\/2026\/03\/IMG_7247-8x12.jpg 8w, https:\/\/pantaicostabrava.com\/wp-content\/uploads\/2026\/03\/IMG_7247-scaled.jpg 1707w\" sizes=\"auto, (max-width: 683px) 100vw, 683px\" \/><button\n\t\t\tclass=\"lightbox-trigger\"\n\t\t\ttype=\"button\"\n\t\t\taria-haspopup=\"dialog\"\n\t\t\taria-label=\"Amplia\"\n\t\t\tdata-wp-init=\"callbacks.initTriggerButton\"\n\t\t\tdata-wp-on--click=\"actions.showLightbox\"\n\t\t\tdata-wp-style--right=\"state.imageButtonRight\"\n\t\t\tdata-wp-style--top=\"state.imageButtonTop\"\n\t\t>\n\t\t\t<svg xmlns=\"http:\/\/www.w3.org\/2000\/svg\" width=\"12\" height=\"12\" fill=\"none\" viewbox=\"0 0 12 12\">\n\t\t\t\t<path fill=\"#fff\" d=\"M2 0a2 2 0 0 0-2 2v2h1.5V2a.5.5 0 0 1 .5-.5h2V0H2Zm2 10.5H2a.5.5 0 0 1-.5-.5V8H0v2a2 2 0 0 0 2 2h2v-1.5ZM8 12v-1.5h2a.5.5 0 0 0 .5-.5V8H12v2a2 2 0 0 1-2 2H8Zm2-12a2 2 0 0 1 2 2v2h-1.5V2a.5.5 0 0 0-.5-.5H8V0h2Z\" \/>\n\t\t\t<\/svg>\n\t\t<\/button><\/figure>\n\n\n\n<figure data-wp-context=\"{&quot;imageId&quot;:&quot;69e0198d78c9e&quot;}\" data-wp-interactive=\"core\/image\" data-wp-key=\"69e0198d78c9e\" class=\"wp-block-image size-large wp-lightbox-container\"><img loading=\"lazy\" decoding=\"async\" width=\"768\" height=\"1024\" data-wp-class--hide=\"state.isContentHidden\" data-wp-class--show=\"state.isContentVisible\" data-wp-init=\"callbacks.setButtonStyles\" data-wp-on--click=\"actions.showLightbox\" data-wp-on--load=\"callbacks.setButtonStyles\" data-wp-on-window--resize=\"callbacks.setButtonStyles\" data-id=\"269\" src=\"https:\/\/pantaicostabrava.com\/wp-content\/uploads\/2026\/02\/WhatsApp-Image-2026-02-27-at-11.20.01-768x1024.jpeg\" alt=\"lloguer de caiac a la costa brava begur platja\" class=\"wp-image-269\" srcset=\"https:\/\/pantaicostabrava.com\/wp-content\/uploads\/2026\/02\/WhatsApp-Image-2026-02-27-at-11.20.01-768x1024.jpeg 768w, https:\/\/pantaicostabrava.com\/wp-content\/uploads\/2026\/02\/WhatsApp-Image-2026-02-27-at-11.20.01-225x300.jpeg 225w, https:\/\/pantaicostabrava.com\/wp-content\/uploads\/2026\/02\/WhatsApp-Image-2026-02-27-at-11.20.01-1152x1536.jpeg 1152w, https:\/\/pantaicostabrava.com\/wp-content\/uploads\/2026\/02\/WhatsApp-Image-2026-02-27-at-11.20.01-1536x2048.jpeg 1536w, https:\/\/pantaicostabrava.com\/wp-content\/uploads\/2026\/02\/WhatsApp-Image-2026-02-27-at-11.20.01-9x12.jpeg 9w, https:\/\/pantaicostabrava.com\/wp-content\/uploads\/2026\/02\/WhatsApp-Image-2026-02-27-at-11.20.01-scaled.jpeg 1920w\" sizes=\"auto, (max-width: 768px) 100vw, 768px\" \/><button\n\t\t\tclass=\"lightbox-trigger\"\n\t\t\ttype=\"button\"\n\t\t\taria-haspopup=\"dialog\"\n\t\t\taria-label=\"Amplia\"\n\t\t\tdata-wp-init=\"callbacks.initTriggerButton\"\n\t\t\tdata-wp-on--click=\"actions.showLightbox\"\n\t\t\tdata-wp-style--right=\"state.imageButtonRight\"\n\t\t\tdata-wp-style--top=\"state.imageButtonTop\"\n\t\t>\n\t\t\t<svg xmlns=\"http:\/\/www.w3.org\/2000\/svg\" width=\"12\" height=\"12\" fill=\"none\" viewbox=\"0 0 12 12\">\n\t\t\t\t<path fill=\"#fff\" d=\"M2 0a2 2 0 0 0-2 2v2h1.5V2a.5.5 0 0 1 .5-.5h2V0H2Zm2 10.5H2a.5.5 0 0 1-.5-.5V8H0v2a2 2 0 0 0 2 2h2v-1.5ZM8 12v-1.5h2a.5.5 0 0 0 .5-.5V8H12v2a2 2 0 0 1-2 2H8Zm2-12a2 2 0 0 1 2 2v2h-1.5V2a.5.5 0 0 0-.5-.5H8V0h2Z\" \/>\n\t\t\t<\/svg>\n\t\t<\/button><\/figure>\n\n\n\n<figure data-wp-context=\"{&quot;imageId&quot;:&quot;69e0198d78f97&quot;}\" data-wp-interactive=\"core\/image\" data-wp-key=\"69e0198d78f97\" class=\"wp-block-image size-large wp-lightbox-container\"><img loading=\"lazy\" decoding=\"async\" width=\"768\" height=\"1024\" data-wp-class--hide=\"state.isContentHidden\" data-wp-class--show=\"state.isContentVisible\" data-wp-init=\"callbacks.setButtonStyles\" data-wp-on--click=\"actions.showLightbox\" data-wp-on--load=\"callbacks.setButtonStyles\" data-wp-on-window--resize=\"callbacks.setButtonStyles\" data-id=\"241\" src=\"https:\/\/pantaicostabrava.com\/wp-content\/uploads\/2026\/02\/IMG_3502-2-768x1024.jpg\" alt=\"tour de kayak reserva marina de ses negres begur costa brava platja\" class=\"wp-image-241\" srcset=\"https:\/\/pantaicostabrava.com\/wp-content\/uploads\/2026\/02\/IMG_3502-2-768x1024.jpg 768w, https:\/\/pantaicostabrava.com\/wp-content\/uploads\/2026\/02\/IMG_3502-2-225x300.jpg 225w, https:\/\/pantaicostabrava.com\/wp-content\/uploads\/2026\/02\/IMG_3502-2-1152x1536.jpg 1152w, https:\/\/pantaicostabrava.com\/wp-content\/uploads\/2026\/02\/IMG_3502-2-1536x2048.jpg 1536w, https:\/\/pantaicostabrava.com\/wp-content\/uploads\/2026\/02\/IMG_3502-2-9x12.jpg 9w, https:\/\/pantaicostabrava.com\/wp-content\/uploads\/2026\/02\/IMG_3502-2-scaled.jpg 1920w\" sizes=\"auto, (max-width: 768px) 100vw, 768px\" \/><button\n\t\t\tclass=\"lightbox-trigger\"\n\t\t\ttype=\"button\"\n\t\t\taria-haspopup=\"dialog\"\n\t\t\taria-label=\"Amplia\"\n\t\t\tdata-wp-init=\"callbacks.initTriggerButton\"\n\t\t\tdata-wp-on--click=\"actions.showLightbox\"\n\t\t\tdata-wp-style--right=\"state.imageButtonRight\"\n\t\t\tdata-wp-style--top=\"state.imageButtonTop\"\n\t\t>\n\t\t\t<svg xmlns=\"http:\/\/www.w3.org\/2000\/svg\" width=\"12\" height=\"12\" fill=\"none\" viewbox=\"0 0 12 12\">\n\t\t\t\t<path fill=\"#fff\" d=\"M2 0a2 2 0 0 0-2 2v2h1.5V2a.5.5 0 0 1 .5-.5h2V0H2Zm2 10.5H2a.5.5 0 0 1-.5-.5V8H0v2a2 2 0 0 0 2 2h2v-1.5ZM8 12v-1.5h2a.5.5 0 0 0 .5-.5V8H12v2a2 2 0 0 1-2 2H8Zm2-12a2 2 0 0 1 2 2v2h-1.5V2a.5.5 0 0 0-.5-.5H8V0h2Z\" \/>\n\t\t\t<\/svg>\n\t\t<\/button><\/figure>\n<\/figure>\n\n\n\n<p class=\"has-text-align-center\">Grups petits.<br>Aigua cristal\u00b7lina.<br>Una experi\u00e8ncia costanera \u00fanica.<br><br><br>40 euros per persona<\/p>\n\n\n\n<div class=\"wp-block-buttons wa-kayak-tour is-content-justification-center is-layout-flex wp-container-core-buttons-is-layout-a89b3969 wp-block-buttons-is-layout-flex\">\n<div class=\"wp-block-button wa-kayak-tour\"><a class=\"wp-block-button__link has-dark-color has-contrast-background-color has-text-color has-background has-link-color has-border-color has-medium-font-size has-custom-font-size wp-element-button\" style=\"border-color:#0d141a;border-width:1px;border-radius:50px;padding-top:var(--wp--preset--spacing--30);padding-right:var(--wp--preset--spacing--70);padding-bottom:var(--wp--preset--spacing--30);padding-left:var(--wp--preset--spacing--70);box-shadow:none\">RESERVA LA TEVA EXCURSI\u00d3 EN KAYAK<\/a><\/div>\n<\/div>","protected":false},"excerpt":{"rendered":"<p>WHAT&#8217;S INCLUDED KAYAK AND PADDLESLIFE VESTSHORT BRIEFING BEFORE START THE SESSIONNO EXPERIENCE REQUIRED 2 HOURS ACTIVITYSNORKEL STOPGOOD PHOTOS 40 EUROS PER PERSON Our guided kayak tour follows one of the most beautiful stretches of the Costa Brava, paddling along crystal-clear waters, dramatic cliffs and hidden corners that can only be reached by kayak. Before starting, [&hellip;]<\/p>\n","protected":false},"author":1,"featured_media":0,"parent":0,"menu_order":0,"comment_status":"closed","ping_status":"closed","template":"","meta":{"footnotes":""},"class_list":["post-357","page","type-page","status-publish","hentry"],"_hostinger_reach_plugin_has_subscription_block":false,"_hostinger_reach_plugin_is_elementor":false,"_links":{"self":[{"href":"https:\/\/pantaicostabrava.com\/ca\/wp-json\/wp\/v2\/pages\/357","targetHints":{"allow":["GET"]}}],"collection":[{"href":"https:\/\/pantaicostabrava.com\/ca\/wp-json\/wp\/v2\/pages"}],"about":[{"href":"https:\/\/pantaicostabrava.com\/ca\/wp-json\/wp\/v2\/types\/page"}],"author":[{"embeddable":true,"href":"https:\/\/pantaicostabrava.com\/ca\/wp-json\/wp\/v2\/users\/1"}],"replies":[{"embeddable":true,"href":"https:\/\/pantaicostabrava.com\/ca\/wp-json\/wp\/v2\/comments?post=357"}],"version-history":[{"count":16,"href":"https:\/\/pantaicostabrava.com\/ca\/wp-json\/wp\/v2\/pages\/357\/revisions"}],"predecessor-version":[{"id":492,"href":"https:\/\/pantaicostabrava.com\/ca\/wp-json\/wp\/v2\/pages\/357\/revisions\/492"}],"wp:attachment":[{"href":"https:\/\/pantaicostabrava.com\/ca\/wp-json\/wp\/v2\/media?parent=357"}],"curies":[{"name":"wp","href":"https:\/\/api.w.org\/{rel}","templated":true}]}}